{"id":18632,"date":"2023-12-28T14:49:39","date_gmt":"2023-12-28T17:49:39","guid":{"rendered":"https:\/\/curriculo.sedu.es.gov.br\/curriculo\/?page_id=18632"},"modified":"2026-01-28T14:55:18","modified_gmt":"2026-01-28T17:55:18","slug":"guiadeoportunidades","status":"publish","type":"page","link":"https:\/\/curriculo.sedu.es.gov.br\/curriculo\/guiadeoportunidades\/","title":{"rendered":"Guia de Oportunidades para o Estudante do Ensino M\u00e9dio Capixaba"},"content":{"rendered":"\t\t<div data-elementor-type=\"wp-page\" data-elementor-id=\"18632\" class=\"elementor elementor-18632\" data-elementor-post-type=\"page\">\n\t\t\t\t<div class=\"elementor-element elementor-element-5967095a e-flex e-con-boxed e-con e-parent\" data-id=\"5967095a\" data-element_type=\"container\" data-e-type=\"container\" data-settings=\"{&quot;background_background&quot;:&quot;classic&quot;}\">\n\t\t\t\t\t<div class=\"e-con-inner\">\n\t\t<div class=\"elementor-element elementor-element-20e59004 e-con-full e-flex e-con e-child\" data-id=\"20e59004\" data-element_type=\"container\" data-e-type=\"container\">\n\t\t\t\t<div class=\"elementor-element elementor-element-13951720 elementor-widget elementor-widget-image\" data-id=\"13951720\" data-element_type=\"widget\" data-e-type=\"widget\" data-widget_type=\"image.default\">\n\t\t\t\t\t\t\t\t\t\t\t\t\t\t\t<img fetchpriority=\"high\" decoding=\"async\" width=\"2696\" height=\"158\" src=\"https:\/\/curriculo.sedu.es.gov.br\/curriculo\/wp-content\/uploads\/2024\/09\/GUIA-OPORTUNIDADES.png\" class=\"attachment-full size-full wp-image-25321\" alt=\"\" srcset=\"https:\/\/curriculo.sedu.es.gov.br\/curriculo\/wp-content\/uploads\/2024\/09\/GUIA-OPORTUNIDADES.png 2696w, https:\/\/curriculo.sedu.es.gov.br\/curriculo\/wp-content\/uploads\/2024\/09\/GUIA-OPORTUNIDADES-300x18.png 300w, https:\/\/curriculo.sedu.es.gov.br\/curriculo\/wp-content\/uploads\/2024\/09\/GUIA-OPORTUNIDADES-1024x60.png 1024w, https:\/\/curriculo.sedu.es.gov.br\/curriculo\/wp-content\/uploads\/2024\/09\/GUIA-OPORTUNIDADES-768x45.png 768w, https:\/\/curriculo.sedu.es.gov.br\/curriculo\/wp-content\/uploads\/2024\/09\/GUIA-OPORTUNIDADES-1536x90.png 1536w, https:\/\/curriculo.sedu.es.gov.br\/curriculo\/wp-content\/uploads\/2024\/09\/GUIA-OPORTUNIDADES-2048x120.png 2048w, https:\/\/curriculo.sedu.es.gov.br\/curriculo\/wp-content\/uploads\/2024\/09\/GUIA-OPORTUNIDADES-500x29.png 500w, https:\/\/curriculo.sedu.es.gov.br\/curriculo\/wp-content\/uploads\/2024\/09\/GUIA-OPORTUNIDADES-800x47.png 800w, https:\/\/curriculo.sedu.es.gov.br\/curriculo\/wp-content\/uploads\/2024\/09\/GUIA-OPORTUNIDADES-1280x75.png 1280w, https:\/\/curriculo.sedu.es.gov.br\/curriculo\/wp-content\/uploads\/2024\/09\/GUIA-OPORTUNIDADES-1920x113.png 1920w\" sizes=\"(max-width: 2696px) 100vw, 2696px\" \/>\t\t\t\t\t\t\t\t\t\t\t\t\t\t\t<\/div>\n\t\t<div class=\"elementor-element elementor-element-316c9b7e e-con-full e-flex e-con e-child\" data-id=\"316c9b7e\" data-element_type=\"container\" data-e-type=\"container\">\n\t\t\t\t<div class=\"elementor-element elementor-element-6b774c13 elementor-widget elementor-widget-text-editor\" data-id=\"6b774c13\" data-element_type=\"widget\" data-e-type=\"widget\" data-widget_type=\"text-editor.default\">\n\t\t\t\t\t\t\t\t\t<p class=\"texto-justificado\">A Secretaria de Estado da Educa\u00e7\u00e3o \u2013 Sedu, por meio da Ger\u00eancia de Ensino M\u00e9dio, desenvolveu o \u201cGuia de Oportunidades para o Estudante do Ensino M\u00e9dio Capixaba\u201d. Esse guia oferece informa\u00e7\u00f5es sobre diversas oportunidades proporcionadas n\u00e3o apenas pela Sedu, mas tamb\u00e9m por outras institui\u00e7\u00f5es, permitindo que o estudante explore interesses e desenvolva habilidades.<\/p><p class=\"texto-justificado\">O material re\u00fane informa\u00e7\u00f5es sobre uma variedade de oportunidades, como: Programa de Est\u00e1gio da Sedu, Centro Estadual de Idiomas (CEI), Interc\u00e2mbio Jovens Embaixadores, Pr\u00e9-Enem, Plataforma de Corre\u00e7\u00e3o de Reda\u00e7\u00e3o por IA, Jogos Na Rede, Programa Qualificar ES , Plataformas de cursos online gratuitos em Libras, Eventos Estudantis: olimp\u00edadas, feiras e mostras, a\u00e7\u00f5es nas \u00e1reas da cultura e esportes, al\u00e9m de diversas informa\u00e7\u00f5es sobre o ingresso no ensino superior e oportunidades de desenvolvimento acad\u00eamico e profissional.<\/p><p class=\"texto-justificado\">O Guia sintetiza as principais informa\u00e7\u00f5es sobre essas oportunidades, al\u00e9m de disponibilizar links e Qr Codes que redirecionam o estudante a sites com o detalhamento de cada a\u00e7\u00e3o apresentada. Dessa forma, o material proporciona uma vis\u00e3o abrangente e facilitando a constru\u00e7\u00e3o e consolida\u00e7\u00e3o dos Projetos de Vida dos estudantes.<\/p><p class=\"texto-justificado\">O recurso est\u00e1 dispon\u00edvel em formato PDF com links interativos, podendo tamb\u00e9m ser impresso e disponibilizado aos estudantes.<\/p><p class=\"texto-justificado\">A Secretaria de Educa\u00e7\u00e3o do Esp\u00edrito Santo espera que o \u201cGuia de Oportunidades Para o Estudante do Ensino M\u00e9dio Capixaba\u201d seja uma ferramenta \u00fatil e informativa e que contribua para o desenvolvimento educacional e profissional de todos.<\/p><p>Acesse o \u201cGuia de Oportunidades Para o Estudante do Ensino M\u00e9dio Capixaba\u201d agora e saiba mais sobre as possibilidades que est\u00e3o esperando por voc\u00ea!<\/p>\t\t\t\t\t\t\t\t<\/div>\n\t\t<div class=\"elementor-element elementor-element-b4d85d1 e-con-full e-flex e-con e-child\" data-id=\"b4d85d1\" data-element_type=\"container\" data-e-type=\"container\">\n\t\t<div class=\"elementor-element elementor-element-4ba98ca3 e-grid e-con-full e-con e-child\" data-id=\"4ba98ca3\" data-element_type=\"container\" data-e-type=\"container\">\n\t\t\t\t<div class=\"elementor-element elementor-element-a31adc elementor-widget elementor-widget-image\" data-id=\"a31adc\" data-element_type=\"widget\" data-e-type=\"widget\" data-widget_type=\"image.default\">\n\t\t\t\t\t\t\t\t\t\t\t\t<figure class=\"wp-caption\">\n\t\t\t\t\t\t\t\t\t\t\t<a href=\"https:\/\/curriculo.sedu.es.gov.br\/curriculo\/wp-content\/uploads\/2026\/01\/Guia-de-Oportunidades-para-o-Estudante-do-Ensino-Medio-Capixaba-2026.pdf\" target=\"_blank\">\n\t\t\t\t\t\t\t<img decoding=\"async\" width=\"640\" height=\"900\" src=\"https:\/\/curriculo.sedu.es.gov.br\/curriculo\/wp-content\/uploads\/2026\/01\/GUIA-OPORTUNIDADES-2026.png\" class=\"attachment-full size-full wp-image-33602\" alt=\"\" srcset=\"https:\/\/curriculo.sedu.es.gov.br\/curriculo\/wp-content\/uploads\/2026\/01\/GUIA-OPORTUNIDADES-2026.png 640w, https:\/\/curriculo.sedu.es.gov.br\/curriculo\/wp-content\/uploads\/2026\/01\/GUIA-OPORTUNIDADES-2026-213x300.png 213w\" sizes=\"(max-width: 640px) 100vw, 640px\" \/>\t\t\t\t\t\t\t\t<\/a>\n\t\t\t\t\t\t\t\t\t\t\t<figcaption class=\"widget-image-caption wp-caption-text\">GUIA DE OPORTUNIDADES  2026<\/figcaption>\n\t\t\t\t\t\t\t\t\t\t<\/figure>\n\t\t\t\t\t\t\t\t\t<\/div>\n\t\t\t\t<\/div>\n\t\t\t\t<\/div>\n\t\t\t\t<\/div>\n\t\t\t\t<\/div>\n\t\t\t\t\t<\/div>\n\t\t\t\t<\/div>\n\t\t<div class=\"elementor-element elementor-element-24e222b1 e-flex e-con-boxed e-con e-parent\" data-id=\"24e222b1\" data-element_type=\"container\" data-e-type=\"container\">\n\t\t\t\t\t<div class=\"e-con-inner\">\n\t\t\t\t<div class=\"elementor-element elementor-element-5a7ce07 elementor-view-stacked elementor-shape-circle elementor-widget elementor-widget-icon\" data-id=\"5a7ce07\" data-element_type=\"widget\" data-e-type=\"widget\" data-widget_type=\"icon.default\">\n\t\t\t\t\t\t\t<div class=\"elementor-icon-wrapper\">\n\t\t\t<a class=\"elementor-icon\" href=\"https:\/\/curriculo.sedu.es.gov.br\/curriculo\">\n\t\t\t<svg aria-hidden=\"true\" class=\"e-font-icon-svg e-fas-undo\" viewBox=\"0 0 512 512\" xmlns=\"http:\/\/www.w3.org\/2000\/svg\"><path d=\"M212.333 224.333H12c-6.627 0-12-5.373-12-12V12C0 5.373 5.373 0 12 0h48c6.627 0 12 5.373 12 12v78.112C117.773 39.279 184.26 7.47 258.175 8.007c136.906.994 246.448 111.623 246.157 248.532C504.041 393.258 393.12 504 256.333 504c-64.089 0-122.496-24.313-166.51-64.215-5.099-4.622-5.334-12.554-.467-17.42l33.967-33.967c4.474-4.474 11.662-4.717 16.401-.525C170.76 415.336 211.58 432 256.333 432c97.268 0 176-78.716 176-176 0-97.267-78.716-176-176-176-58.496 0-110.28 28.476-142.274 72.333h98.274c6.627 0 12 5.373 12 12v48c0 6.627-5.373 12-12 12z\"><\/path><\/svg>\t\t\t<\/a>\n\t\t<\/div>\n\t\t\t\t\t\t<\/div>\n\t\t\t\t\t<\/div>\n\t\t\t\t<\/div>\n\t\t<div class=\"elementor-element elementor-element-0252ee9 e-flex e-con-boxed e-con e-parent\" data-id=\"0252ee9\" data-element_type=\"container\" data-e-type=\"container\">\n\t\t\t\t\t<div class=\"e-con-inner\">\n\t\t\t\t\t<\/div>\n\t\t\t\t<\/div>\n\t\t<div class=\"elementor-element elementor-element-f0638ff e-flex e-con-boxed e-con e-parent\" data-id=\"f0638ff\" data-element_type=\"container\" data-e-type=\"container\">\n\t\t\t\t\t<div class=\"e-con-inner\">\n\t\t\t\t<div class=\"elementor-element elementor-element-04a0bf5 elementor-widget elementor-widget-html\" data-id=\"04a0bf5\" data-element_type=\"widget\" data-e-type=\"widget\" data-widget_type=\"html.default\">\n\t\t\t\t\t<body> <!-- Inicio do corpo da p\u00e1gina -->\r\n\r\n  ... <!-- Conte\u00fado da p\u00e1gina -->\r\n\r\n  <div vw class=\"enabled\">\r\n    <div vw-access-button class=\"active\"><\/div>\r\n    <div vw-plugin-wrapper>\r\n      <div class=\"vw-plugin-top-wrapper\"><\/div>\r\n    <\/div>\r\n  <\/div>\r\n  <script src=\"https:\/\/vlibras.gov.br\/app\/vlibras-plugin.js\"><\/script>\r\n  <script>\r\n    new window.VLibras.Widget('https:\/\/vlibras.gov.br\/app');\r\n  <\/script>\r\n<\/body> <!-- Fim do corpo da p\u00e1gina -->\t\t\t\t<\/div>\n\t\t\t\t\t<\/div>\n\t\t\t\t<\/div>\n\t\t\t\t<\/div>\n\t\t","protected":false},"excerpt":{"rendered":"<p>A Secretaria de Estado da Educa\u00e7\u00e3o \u2013 Sedu, por meio da Ger\u00eancia de Ensino M\u00e9dio, desenvolveu o \u201cGuia de Oportunidades para o Estudante do Ensino M\u00e9dio Capixaba\u201d. Esse guia oferece informa\u00e7\u00f5es sobre diversas oportunidades proporcionadas n\u00e3o apenas pela Sedu, mas tamb\u00e9m por outras institui\u00e7\u00f5es, permitindo que o estudante explore interesses e desenvolva habilidades.<\/p>\n<p>O material re\u00fane informa\u00e7\u00f5es sobre uma variedade de oportunidades, como: Programa de Est\u00e1gio da Sedu, Centro Estadual de Idiomas (CEI), Interc\u00e2mbio Jovens Embaixadores, Pr\u00e9-Enem, Plataforma de Corre\u00e7\u00e3o de Reda\u00e7\u00e3o por IA, Jogos Na Rede, Programa Qualificar ES , Plataformas de cursos online gratuitos em Libras, Eventos Estudantis: olimp\u00edadas, feiras e mostras, a\u00e7\u00f5es nas \u00e1reas da cultura e esportes, al\u00e9m de diversas informa\u00e7\u00f5es sobre o ingresso no ensino superior e oportunidades de desenvolvimento acad\u00eamico e profissional.<\/p>\n<p>O Guia sintetiza as principais informa\u00e7\u00f5es sobre essas oportunidades, al\u00e9m de disponibilizar links e Qr Codes que redirecionam o estudante a sites com o detalhamento de cada a\u00e7\u00e3o apresentada. Dessa forma, o material proporciona uma vis\u00e3o abrangente e facilitando a constru\u00e7\u00e3o e consolida\u00e7\u00e3o dos Projetos de Vida dos estudantes.<\/p>\n<p>O recurso est\u00e1 dispon\u00edvel em formato PDF com links interativos, podendo tamb\u00e9m ser impresso e disponibilizado aos estudantes.<\/p>\n<p>A Secretaria de Educa\u00e7\u00e3o do Esp\u00edrito Santo espera que o \u201cGuia de Oportunidades Para o Estudante do Ensino M\u00e9dio Capixaba\u201d seja uma ferramenta \u00fatil e informativa e que contribua para o desenvolvimento educacional e profissional de todos.<\/p>\n<p>Acesse o \u201cGuia de Oportunidades Para o Estudante do Ensino M\u00e9dio Capixaba\u201d agora e saiba mais sobre as possibilidades que est\u00e3o esperando por voc\u00ea!<\/p>\n","protected":false},"author":1,"featured_media":23426,"parent":0,"menu_order":0,"comment_status":"open","ping_status":"closed","template":"elementor_header_footer","meta":{"footnotes":""},"class_list":["post-18632","page","type-page","status-publish","has-post-thumbnail","hentry"],"_links":{"self":[{"href":"https:\/\/curriculo.sedu.es.gov.br\/curriculo\/wp-json\/wp\/v2\/pages\/18632","targetHints":{"allow":["GET"]}}],"collection":[{"href":"https:\/\/curriculo.sedu.es.gov.br\/curriculo\/wp-json\/wp\/v2\/pages"}],"about":[{"href":"https:\/\/curriculo.sedu.es.gov.br\/curriculo\/wp-json\/wp\/v2\/types\/page"}],"author":[{"embeddable":true,"href":"https:\/\/curriculo.sedu.es.gov.br\/curriculo\/wp-json\/wp\/v2\/users\/1"}],"replies":[{"embeddable":true,"href":"https:\/\/curriculo.sedu.es.gov.br\/curriculo\/wp-json\/wp\/v2\/comments?post=18632"}],"version-history":[{"count":15,"href":"https:\/\/curriculo.sedu.es.gov.br\/curriculo\/wp-json\/wp\/v2\/pages\/18632\/revisions"}],"predecessor-version":[{"id":33622,"href":"https:\/\/curriculo.sedu.es.gov.br\/curriculo\/wp-json\/wp\/v2\/pages\/18632\/revisions\/33622"}],"wp:featuredmedia":[{"embeddable":true,"href":"https:\/\/curriculo.sedu.es.gov.br\/curriculo\/wp-json\/wp\/v2\/media\/23426"}],"wp:attachment":[{"href":"https:\/\/curriculo.sedu.es.gov.br\/curriculo\/wp-json\/wp\/v2\/media?parent=18632"}],"curies":[{"name":"wp","href":"https:\/\/api.w.org\/{rel}","templated":true}]}}