{"id":20839,"date":"2024-04-16T16:30:05","date_gmt":"2024-04-16T19:30:05","guid":{"rendered":"https:\/\/curriculo.sedu.es.gov.br\/curriculo\/?page_id=20839"},"modified":"2025-11-26T14:23:07","modified_gmt":"2025-11-26T17:23:07","slug":"curriculo-2018","status":"publish","type":"page","link":"https:\/\/curriculo.sedu.es.gov.br\/curriculo\/curriculo-2018\/","title":{"rendered":"Curr\u00edculo 2018"},"content":{"rendered":"\t\t<div data-elementor-type=\"wp-page\" data-elementor-id=\"20839\" class=\"elementor elementor-20839\" data-elementor-post-type=\"page\">\n\t\t\t\t<div class=\"elementor-element elementor-element-16fc6c8d e-flex e-con-boxed e-con e-parent\" data-id=\"16fc6c8d\" data-element_type=\"container\" data-e-type=\"container\" data-settings=\"{&quot;background_background&quot;:&quot;classic&quot;}\">\n\t\t\t\t\t<div class=\"e-con-inner\">\n\t\t<div class=\"elementor-element elementor-element-1204c811 e-con-full e-flex e-con e-child\" data-id=\"1204c811\" data-element_type=\"container\" data-e-type=\"container\">\n\t\t\t\t<div class=\"elementor-element elementor-element-679fe529 elementor-widget elementor-widget-image\" data-id=\"679fe529\" data-element_type=\"widget\" data-e-type=\"widget\" data-widget_type=\"image.default\">\n\t\t\t\t\t\t\t\t\t\t\t\t\t\t\t<img fetchpriority=\"high\" decoding=\"async\" width=\"2696\" height=\"158\" src=\"https:\/\/curriculo.sedu.es.gov.br\/curriculo\/wp-content\/uploads\/2024\/09\/CURRICULO-2018-1.png\" class=\"attachment-full size-full wp-image-25715\" alt=\"\" srcset=\"https:\/\/curriculo.sedu.es.gov.br\/curriculo\/wp-content\/uploads\/2024\/09\/CURRICULO-2018-1.png 2696w, https:\/\/curriculo.sedu.es.gov.br\/curriculo\/wp-content\/uploads\/2024\/09\/CURRICULO-2018-1-300x18.png 300w, https:\/\/curriculo.sedu.es.gov.br\/curriculo\/wp-content\/uploads\/2024\/09\/CURRICULO-2018-1-1024x60.png 1024w, https:\/\/curriculo.sedu.es.gov.br\/curriculo\/wp-content\/uploads\/2024\/09\/CURRICULO-2018-1-768x45.png 768w, https:\/\/curriculo.sedu.es.gov.br\/curriculo\/wp-content\/uploads\/2024\/09\/CURRICULO-2018-1-1536x90.png 1536w, https:\/\/curriculo.sedu.es.gov.br\/curriculo\/wp-content\/uploads\/2024\/09\/CURRICULO-2018-1-2048x120.png 2048w, https:\/\/curriculo.sedu.es.gov.br\/curriculo\/wp-content\/uploads\/2024\/09\/CURRICULO-2018-1-500x29.png 500w, https:\/\/curriculo.sedu.es.gov.br\/curriculo\/wp-content\/uploads\/2024\/09\/CURRICULO-2018-1-800x47.png 800w, https:\/\/curriculo.sedu.es.gov.br\/curriculo\/wp-content\/uploads\/2024\/09\/CURRICULO-2018-1-1280x75.png 1280w, https:\/\/curriculo.sedu.es.gov.br\/curriculo\/wp-content\/uploads\/2024\/09\/CURRICULO-2018-1-1920x113.png 1920w\" sizes=\"(max-width: 2696px) 100vw, 2696px\" \/>\t\t\t\t\t\t\t\t\t\t\t\t\t\t\t<\/div>\n\t\t<div class=\"elementor-element elementor-element-2a1487e e-con-full e-flex e-con e-child\" data-id=\"2a1487e\" data-element_type=\"container\" data-e-type=\"container\">\n\t\t\t\t<div class=\"elementor-element elementor-element-2207f4ae elementor-widget elementor-widget-text-editor\" data-id=\"2207f4ae\" data-element_type=\"widget\" data-e-type=\"widget\" data-widget_type=\"text-editor.default\">\n\t\t\t\t\t\t\t\t\t<p class=\"texto-justificado has-medium-font-size\">O Curr\u00edculo do Esp\u00edrito Santo, elaborado a partir dos princ\u00edpios e premissas da Base Nacional Comum Curricular (BNCC), teve o seu in\u00edcio de implementa\u00e7\u00e3o no ano de 2018 e est\u00e1 organizado em 6 volumes:<br \/>1 volume referente \u00e0 Educa\u00e7\u00e3o Infantil; 5 volumes referentes ao Ensino Fundamental Anos Iniciais e Ensino Fundamental Anos Finais, por \u00e1rea de conhecimento (Ci\u00eancias Humanas, Ci\u00eancias da Natureza, Ensino Religioso, Linguagens e Matem\u00e1tica).<\/p>\t\t\t\t\t\t\t\t<\/div>\n\t\t\t\t<\/div>\n\t\t\t\t<\/div>\n\t\t\t\t\t<\/div>\n\t\t\t\t<\/div>\n\t\t<div class=\"elementor-element elementor-element-54be270d e-flex e-con-boxed e-con e-parent\" data-id=\"54be270d\" data-element_type=\"container\" data-e-type=\"container\">\n\t\t\t\t\t<div class=\"e-con-inner\">\n\t\t<div class=\"elementor-element elementor-element-33f3828 e-con-full e-flex e-con e-child\" data-id=\"33f3828\" data-element_type=\"container\" data-e-type=\"container\">\n\t\t<div class=\"elementor-element elementor-element-15ff96f e-grid e-con-full e-con e-child\" data-id=\"15ff96f\" data-element_type=\"container\" data-e-type=\"container\">\n\t\t\t\t<div class=\"elementor-element elementor-element-1cb3425 elementor-align-center elementor-widget elementor-widget-button\" data-id=\"1cb3425\" data-element_type=\"widget\" data-e-type=\"widget\" data-widget_type=\"button.default\">\n\t\t\t\t\t\t\t\t\t\t<a class=\"elementor-button elementor-button-link elementor-size-sm\" href=\"https:\/\/curriculo.sedu.es.gov.br\/curriculo\/wp-content\/uploads\/2024\/04\/Educacao-Infantil.pdf\" target=\"_blank\">\n\t\t\t\t\t\t<span class=\"elementor-button-content-wrapper\">\n\t\t\t\t\t\t<span class=\"elementor-button-icon\">\n\t\t\t\t<svg aria-hidden=\"true\" class=\"e-font-icon-svg e-fas-external-link-alt\" viewBox=\"0 0 512 512\" xmlns=\"http:\/\/www.w3.org\/2000\/svg\"><path d=\"M432,320H400a16,16,0,0,0-16,16V448H64V128H208a16,16,0,0,0,16-16V80a16,16,0,0,0-16-16H48A48,48,0,0,0,0,112V464a48,48,0,0,0,48,48H400a48,48,0,0,0,48-48V336A16,16,0,0,0,432,320ZM488,0h-128c-21.37,0-32.05,25.91-17,41l35.73,35.73L135,320.37a24,24,0,0,0,0,34L157.67,377a24,24,0,0,0,34,0L435.28,133.32,471,169c15,15,41,4.5,41-17V24A24,24,0,0,0,488,0Z\"><\/path><\/svg>\t\t\t<\/span>\n\t\t\t\t\t\t\t\t\t<span class=\"elementor-button-text\">EDUCA\u00c7\u00c3O INFANTIL<\/span>\n\t\t\t\t\t<\/span>\n\t\t\t\t\t<\/a>\n\t\t\t\t\t\t\t\t<\/div>\n\t\t\t\t<div class=\"elementor-element elementor-element-236a2dd elementor-align-center elementor-widget elementor-widget-button\" data-id=\"236a2dd\" data-element_type=\"widget\" data-e-type=\"widget\" data-widget_type=\"button.default\">\n\t\t\t\t\t\t\t\t\t\t<a class=\"elementor-button elementor-button-link elementor-size-sm\" href=\"https:\/\/curriculo.sedu.es.gov.br\/curriculo\/wp-content\/uploads\/2024\/04\/Linguagens.pdf\" target=\"_blank\">\n\t\t\t\t\t\t<span class=\"elementor-button-content-wrapper\">\n\t\t\t\t\t\t<span class=\"elementor-button-icon\">\n\t\t\t\t<svg aria-hidden=\"true\" class=\"e-font-icon-svg e-fas-external-link-alt\" viewBox=\"0 0 512 512\" xmlns=\"http:\/\/www.w3.org\/2000\/svg\"><path d=\"M432,320H400a16,16,0,0,0-16,16V448H64V128H208a16,16,0,0,0,16-16V80a16,16,0,0,0-16-16H48A48,48,0,0,0,0,112V464a48,48,0,0,0,48,48H400a48,48,0,0,0,48-48V336A16,16,0,0,0,432,320ZM488,0h-128c-21.37,0-32.05,25.91-17,41l35.73,35.73L135,320.37a24,24,0,0,0,0,34L157.67,377a24,24,0,0,0,34,0L435.28,133.32,471,169c15,15,41,4.5,41-17V24A24,24,0,0,0,488,0Z\"><\/path><\/svg>\t\t\t<\/span>\n\t\t\t\t\t\t\t\t\t<span class=\"elementor-button-text\">LINGUAGENS<\/span>\n\t\t\t\t\t<\/span>\n\t\t\t\t\t<\/a>\n\t\t\t\t\t\t\t\t<\/div>\n\t\t\t\t<div class=\"elementor-element elementor-element-3500ab3 elementor-align-center elementor-widget elementor-widget-button\" data-id=\"3500ab3\" data-element_type=\"widget\" data-e-type=\"widget\" data-widget_type=\"button.default\">\n\t\t\t\t\t\t\t\t\t\t<a class=\"elementor-button elementor-button-link elementor-size-sm\" href=\"https:\/\/curriculo.sedu.es.gov.br\/curriculo\/wp-content\/uploads\/2024\/04\/Matematica.pdf\" target=\"_blank\">\n\t\t\t\t\t\t<span class=\"elementor-button-content-wrapper\">\n\t\t\t\t\t\t<span class=\"elementor-button-icon\">\n\t\t\t\t<svg aria-hidden=\"true\" class=\"e-font-icon-svg e-fas-external-link-alt\" viewBox=\"0 0 512 512\" xmlns=\"http:\/\/www.w3.org\/2000\/svg\"><path d=\"M432,320H400a16,16,0,0,0-16,16V448H64V128H208a16,16,0,0,0,16-16V80a16,16,0,0,0-16-16H48A48,48,0,0,0,0,112V464a48,48,0,0,0,48,48H400a48,48,0,0,0,48-48V336A16,16,0,0,0,432,320ZM488,0h-128c-21.37,0-32.05,25.91-17,41l35.73,35.73L135,320.37a24,24,0,0,0,0,34L157.67,377a24,24,0,0,0,34,0L435.28,133.32,471,169c15,15,41,4.5,41-17V24A24,24,0,0,0,488,0Z\"><\/path><\/svg>\t\t\t<\/span>\n\t\t\t\t\t\t\t\t\t<span class=\"elementor-button-text\">MATEM\u00c1TICA<\/span>\n\t\t\t\t\t<\/span>\n\t\t\t\t\t<\/a>\n\t\t\t\t\t\t\t\t<\/div>\n\t\t\t\t<div class=\"elementor-element elementor-element-5d2d1c4 elementor-align-center elementor-widget elementor-widget-button\" data-id=\"5d2d1c4\" data-element_type=\"widget\" data-e-type=\"widget\" data-widget_type=\"button.default\">\n\t\t\t\t\t\t\t\t\t\t<a class=\"elementor-button elementor-button-link elementor-size-sm\" href=\"https:\/\/curriculo.sedu.es.gov.br\/curriculo\/wp-content\/uploads\/2024\/04\/Ciencias-Humanas.pdf\" target=\"_blank\">\n\t\t\t\t\t\t<span class=\"elementor-button-content-wrapper\">\n\t\t\t\t\t\t<span class=\"elementor-button-icon\">\n\t\t\t\t<svg aria-hidden=\"true\" class=\"e-font-icon-svg e-fas-external-link-alt\" viewBox=\"0 0 512 512\" xmlns=\"http:\/\/www.w3.org\/2000\/svg\"><path d=\"M432,320H400a16,16,0,0,0-16,16V448H64V128H208a16,16,0,0,0,16-16V80a16,16,0,0,0-16-16H48A48,48,0,0,0,0,112V464a48,48,0,0,0,48,48H400a48,48,0,0,0,48-48V336A16,16,0,0,0,432,320ZM488,0h-128c-21.37,0-32.05,25.91-17,41l35.73,35.73L135,320.37a24,24,0,0,0,0,34L157.67,377a24,24,0,0,0,34,0L435.28,133.32,471,169c15,15,41,4.5,41-17V24A24,24,0,0,0,488,0Z\"><\/path><\/svg>\t\t\t<\/span>\n\t\t\t\t\t\t\t\t\t<span class=\"elementor-button-text\">HUMANAS<\/span>\n\t\t\t\t\t<\/span>\n\t\t\t\t\t<\/a>\n\t\t\t\t\t\t\t\t<\/div>\n\t\t\t\t<div class=\"elementor-element elementor-element-c6acd93 elementor-align-center elementor-widget elementor-widget-button\" data-id=\"c6acd93\" data-element_type=\"widget\" data-e-type=\"widget\" data-widget_type=\"button.default\">\n\t\t\t\t\t\t\t\t\t\t<a class=\"elementor-button elementor-button-link elementor-size-sm\" href=\"https:\/\/curriculo.sedu.es.gov.br\/curriculo\/wp-content\/uploads\/2024\/04\/Ciencias-Natureza.pdf\" target=\"_blank\">\n\t\t\t\t\t\t<span class=\"elementor-button-content-wrapper\">\n\t\t\t\t\t\t<span class=\"elementor-button-icon\">\n\t\t\t\t<svg aria-hidden=\"true\" class=\"e-font-icon-svg e-fas-external-link-alt\" viewBox=\"0 0 512 512\" xmlns=\"http:\/\/www.w3.org\/2000\/svg\"><path d=\"M432,320H400a16,16,0,0,0-16,16V448H64V128H208a16,16,0,0,0,16-16V80a16,16,0,0,0-16-16H48A48,48,0,0,0,0,112V464a48,48,0,0,0,48,48H400a48,48,0,0,0,48-48V336A16,16,0,0,0,432,320ZM488,0h-128c-21.37,0-32.05,25.91-17,41l35.73,35.73L135,320.37a24,24,0,0,0,0,34L157.67,377a24,24,0,0,0,34,0L435.28,133.32,471,169c15,15,41,4.5,41-17V24A24,24,0,0,0,488,0Z\"><\/path><\/svg>\t\t\t<\/span>\n\t\t\t\t\t\t\t\t\t<span class=\"elementor-button-text\">NATUREZA<\/span>\n\t\t\t\t\t<\/span>\n\t\t\t\t\t<\/a>\n\t\t\t\t\t\t\t\t<\/div>\n\t\t\t\t<div class=\"elementor-element elementor-element-a65bd5e elementor-align-center elementor-widget elementor-widget-button\" data-id=\"a65bd5e\" data-element_type=\"widget\" data-e-type=\"widget\" data-widget_type=\"button.default\">\n\t\t\t\t\t\t\t\t\t\t<a class=\"elementor-button elementor-button-link elementor-size-sm\" href=\"https:\/\/curriculo.sedu.es.gov.br\/curriculo\/wp-content\/uploads\/2024\/04\/Ensino-Religioso.pdf\" target=\"_blank\">\n\t\t\t\t\t\t<span class=\"elementor-button-content-wrapper\">\n\t\t\t\t\t\t<span class=\"elementor-button-icon\">\n\t\t\t\t<svg aria-hidden=\"true\" class=\"e-font-icon-svg e-fas-external-link-alt\" viewBox=\"0 0 512 512\" xmlns=\"http:\/\/www.w3.org\/2000\/svg\"><path d=\"M432,320H400a16,16,0,0,0-16,16V448H64V128H208a16,16,0,0,0,16-16V80a16,16,0,0,0-16-16H48A48,48,0,0,0,0,112V464a48,48,0,0,0,48,48H400a48,48,0,0,0,48-48V336A16,16,0,0,0,432,320ZM488,0h-128c-21.37,0-32.05,25.91-17,41l35.73,35.73L135,320.37a24,24,0,0,0,0,34L157.67,377a24,24,0,0,0,34,0L435.28,133.32,471,169c15,15,41,4.5,41-17V24A24,24,0,0,0,488,0Z\"><\/path><\/svg>\t\t\t<\/span>\n\t\t\t\t\t\t\t\t\t<span class=\"elementor-button-text\">ENSINO RELIGIOSO<\/span>\n\t\t\t\t\t<\/span>\n\t\t\t\t\t<\/a>\n\t\t\t\t\t\t\t\t<\/div>\n\t\t\t\t<\/div>\n\t\t\t\t<\/div>\n\t\t\t\t\t<\/div>\n\t\t\t\t<\/div>\n\t\t<div class=\"elementor-element elementor-element-b92712a e-flex e-con-boxed e-con e-parent\" data-id=\"b92712a\" data-element_type=\"container\" data-e-type=\"container\">\n\t\t\t\t\t<div class=\"e-con-inner\">\n\t\t<div class=\"elementor-element elementor-element-3359546 e-con-full e-flex e-con e-child\" data-id=\"3359546\" data-element_type=\"container\" data-e-type=\"container\">\n\t\t\t\t<div class=\"elementor-element elementor-element-f04569a elementor-widget elementor-widget-spacer\" data-id=\"f04569a\" data-element_type=\"widget\" data-e-type=\"widget\" data-widget_type=\"spacer.default\">\n\t\t\t\t\t\t\t<div class=\"elementor-spacer\">\n\t\t\t<div class=\"elementor-spacer-inner\"><\/div>\n\t\t<\/div>\n\t\t\t\t\t\t<\/div>\n\t\t\t\t<\/div>\n\t\t\t\t<div class=\"elementor-element elementor-element-b4950e0 elementor-view-stacked elementor-shape-circle elementor-widget elementor-widget-icon\" data-id=\"b4950e0\" data-element_type=\"widget\" data-e-type=\"widget\" data-widget_type=\"icon.default\">\n\t\t\t\t\t\t\t<div class=\"elementor-icon-wrapper\">\n\t\t\t<a class=\"elementor-icon\" href=\"https:\/\/curriculo.sedu.es.gov.br\/curriculo\">\n\t\t\t<svg aria-hidden=\"true\" class=\"e-font-icon-svg e-fas-undo\" viewBox=\"0 0 512 512\" xmlns=\"http:\/\/www.w3.org\/2000\/svg\"><path d=\"M212.333 224.333H12c-6.627 0-12-5.373-12-12V12C0 5.373 5.373 0 12 0h48c6.627 0 12 5.373 12 12v78.112C117.773 39.279 184.26 7.47 258.175 8.007c136.906.994 246.448 111.623 246.157 248.532C504.041 393.258 393.12 504 256.333 504c-64.089 0-122.496-24.313-166.51-64.215-5.099-4.622-5.334-12.554-.467-17.42l33.967-33.967c4.474-4.474 11.662-4.717 16.401-.525C170.76 415.336 211.58 432 256.333 432c97.268 0 176-78.716 176-176 0-97.267-78.716-176-176-176-58.496 0-110.28 28.476-142.274 72.333h98.274c6.627 0 12 5.373 12 12v48c0 6.627-5.373 12-12 12z\"><\/path><\/svg>\t\t\t<\/a>\n\t\t<\/div>\n\t\t\t\t\t\t<\/div>\n\t\t\t\t\t<\/div>\n\t\t\t\t<\/div>\n\t\t<div class=\"elementor-element elementor-element-0705a67 e-flex e-con-boxed e-con e-parent\" data-id=\"0705a67\" data-element_type=\"container\" data-e-type=\"container\">\n\t\t\t\t\t<div class=\"e-con-inner\">\n\t\t\t\t\t<\/div>\n\t\t\t\t<\/div>\n\t\t\t\t<\/div>\n\t\t","protected":false},"excerpt":{"rendered":"<p>O Curr\u00edculo do Esp\u00edrito Santo, elaborado a partir dos princ\u00edpios e premissas da Base Nacional Comum Curricular (BNCC), teve o seu in\u00edcio de implementa\u00e7\u00e3o no ano de 2018 e est\u00e1 organizado em 6 volumes:<br \/>\n1 volume referente \u00e0 Educa\u00e7\u00e3o Infantil; 5 volumes referentes ao Ensino Fundamental Anos Iniciais e Ensino Fundamental Anos Finais, por \u00e1rea de conhecimento (Ci\u00eancias Humanas, Ci\u00eancias da Natureza, Ensino Religioso, Linguagens e Matem\u00e1tica).<\/p>\n","protected":false},"author":1,"featured_media":23426,"parent":0,"menu_order":0,"comment_status":"open","ping_status":"closed","template":"elementor_header_footer","meta":{"footnotes":""},"class_list":["post-20839","page","type-page","status-publish","has-post-thumbnail","hentry"],"_links":{"self":[{"href":"https:\/\/curriculo.sedu.es.gov.br\/curriculo\/wp-json\/wp\/v2\/pages\/20839","targetHints":{"allow":["GET"]}}],"collection":[{"href":"https:\/\/curriculo.sedu.es.gov.br\/curriculo\/wp-json\/wp\/v2\/pages"}],"about":[{"href":"https:\/\/curriculo.sedu.es.gov.br\/curriculo\/wp-json\/wp\/v2\/types\/page"}],"author":[{"embeddable":true,"href":"https:\/\/curriculo.sedu.es.gov.br\/curriculo\/wp-json\/wp\/v2\/users\/1"}],"replies":[{"embeddable":true,"href":"https:\/\/curriculo.sedu.es.gov.br\/curriculo\/wp-json\/wp\/v2\/comments?post=20839"}],"version-history":[{"count":10,"href":"https:\/\/curriculo.sedu.es.gov.br\/curriculo\/wp-json\/wp\/v2\/pages\/20839\/revisions"}],"predecessor-version":[{"id":32782,"href":"https:\/\/curriculo.sedu.es.gov.br\/curriculo\/wp-json\/wp\/v2\/pages\/20839\/revisions\/32782"}],"wp:featuredmedia":[{"embeddable":true,"href":"https:\/\/curriculo.sedu.es.gov.br\/curriculo\/wp-json\/wp\/v2\/media\/23426"}],"wp:attachment":[{"href":"https:\/\/curriculo.sedu.es.gov.br\/curriculo\/wp-json\/wp\/v2\/media?parent=20839"}],"curies":[{"name":"wp","href":"https:\/\/api.w.org\/{rel}","templated":true}]}}