{"id":21147,"date":"2024-04-24T15:00:28","date_gmt":"2024-04-24T18:00:28","guid":{"rendered":"https:\/\/curriculo.sedu.es.gov.br\/curriculo\/?page_id=21147"},"modified":"2026-02-26T16:50:12","modified_gmt":"2026-02-26T19:50:12","slug":"geepei","status":"publish","type":"page","link":"https:\/\/curriculo.sedu.es.gov.br\/curriculo\/geepei\/","title":{"rendered":"A Mitiga\u00e7\u00e3o de Desigualdades na Educa\u00e7\u00e3o B\u00e1sica do ES pela via da Educa\u00e7\u00e3o Especial na Perspectiva Inclusiva"},"content":{"rendered":"\t\t<div data-elementor-type=\"wp-page\" data-elementor-id=\"21147\" class=\"elementor elementor-21147\" data-elementor-post-type=\"page\">\n\t\t\t\t<div class=\"elementor-element elementor-element-2ab99851 e-flex e-con-boxed e-con e-parent\" data-id=\"2ab99851\" data-element_type=\"container\" data-e-type=\"container\" data-settings=\"{&quot;background_background&quot;:&quot;classic&quot;}\">\n\t\t\t\t\t<div class=\"e-con-inner\">\n\t\t<div class=\"elementor-element elementor-element-49c47576 e-con-full e-flex e-con e-child\" data-id=\"49c47576\" data-element_type=\"container\" data-e-type=\"container\">\n\t\t\t\t<div class=\"elementor-element elementor-element-524f30b4 elementor-widget elementor-widget-image\" data-id=\"524f30b4\" data-element_type=\"widget\" data-e-type=\"widget\" data-widget_type=\"image.default\">\n\t\t\t\t\t\t\t\t\t\t\t\t\t\t\t<img fetchpriority=\"high\" decoding=\"async\" width=\"2699\" height=\"256\" src=\"https:\/\/curriculo.sedu.es.gov.br\/curriculo\/wp-content\/uploads\/2024\/09\/MITIGACAO.png\" class=\"attachment-full size-full wp-image-25299\" alt=\"\" srcset=\"https:\/\/curriculo.sedu.es.gov.br\/curriculo\/wp-content\/uploads\/2024\/09\/MITIGACAO.png 2699w, https:\/\/curriculo.sedu.es.gov.br\/curriculo\/wp-content\/uploads\/2024\/09\/MITIGACAO-300x28.png 300w, https:\/\/curriculo.sedu.es.gov.br\/curriculo\/wp-content\/uploads\/2024\/09\/MITIGACAO-1024x97.png 1024w, https:\/\/curriculo.sedu.es.gov.br\/curriculo\/wp-content\/uploads\/2024\/09\/MITIGACAO-768x73.png 768w, https:\/\/curriculo.sedu.es.gov.br\/curriculo\/wp-content\/uploads\/2024\/09\/MITIGACAO-1536x146.png 1536w, https:\/\/curriculo.sedu.es.gov.br\/curriculo\/wp-content\/uploads\/2024\/09\/MITIGACAO-2048x194.png 2048w, https:\/\/curriculo.sedu.es.gov.br\/curriculo\/wp-content\/uploads\/2024\/09\/MITIGACAO-500x47.png 500w, https:\/\/curriculo.sedu.es.gov.br\/curriculo\/wp-content\/uploads\/2024\/09\/MITIGACAO-800x76.png 800w, https:\/\/curriculo.sedu.es.gov.br\/curriculo\/wp-content\/uploads\/2024\/09\/MITIGACAO-1280x121.png 1280w, https:\/\/curriculo.sedu.es.gov.br\/curriculo\/wp-content\/uploads\/2024\/09\/MITIGACAO-1920x182.png 1920w\" sizes=\"(max-width: 2699px) 100vw, 2699px\" \/>\t\t\t\t\t\t\t\t\t\t\t\t\t\t\t<\/div>\n\t\t<div class=\"elementor-element elementor-element-6a70c5d9 e-flex e-con-boxed e-con e-child\" data-id=\"6a70c5d9\" data-element_type=\"container\" data-e-type=\"container\">\n\t\t\t\t\t<div class=\"e-con-inner\">\n\t\t\t\t<div class=\"elementor-element elementor-element-13e9d1a0 elementor-widget elementor-widget-text-editor\" data-id=\"13e9d1a0\" data-element_type=\"widget\" data-e-type=\"widget\" data-widget_type=\"text-editor.default\">\n\t\t\t\t\t\t\t\t\t<p class=\"texto-justificado has-medium-font-size\">A Secretaria de Estado da Educa\u00e7\u00e3o do Esp\u00edrito Santo \u2013 SEDU, pioneira na universaliza\u00e7\u00e3o da matr\u00edcula dos alunos com defici\u00eancia em classes e escolas comuns, tem investido em um conjunto de a\u00e7\u00f5es formativas com vistas ao fortalecimento da garantia do direito \u00e0 educa\u00e7\u00e3o dos alunos com defici\u00eancia, transtorno do espectro autista e altas habilidades ou superdota\u00e7\u00e3o.<\/p><p class=\"texto-justificado has-medium-font-size\">Nesse contexto, realizou o \u201cI Semin\u00e1rio Estadual de Educa\u00e7\u00e3o Inclusiva do ES\u201d, e por meio do di\u00e1logo com teorias cient\u00edficas pertinentes, pol\u00edticas p\u00fablicas, pr\u00e1ticas pedag\u00f3gicas e pesquisas realizadas em conson\u00e2ncia com a Pol\u00edtica Nacional de Educa\u00e7\u00e3o Especial na Perspectiva da Educa\u00e7\u00e3o Inclusiva \u2013 2008. E com o objetivo de divulgar as experi\u00eancias inovadoras que contribuam para a inclus\u00e3o educacional do p\u00fablico da educa\u00e7\u00e3o especial na rede estadual de ensino do ES, tem o prazer de apresentar a contribui\u00e7\u00e3o de professores e pedagogos, real\u00e7ando diversas formas de produ\u00e7\u00e3o de conhecimento no formato de e-book, intitulado \u2013 \u201cA mitiga\u00e7\u00e3o de desigualdades na Educa\u00e7\u00e3o B\u00e1sica do ES pela via da Educa\u00e7\u00e3o Especial na perspectiva inclusiva\u201d organizado pelo Comit\u00ea Cient\u00edfico do Semin\u00e1rio Estadual de Educa\u00e7\u00e3o Especial na perspectiva da Educa\u00e7\u00e3o Inclusiva do ES.<\/p>\t\t\t\t\t\t\t\t<\/div>\n\t\t<div class=\"elementor-element elementor-element-70b37158 e-con-full e-flex e-con e-child\" data-id=\"70b37158\" data-element_type=\"container\" data-e-type=\"container\">\n\t\t<div class=\"elementor-element elementor-element-d77cc7e e-grid e-con-full e-con e-child\" data-id=\"d77cc7e\" data-element_type=\"container\" data-e-type=\"container\">\n\t\t\t\t<div class=\"elementor-element elementor-element-70376217 elementor-widget elementor-widget-image\" data-id=\"70376217\" data-element_type=\"widget\" data-e-type=\"widget\" data-widget_type=\"image.default\">\n\t\t\t\t\t\t\t\t\t\t\t\t\t\t\t\t<a href=\"https:\/\/educadorseduesgov-my.sharepoint.com\/:b:\/g\/personal\/wasantos_sedu_es_gov_br\/IQCfuV_W50Y_RbHSbdxpJtX2AfMGwt25-9y7WZKpPBXpL0k?e=TH5COI\" target=\"_blank\">\n\t\t\t\t\t\t\t<img decoding=\"async\" width=\"1240\" height=\"1754\" src=\"https:\/\/curriculo.sedu.es.gov.br\/curriculo\/wp-content\/uploads\/2024\/04\/mitigacao.jpg\" class=\"attachment-full size-full wp-image-21150\" alt=\"\" srcset=\"https:\/\/curriculo.sedu.es.gov.br\/curriculo\/wp-content\/uploads\/2024\/04\/mitigacao.jpg 1240w, https:\/\/curriculo.sedu.es.gov.br\/curriculo\/wp-content\/uploads\/2024\/04\/mitigacao-212x300.jpg 212w, https:\/\/curriculo.sedu.es.gov.br\/curriculo\/wp-content\/uploads\/2024\/04\/mitigacao-724x1024.jpg 724w, https:\/\/curriculo.sedu.es.gov.br\/curriculo\/wp-content\/uploads\/2024\/04\/mitigacao-768x1086.jpg 768w, https:\/\/curriculo.sedu.es.gov.br\/curriculo\/wp-content\/uploads\/2024\/04\/mitigacao-1086x1536.jpg 1086w, https:\/\/curriculo.sedu.es.gov.br\/curriculo\/wp-content\/uploads\/2024\/04\/mitigacao-500x707.jpg 500w, https:\/\/curriculo.sedu.es.gov.br\/curriculo\/wp-content\/uploads\/2024\/04\/mitigacao-800x1132.jpg 800w\" sizes=\"(max-width: 1240px) 100vw, 1240px\" \/>\t\t\t\t\t\t\t\t<\/a>\n\t\t\t\t\t\t\t\t\t\t\t\t\t\t\t<\/div>\n\t\t\t\t<\/div>\n\t\t\t\t<\/div>\n\t\t\t\t\t<\/div>\n\t\t\t\t<\/div>\n\t\t\t\t<\/div>\n\t\t\t\t\t<\/div>\n\t\t\t\t<\/div>\n\t\t<div class=\"elementor-element elementor-element-a27adc8 e-flex e-con-boxed e-con e-parent\" data-id=\"a27adc8\" data-element_type=\"container\" data-e-type=\"container\">\n\t\t\t\t\t<div class=\"e-con-inner\">\n\t\t\t\t<div class=\"elementor-element elementor-element-64d6eac elementor-widget elementor-widget-html\" data-id=\"64d6eac\" data-element_type=\"widget\" data-e-type=\"widget\" data-widget_type=\"html.default\">\n\t\t\t\t\t<body> <!-- Inicio do corpo da p\u00e1gina -->\r\n\r\n  ... <!-- Conte\u00fado da p\u00e1gina -->\r\n\r\n  <div vw class=\"enabled\">\r\n    <div vw-access-button class=\"active\"><\/div>\r\n    <div vw-plugin-wrapper>\r\n      <div class=\"vw-plugin-top-wrapper\"><\/div>\r\n    <\/div>\r\n  <\/div>\r\n  <script src=\"https:\/\/vlibras.gov.br\/app\/vlibras-plugin.js\"><\/script>\r\n  <script>\r\n    new window.VLibras.Widget('https:\/\/vlibras.gov.br\/app');\r\n  <\/script>\r\n<\/body> <!-- Fim do corpo da p\u00e1gina -->\t\t\t\t<\/div>\n\t\t\t\t\t<\/div>\n\t\t\t\t<\/div>\n\t\t<div class=\"elementor-element elementor-element-6ea5a9b2 e-flex e-con-boxed e-con e-parent\" data-id=\"6ea5a9b2\" data-element_type=\"container\" data-e-type=\"container\">\n\t\t\t\t\t<div class=\"e-con-inner\">\n\t\t\t\t<div class=\"elementor-element elementor-element-14d645b6 elementor-view-stacked elementor-shape-circle elementor-widget elementor-widget-icon\" data-id=\"14d645b6\" data-element_type=\"widget\" data-e-type=\"widget\" data-widget_type=\"icon.default\">\n\t\t\t\t\t\t\t<div class=\"elementor-icon-wrapper\">\n\t\t\t<a class=\"elementor-icon\" href=\"https:\/\/curriculo.sedu.es.gov.br\/curriculo\">\n\t\t\t<svg aria-hidden=\"true\" class=\"e-font-icon-svg e-fas-undo\" viewBox=\"0 0 512 512\" xmlns=\"http:\/\/www.w3.org\/2000\/svg\"><path d=\"M212.333 224.333H12c-6.627 0-12-5.373-12-12V12C0 5.373 5.373 0 12 0h48c6.627 0 12 5.373 12 12v78.112C117.773 39.279 184.26 7.47 258.175 8.007c136.906.994 246.448 111.623 246.157 248.532C504.041 393.258 393.12 504 256.333 504c-64.089 0-122.496-24.313-166.51-64.215-5.099-4.622-5.334-12.554-.467-17.42l33.967-33.967c4.474-4.474 11.662-4.717 16.401-.525C170.76 415.336 211.58 432 256.333 432c97.268 0 176-78.716 176-176 0-97.267-78.716-176-176-176-58.496 0-110.28 28.476-142.274 72.333h98.274c6.627 0 12 5.373 12 12v48c0 6.627-5.373 12-12 12z\"><\/path><\/svg>\t\t\t<\/a>\n\t\t<\/div>\n\t\t\t\t\t\t<\/div>\n\t\t\t\t\t<\/div>\n\t\t\t\t<\/div>\n\t\t<div class=\"elementor-element elementor-element-1426e97 e-flex e-con-boxed e-con e-parent\" data-id=\"1426e97\" data-element_type=\"container\" data-e-type=\"container\">\n\t\t\t\t\t<div class=\"e-con-inner\">\n\t\t\t\t\t<\/div>\n\t\t\t\t<\/div>\n\t\t\t\t<\/div>\n\t\t","protected":false},"excerpt":{"rendered":"<p>A Secretaria de Estado da Educa\u00e7\u00e3o do Esp\u00edrito Santo \u2013 SEDU, pioneira na universaliza\u00e7\u00e3o da matr\u00edcula dos alunos com defici\u00eancia em classes e escolas comuns, tem investido em um conjunto de a\u00e7\u00f5es formativas com vistas ao fortalecimento da garantia do direito \u00e0 educa\u00e7\u00e3o dos alunos com defici\u00eancia, transtorno do espectro autista e altas habilidades ou superdota\u00e7\u00e3o.<\/p>\n<p>Nesse contexto, realizou o \u201cI Semin\u00e1rio Estadual de Educa\u00e7\u00e3o Inclusiva do ES\u201d, e por meio do di\u00e1logo com teorias cient\u00edficas pertinentes, pol\u00edticas p\u00fablicas, pr\u00e1ticas pedag\u00f3gicas e pesquisas realizadas em conson\u00e2ncia com a Pol\u00edtica Nacional de Educa\u00e7\u00e3o Especial na Perspectiva da Educa\u00e7\u00e3o Inclusiva \u2013 2008. E com o objetivo de divulgar as experi\u00eancias inovadoras que contribuam para a inclus\u00e3o educacional do p\u00fablico da educa\u00e7\u00e3o especial na rede estadual de ensino do ES, tem o prazer de apresentar a contribui\u00e7\u00e3o de professores e pedagogos, real\u00e7ando diversas formas de produ\u00e7\u00e3o de conhecimento no formato de e-book, intitulado \u2013 \u201cA mitiga\u00e7\u00e3o de desigualdades na Educa\u00e7\u00e3o B\u00e1sica do ES pela via da Educa\u00e7\u00e3o Especial na perspectiva inclusiva\u201d organizado pelo Comit\u00ea Cient\u00edfico do Semin\u00e1rio Estadual de Educa\u00e7\u00e3o Especial na perspectiva da Educa\u00e7\u00e3o Inclusiva do ES.<\/p>\n","protected":false},"author":1,"featured_media":23424,"parent":0,"menu_order":0,"comment_status":"open","ping_status":"closed","template":"elementor_header_footer","meta":{"footnotes":""},"class_list":["post-21147","page","type-page","status-publish","has-post-thumbnail","hentry"],"_links":{"self":[{"href":"https:\/\/curriculo.sedu.es.gov.br\/curriculo\/wp-json\/wp\/v2\/pages\/21147","targetHints":{"allow":["GET"]}}],"collection":[{"href":"https:\/\/curriculo.sedu.es.gov.br\/curriculo\/wp-json\/wp\/v2\/pages"}],"about":[{"href":"https:\/\/curriculo.sedu.es.gov.br\/curriculo\/wp-json\/wp\/v2\/types\/page"}],"author":[{"embeddable":true,"href":"https:\/\/curriculo.sedu.es.gov.br\/curriculo\/wp-json\/wp\/v2\/users\/1"}],"replies":[{"embeddable":true,"href":"https:\/\/curriculo.sedu.es.gov.br\/curriculo\/wp-json\/wp\/v2\/comments?post=21147"}],"version-history":[{"count":6,"href":"https:\/\/curriculo.sedu.es.gov.br\/curriculo\/wp-json\/wp\/v2\/pages\/21147\/revisions"}],"predecessor-version":[{"id":34432,"href":"https:\/\/curriculo.sedu.es.gov.br\/curriculo\/wp-json\/wp\/v2\/pages\/21147\/revisions\/34432"}],"wp:featuredmedia":[{"embeddable":true,"href":"https:\/\/curriculo.sedu.es.gov.br\/curriculo\/wp-json\/wp\/v2\/media\/23424"}],"wp:attachment":[{"href":"https:\/\/curriculo.sedu.es.gov.br\/curriculo\/wp-json\/wp\/v2\/media?parent=21147"}],"curies":[{"name":"wp","href":"https:\/\/api.w.org\/{rel}","templated":true}]}}