{"id":22079,"date":"2024-06-28T10:55:35","date_gmt":"2024-06-28T13:55:35","guid":{"rendered":"https:\/\/curriculo.sedu.es.gov.br\/curriculo\/?page_id=22079"},"modified":"2026-03-24T11:35:30","modified_gmt":"2026-03-24T14:35:30","slug":"dceja","status":"publish","type":"page","link":"https:\/\/curriculo.sedu.es.gov.br\/curriculo\/dceja\/","title":{"rendered":"Educa\u00e7\u00e3o de Jovens &amp; Adultos &#8211; DCEJA"},"content":{"rendered":"\t\t<div data-elementor-type=\"wp-page\" data-elementor-id=\"22079\" class=\"elementor elementor-22079\" data-elementor-post-type=\"page\">\n\t\t\t\t<div class=\"elementor-element elementor-element-2322abf6 e-flex e-con-boxed e-con e-parent\" data-id=\"2322abf6\" data-element_type=\"container\" data-e-type=\"container\" data-settings=\"{&quot;background_background&quot;:&quot;classic&quot;}\">\n\t\t\t\t\t<div class=\"e-con-inner\">\n\t\t<div class=\"elementor-element elementor-element-53c82803 e-con-full e-flex e-con e-child\" data-id=\"53c82803\" data-element_type=\"container\" data-e-type=\"container\">\n\t\t\t\t<div class=\"elementor-element elementor-element-674ae099 elementor-widget elementor-widget-image\" data-id=\"674ae099\" data-element_type=\"widget\" data-e-type=\"widget\" data-widget_type=\"image.default\">\n\t\t\t\t\t\t\t\t\t\t\t\t\t\t\t<img fetchpriority=\"high\" decoding=\"async\" width=\"2696\" height=\"158\" src=\"https:\/\/curriculo.sedu.es.gov.br\/curriculo\/wp-content\/uploads\/2024\/11\/DCEJA-1.png\" class=\"attachment-full size-full wp-image-26775\" alt=\"\" srcset=\"https:\/\/curriculo.sedu.es.gov.br\/curriculo\/wp-content\/uploads\/2024\/11\/DCEJA-1.png 2696w, https:\/\/curriculo.sedu.es.gov.br\/curriculo\/wp-content\/uploads\/2024\/11\/DCEJA-1-300x18.png 300w, https:\/\/curriculo.sedu.es.gov.br\/curriculo\/wp-content\/uploads\/2024\/11\/DCEJA-1-1024x60.png 1024w, https:\/\/curriculo.sedu.es.gov.br\/curriculo\/wp-content\/uploads\/2024\/11\/DCEJA-1-768x45.png 768w, https:\/\/curriculo.sedu.es.gov.br\/curriculo\/wp-content\/uploads\/2024\/11\/DCEJA-1-1536x90.png 1536w, https:\/\/curriculo.sedu.es.gov.br\/curriculo\/wp-content\/uploads\/2024\/11\/DCEJA-1-2048x120.png 2048w, https:\/\/curriculo.sedu.es.gov.br\/curriculo\/wp-content\/uploads\/2024\/11\/DCEJA-1-500x29.png 500w, https:\/\/curriculo.sedu.es.gov.br\/curriculo\/wp-content\/uploads\/2024\/11\/DCEJA-1-800x47.png 800w, https:\/\/curriculo.sedu.es.gov.br\/curriculo\/wp-content\/uploads\/2024\/11\/DCEJA-1-1280x75.png 1280w, https:\/\/curriculo.sedu.es.gov.br\/curriculo\/wp-content\/uploads\/2024\/11\/DCEJA-1-1920x113.png 1920w\" sizes=\"(max-width: 2696px) 100vw, 2696px\" \/>\t\t\t\t\t\t\t\t\t\t\t\t\t\t\t<\/div>\n\t\t\t\t<\/div>\n\t\t<div class=\"elementor-element elementor-element-3b142208 e-flex e-con-boxed e-con e-child\" data-id=\"3b142208\" data-element_type=\"container\" data-e-type=\"container\">\n\t\t\t\t\t<div class=\"e-con-inner\">\n\t\t\t\t<div class=\"elementor-element elementor-element-69a91512 elementor-widget elementor-widget-text-editor\" data-id=\"69a91512\" data-element_type=\"widget\" data-e-type=\"widget\" data-widget_type=\"text-editor.default\">\n\t\t\t\t\t\t\t\t\t<p>Os presentes documentos apresentam as Diretrizes Curriculares da Educa\u00e7\u00e3o de Jovens e Adultos da Rede P\u00fablica Estadual do Estado do Esp\u00edrito Santo (DCEJA\/ES). Re\u00fane princ\u00edpios, fun\u00e7\u00f5es e concep\u00e7\u00f5es da modalidade com base no que pensam estudantes, equipes pedag\u00f3gicas e gestoras de nossas escolas, bem como t\u00e9cnicos educacionais das Superintend\u00eancias Regionais de Educa\u00e7\u00e3o (SREs) e da Ger\u00eancia de Educa\u00e7\u00e3o de Jovens e Adultos (GEEJA), da Subsecret\u00e1ria de Educa\u00e7\u00e3o B\u00e1sica e Profissional (SEEB) da Secretaria de Estado da Educa\u00e7\u00e3o (SEDU), al\u00e9m de pesquisadores e estudiosos da \u00e1rea da Educa\u00e7\u00e3o.<\/p><p>Estas diretrizes curriculares foram atualizadas conforme as orienta\u00e7\u00f5es do Conselho Estadual de Educa\u00e7\u00e3o (CEE), por meio da Resolu\u00e7\u00e3o 3.724, de 31 de mar\u00e7o de 2014. Est\u00e3o alinhadas \u00e0s legisla\u00e7\u00f5es nacionais e estaduais, como a Constitui\u00e7\u00e3o Federal, a Lei de Diretrizes e Bases da Educa\u00e7\u00e3o Nacional (LDB), o Plano Estadual de Educa\u00e7\u00e3o do Esp\u00edrito Santo (PEE\/ES), entre outros documentos legais pertinentes.<\/p>\t\t\t\t\t\t\t\t<\/div>\n\t\t\t\t\t<\/div>\n\t\t\t\t<\/div>\n\t\t<div class=\"elementor-element elementor-element-97da2e2 e-flex e-con-boxed e-con e-child\" data-id=\"97da2e2\" data-element_type=\"container\" data-e-type=\"container\">\n\t\t\t\t\t<div class=\"e-con-inner\">\n\t\t\t\t<div class=\"elementor-element elementor-element-8fc7f33 elementor-widget elementor-widget-image\" data-id=\"8fc7f33\" data-element_type=\"widget\" data-e-type=\"widget\" data-widget_type=\"image.default\">\n\t\t\t\t\t\t\t\t\t\t\t\t\t\t\t<img decoding=\"async\" width=\"1600\" height=\"82\" src=\"https:\/\/curriculo.sedu.es.gov.br\/curriculo\/wp-content\/uploads\/2026\/03\/DIRETRIZES-EJA.png\" class=\"attachment-full size-full wp-image-34566\" alt=\"\" srcset=\"https:\/\/curriculo.sedu.es.gov.br\/curriculo\/wp-content\/uploads\/2026\/03\/DIRETRIZES-EJA.png 1600w, https:\/\/curriculo.sedu.es.gov.br\/curriculo\/wp-content\/uploads\/2026\/03\/DIRETRIZES-EJA-300x15.png 300w, https:\/\/curriculo.sedu.es.gov.br\/curriculo\/wp-content\/uploads\/2026\/03\/DIRETRIZES-EJA-1024x52.png 1024w, https:\/\/curriculo.sedu.es.gov.br\/curriculo\/wp-content\/uploads\/2026\/03\/DIRETRIZES-EJA-768x39.png 768w, https:\/\/curriculo.sedu.es.gov.br\/curriculo\/wp-content\/uploads\/2026\/03\/DIRETRIZES-EJA-1536x79.png 1536w\" sizes=\"(max-width: 1600px) 100vw, 1600px\" \/>\t\t\t\t\t\t\t\t\t\t\t\t\t\t\t<\/div>\n\t\t<div class=\"elementor-element elementor-element-9f745db e-con-full e-flex e-con e-child\" data-id=\"9f745db\" data-element_type=\"container\" data-e-type=\"container\">\n\t\t<div class=\"elementor-element elementor-element-6441634 e-con-full e-flex e-con e-child\" data-id=\"6441634\" data-element_type=\"container\" data-e-type=\"container\">\n\t\t\t\t<div class=\"elementor-element elementor-element-244f6a9 elementor-widget elementor-widget-n-accordion\" data-id=\"244f6a9\" data-element_type=\"widget\" data-e-type=\"widget\" data-settings=\"{&quot;default_state&quot;:&quot;all_collapsed&quot;,&quot;max_items_expended&quot;:&quot;one&quot;,&quot;n_accordion_animation_duration&quot;:{&quot;unit&quot;:&quot;ms&quot;,&quot;size&quot;:400,&quot;sizes&quot;:[]}}\" data-widget_type=\"nested-accordion.default\">\n\t\t\t\t\t\t\t<div class=\"e-n-accordion\" aria-label=\"Accordion. Open links with Enter or Space, close with Escape, and navigate with Arrow Keys\">\n\t\t\t\t\t\t<details id=\"e-n-accordion-item-3800\" class=\"e-n-accordion-item\" >\n\t\t\t\t<summary class=\"e-n-accordion-item-title\" data-accordion-index=\"1\" tabindex=\"0\" aria-expanded=\"false\" aria-controls=\"e-n-accordion-item-3800\" >\n\t\t\t\t\t<span class='e-n-accordion-item-title-header'><div class=\"e-n-accordion-item-title-text\"> ENSINO FUNDAMENTAL <\/div><\/span>\n\t\t\t\t\t\t\t<span class='e-n-accordion-item-title-icon'>\n\t\t\t<span class='e-opened' ><svg aria-hidden=\"true\" class=\"e-font-icon-svg e-fas-arrow-circle-up\" viewBox=\"0 0 512 512\" xmlns=\"http:\/\/www.w3.org\/2000\/svg\"><path d=\"M8 256C8 119 119 8 256 8s248 111 248 248-111 248-248 248S8 393 8 256zm143.6 28.9l72.4-75.5V392c0 13.3 10.7 24 24 24h16c13.3 0 24-10.7 24-24V209.4l72.4 75.5c9.3 9.7 24.8 9.9 34.3.4l10.9-11c9.4-9.4 9.4-24.6 0-33.9L273 107.7c-9.4-9.4-24.6-9.4-33.9 0L106.3 240.4c-9.4 9.4-9.4 24.6 0 33.9l10.9 11c9.6 9.5 25.1 9.3 34.4-.4z\"><\/path><\/svg><\/span>\n\t\t\t<span class='e-closed'><svg aria-hidden=\"true\" class=\"e-font-icon-svg e-fas-arrow-circle-down\" viewBox=\"0 0 512 512\" xmlns=\"http:\/\/www.w3.org\/2000\/svg\"><path d=\"M504 256c0 137-111 248-248 248S8 393 8 256 119 8 256 8s248 111 248 248zm-143.6-28.9L288 302.6V120c0-13.3-10.7-24-24-24h-16c-13.3 0-24 10.7-24 24v182.6l-72.4-75.5c-9.3-9.7-24.8-9.9-34.3-.4l-10.9 11c-9.4 9.4-9.4 24.6 0 33.9L239 404.3c9.4 9.4 24.6 9.4 33.9 0l132.7-132.7c9.4-9.4 9.4-24.6 0-33.9l-10.9-11c-9.5-9.5-25-9.3-34.3.4z\"><\/path><\/svg><\/span>\n\t\t<\/span>\n\n\t\t\t\t\t\t<\/summary>\n\t\t\t\t<div role=\"region\" aria-labelledby=\"e-n-accordion-item-3800\" class=\"elementor-element elementor-element-666a455 e-con-full e-flex e-con e-child\" data-id=\"666a455\" data-element_type=\"container\" data-e-type=\"container\">\n\t\t<div role=\"region\" aria-labelledby=\"e-n-accordion-item-3800\" class=\"elementor-element elementor-element-a45d6dd e-grid e-con-full e-con e-child\" data-id=\"a45d6dd\" data-element_type=\"container\" data-e-type=\"container\">\n\t\t\t\t<div class=\"elementor-element elementor-element-7cb9659 elementor-align-center elementor-widget elementor-widget-button\" data-id=\"7cb9659\" data-element_type=\"widget\" data-e-type=\"widget\" data-widget_type=\"button.default\">\n\t\t\t\t\t\t\t\t\t\t<a class=\"elementor-button elementor-button-link elementor-size-sm\" href=\"https:\/\/curriculo.sedu.es.gov.br\/curriculo\/wp-content\/uploads\/2024\/06\/DCEJA-2024.-Texto-Base.pdf\" target=\"_blank\">\n\t\t\t\t\t\t<span class=\"elementor-button-content-wrapper\">\n\t\t\t\t\t\t\t\t\t<span class=\"elementor-button-text\">Texto Base<\/span>\n\t\t\t\t\t<\/span>\n\t\t\t\t\t<\/a>\n\t\t\t\t\t\t\t\t<\/div>\n\t\t\t\t<div class=\"elementor-element elementor-element-0557486 elementor-align-center elementor-widget elementor-widget-button\" data-id=\"0557486\" data-element_type=\"widget\" data-e-type=\"widget\" data-widget_type=\"button.default\">\n\t\t\t\t\t\t\t\t\t\t<a class=\"elementor-button elementor-button-link elementor-size-sm\" href=\"https:\/\/curriculo.sedu.es.gov.br\/curriculo\/wp-content\/uploads\/2024\/06\/DCEJA-2024.-MATEMATICA.pdf\" target=\"_blank\">\n\t\t\t\t\t\t<span class=\"elementor-button-content-wrapper\">\n\t\t\t\t\t\t\t\t\t<span class=\"elementor-button-text\">Matem\u00e1tica<\/span>\n\t\t\t\t\t<\/span>\n\t\t\t\t\t<\/a>\n\t\t\t\t\t\t\t\t<\/div>\n\t\t\t\t<div class=\"elementor-element elementor-element-c30d5c9 elementor-align-center elementor-widget elementor-widget-button\" data-id=\"c30d5c9\" data-element_type=\"widget\" data-e-type=\"widget\" data-widget_type=\"button.default\">\n\t\t\t\t\t\t\t\t\t\t<a class=\"elementor-button elementor-button-link elementor-size-sm\" href=\"https:\/\/curriculo.sedu.es.gov.br\/curriculo\/wp-content\/uploads\/2024\/06\/DCEJA-2024.-LINGUAGENS.pdf\" target=\"_blank\">\n\t\t\t\t\t\t<span class=\"elementor-button-content-wrapper\">\n\t\t\t\t\t\t\t\t\t<span class=\"elementor-button-text\">Linguagens<\/span>\n\t\t\t\t\t<\/span>\n\t\t\t\t\t<\/a>\n\t\t\t\t\t\t\t\t<\/div>\n\t\t\t\t<div class=\"elementor-element elementor-element-917b1a4 elementor-align-center elementor-widget elementor-widget-button\" data-id=\"917b1a4\" data-element_type=\"widget\" data-e-type=\"widget\" data-widget_type=\"button.default\">\n\t\t\t\t\t\t\t\t\t\t<a class=\"elementor-button elementor-button-link elementor-size-sm\" href=\"https:\/\/curriculo.sedu.es.gov.br\/curriculo\/wp-content\/uploads\/2024\/06\/DCEJA-2024.-CIENCIAS-NATUREZA.pdf\" target=\"_blank\">\n\t\t\t\t\t\t<span class=\"elementor-button-content-wrapper\">\n\t\t\t\t\t\t\t\t\t<span class=\"elementor-button-text\">Ci\u00eancias da Natureza<\/span>\n\t\t\t\t\t<\/span>\n\t\t\t\t\t<\/a>\n\t\t\t\t\t\t\t\t<\/div>\n\t\t\t\t<div class=\"elementor-element elementor-element-9d2e7d6 elementor-align-center elementor-widget elementor-widget-button\" data-id=\"9d2e7d6\" data-element_type=\"widget\" data-e-type=\"widget\" data-widget_type=\"button.default\">\n\t\t\t\t\t\t\t\t\t\t<a class=\"elementor-button elementor-button-link elementor-size-sm\" href=\"https:\/\/curriculo.sedu.es.gov.br\/curriculo\/wp-content\/uploads\/2024\/06\/DCEJA-2024.-HUMANAS-E-ENSINO-RELIGIOSO-1.pdf\" target=\"_blank\">\n\t\t\t\t\t\t<span class=\"elementor-button-content-wrapper\">\n\t\t\t\t\t\t\t\t\t<span class=\"elementor-button-text\">Ci\u00eancias Humanas e Ensino Religioso<\/span>\n\t\t\t\t\t<\/span>\n\t\t\t\t\t<\/a>\n\t\t\t\t\t\t\t\t<\/div>\n\t\t\t\t<\/div>\n\t\t\t\t<\/div>\n\t\t\t\t\t<\/details>\n\t\t\t\t\t<\/div>\n\t\t\t\t\t\t<\/div>\n\t\t\t\t<div class=\"elementor-element elementor-element-522f610 elementor-widget elementor-widget-n-accordion\" data-id=\"522f610\" data-element_type=\"widget\" data-e-type=\"widget\" data-settings=\"{&quot;default_state&quot;:&quot;all_collapsed&quot;,&quot;max_items_expended&quot;:&quot;one&quot;,&quot;n_accordion_animation_duration&quot;:{&quot;unit&quot;:&quot;ms&quot;,&quot;size&quot;:400,&quot;sizes&quot;:[]}}\" data-widget_type=\"nested-accordion.default\">\n\t\t\t\t\t\t\t<div class=\"e-n-accordion\" aria-label=\"Accordion. Open links with Enter or Space, close with Escape, and navigate with Arrow Keys\">\n\t\t\t\t\t\t<details id=\"e-n-accordion-item-8610\" class=\"e-n-accordion-item\" >\n\t\t\t\t<summary class=\"e-n-accordion-item-title\" data-accordion-index=\"1\" tabindex=\"0\" aria-expanded=\"false\" aria-controls=\"e-n-accordion-item-8610\" >\n\t\t\t\t\t<span class='e-n-accordion-item-title-header'><div class=\"e-n-accordion-item-title-text\"> ENSINO M\u00c9DIO <\/div><\/span>\n\t\t\t\t\t\t\t<span class='e-n-accordion-item-title-icon'>\n\t\t\t<span class='e-opened' ><svg aria-hidden=\"true\" class=\"e-font-icon-svg e-fas-arrow-circle-up\" viewBox=\"0 0 512 512\" xmlns=\"http:\/\/www.w3.org\/2000\/svg\"><path d=\"M8 256C8 119 119 8 256 8s248 111 248 248-111 248-248 248S8 393 8 256zm143.6 28.9l72.4-75.5V392c0 13.3 10.7 24 24 24h16c13.3 0 24-10.7 24-24V209.4l72.4 75.5c9.3 9.7 24.8 9.9 34.3.4l10.9-11c9.4-9.4 9.4-24.6 0-33.9L273 107.7c-9.4-9.4-24.6-9.4-33.9 0L106.3 240.4c-9.4 9.4-9.4 24.6 0 33.9l10.9 11c9.6 9.5 25.1 9.3 34.4-.4z\"><\/path><\/svg><\/span>\n\t\t\t<span class='e-closed'><svg aria-hidden=\"true\" class=\"e-font-icon-svg e-fas-arrow-circle-down\" viewBox=\"0 0 512 512\" xmlns=\"http:\/\/www.w3.org\/2000\/svg\"><path d=\"M504 256c0 137-111 248-248 248S8 393 8 256 119 8 256 8s248 111 248 248zm-143.6-28.9L288 302.6V120c0-13.3-10.7-24-24-24h-16c-13.3 0-24 10.7-24 24v182.6l-72.4-75.5c-9.3-9.7-24.8-9.9-34.3-.4l-10.9 11c-9.4 9.4-9.4 24.6 0 33.9L239 404.3c9.4 9.4 24.6 9.4 33.9 0l132.7-132.7c9.4-9.4 9.4-24.6 0-33.9l-10.9-11c-9.5-9.5-25-9.3-34.3.4z\"><\/path><\/svg><\/span>\n\t\t<\/span>\n\n\t\t\t\t\t\t<\/summary>\n\t\t\t\t<div role=\"region\" aria-labelledby=\"e-n-accordion-item-8610\" class=\"elementor-element elementor-element-18c6e1f e-con-full e-flex e-con e-child\" data-id=\"18c6e1f\" data-element_type=\"container\" data-e-type=\"container\">\n\t\t<div role=\"region\" aria-labelledby=\"e-n-accordion-item-8610\" class=\"elementor-element elementor-element-4f6f303 e-grid e-con-full e-con e-child\" data-id=\"4f6f303\" data-element_type=\"container\" data-e-type=\"container\">\n\t\t\t\t<div class=\"elementor-element elementor-element-33f848d elementor-align-center elementor-widget elementor-widget-button\" data-id=\"33f848d\" data-element_type=\"widget\" data-e-type=\"widget\" data-widget_type=\"button.default\">\n\t\t\t\t\t\t\t\t\t\t<a class=\"elementor-button elementor-button-link elementor-size-sm\" href=\"https:\/\/curriculo.sedu.es.gov.br\/curriculo\/wp-content\/uploads\/2026\/03\/DCEJAS_EM_CIENCIAS_DA_NATUREZA.pdf\" target=\"_blank\">\n\t\t\t\t\t\t<span class=\"elementor-button-content-wrapper\">\n\t\t\t\t\t\t\t\t\t<span class=\"elementor-button-text\">Ci\u00eancias da Natureza<\/span>\n\t\t\t\t\t<\/span>\n\t\t\t\t\t<\/a>\n\t\t\t\t\t\t\t\t<\/div>\n\t\t\t\t<div class=\"elementor-element elementor-element-dcc3e8e elementor-align-center elementor-widget elementor-widget-button\" data-id=\"dcc3e8e\" data-element_type=\"widget\" data-e-type=\"widget\" data-widget_type=\"button.default\">\n\t\t\t\t\t\t\t\t\t\t<a class=\"elementor-button elementor-button-link elementor-size-sm\" href=\"https:\/\/curriculo.sedu.es.gov.br\/curriculo\/wp-content\/uploads\/2026\/03\/DCEJAS_EM_CIENCIAS_HUMANAS.pdf\" target=\"_blank\">\n\t\t\t\t\t\t<span class=\"elementor-button-content-wrapper\">\n\t\t\t\t\t\t\t\t\t<span class=\"elementor-button-text\">Ci\u00eancias Humanas<\/span>\n\t\t\t\t\t<\/span>\n\t\t\t\t\t<\/a>\n\t\t\t\t\t\t\t\t<\/div>\n\t\t\t\t<div class=\"elementor-element elementor-element-3417e93 elementor-align-center elementor-widget elementor-widget-button\" data-id=\"3417e93\" data-element_type=\"widget\" data-e-type=\"widget\" data-widget_type=\"button.default\">\n\t\t\t\t\t\t\t\t\t\t<a class=\"elementor-button elementor-button-link elementor-size-sm\" href=\"https:\/\/curriculo.sedu.es.gov.br\/curriculo\/wp-content\/uploads\/2026\/03\/DCEJAS_EM_LINGUAGENS.pdf\" target=\"_blank\">\n\t\t\t\t\t\t<span class=\"elementor-button-content-wrapper\">\n\t\t\t\t\t\t\t\t\t<span class=\"elementor-button-text\">Linguagens<\/span>\n\t\t\t\t\t<\/span>\n\t\t\t\t\t<\/a>\n\t\t\t\t\t\t\t\t<\/div>\n\t\t\t\t<div class=\"elementor-element elementor-element-c893941 elementor-align-center elementor-widget elementor-widget-button\" data-id=\"c893941\" data-element_type=\"widget\" data-e-type=\"widget\" data-widget_type=\"button.default\">\n\t\t\t\t\t\t\t\t\t\t<a class=\"elementor-button elementor-button-link elementor-size-sm\" href=\"https:\/\/curriculo.sedu.es.gov.br\/curriculo\/wp-content\/uploads\/2026\/03\/DCEJAS_EM_MATEMATICA.1.pdf\" target=\"_blank\">\n\t\t\t\t\t\t<span class=\"elementor-button-content-wrapper\">\n\t\t\t\t\t\t\t\t\t<span class=\"elementor-button-text\">Matem\u00e1tica<\/span>\n\t\t\t\t\t<\/span>\n\t\t\t\t\t<\/a>\n\t\t\t\t\t\t\t\t<\/div>\n\t\t\t\t<\/div>\n\t\t\t\t<\/div>\n\t\t\t\t\t<\/details>\n\t\t\t\t\t<\/div>\n\t\t\t\t\t\t<\/div>\n\t\t\t\t<\/div>\n\t\t\t\t<\/div>\n\t\t\t\t\t<\/div>\n\t\t\t\t<\/div>\n\t\t\t\t<div class=\"elementor-element elementor-element-f2202b8 elementor-widget elementor-widget-spacer\" data-id=\"f2202b8\" data-element_type=\"widget\" data-e-type=\"widget\" data-widget_type=\"spacer.default\">\n\t\t\t\t\t\t\t<div class=\"elementor-spacer\">\n\t\t\t<div class=\"elementor-spacer-inner\"><\/div>\n\t\t<\/div>\n\t\t\t\t\t\t<\/div>\n\t\t<div class=\"elementor-element elementor-element-581384c e-con-full e-flex e-con e-child\" data-id=\"581384c\" data-element_type=\"container\" data-e-type=\"container\">\n\t\t\t\t<div class=\"elementor-element elementor-element-43d7cff elementor-align-center elementor-widget elementor-widget-button\" data-id=\"43d7cff\" data-element_type=\"widget\" data-e-type=\"widget\" data-widget_type=\"button.default\">\n\t\t\t\t\t\t\t\t\t\t<a class=\"elementor-button elementor-button-link elementor-size-sm\" href=\"https:\/\/curriculo.sedu.es.gov.br\/curriculo\/wp-content\/uploads\/2025\/05\/RDIE.pdf\" target=\"_blank\">\n\t\t\t\t\t\t<span class=\"elementor-button-content-wrapper\">\n\t\t\t\t\t\t<span class=\"elementor-button-icon\">\n\t\t\t\t<svg aria-hidden=\"true\" class=\"e-font-icon-svg e-fas-external-link-alt\" viewBox=\"0 0 512 512\" xmlns=\"http:\/\/www.w3.org\/2000\/svg\"><path d=\"M432,320H400a16,16,0,0,0-16,16V448H64V128H208a16,16,0,0,0,16-16V80a16,16,0,0,0-16-16H48A48,48,0,0,0,0,112V464a48,48,0,0,0,48,48H400a48,48,0,0,0,48-48V336A16,16,0,0,0,432,320ZM488,0h-128c-21.37,0-32.05,25.91-17,41l35.73,35.73L135,320.37a24,24,0,0,0,0,34L157.67,377a24,24,0,0,0,34,0L435.28,133.32,471,169c15,15,41,4.5,41-17V24A24,24,0,0,0,488,0Z\"><\/path><\/svg>\t\t\t<\/span>\n\t\t\t\t\t\t\t\t\t<span class=\"elementor-button-text\">GUIA DE PREENCHIMENTO DO RELAT\u00d3RIO DESCRITIVO INDIVIDUAL DO ESTUDANTE DA EJA (RDIE)<\/span>\n\t\t\t\t\t<\/span>\n\t\t\t\t\t<\/a>\n\t\t\t\t\t\t\t\t<\/div>\n\t\t\t\t<\/div>\n\t\t\t\t\t<\/div>\n\t\t\t\t<\/div>\n\t\t<div class=\"elementor-element elementor-element-71f19422 e-flex e-con-boxed e-con e-parent\" data-id=\"71f19422\" data-element_type=\"container\" data-e-type=\"container\">\n\t\t\t\t\t<div class=\"e-con-inner\">\n\t\t\t\t<div class=\"elementor-element elementor-element-08a55b9 elementor-widget elementor-widget-spacer\" data-id=\"08a55b9\" data-element_type=\"widget\" data-e-type=\"widget\" data-widget_type=\"spacer.default\">\n\t\t\t\t\t\t\t<div class=\"elementor-spacer\">\n\t\t\t<div class=\"elementor-spacer-inner\"><\/div>\n\t\t<\/div>\n\t\t\t\t\t\t<\/div>\n\t\t\t\t<div class=\"elementor-element elementor-element-317c2c0b elementor-view-stacked elementor-shape-circle elementor-widget elementor-widget-icon\" data-id=\"317c2c0b\" data-element_type=\"widget\" data-e-type=\"widget\" data-widget_type=\"icon.default\">\n\t\t\t\t\t\t\t<div class=\"elementor-icon-wrapper\">\n\t\t\t<a class=\"elementor-icon\" href=\"https:\/\/curriculo.sedu.es.gov.br\/curriculo\">\n\t\t\t<svg aria-hidden=\"true\" class=\"e-font-icon-svg e-fas-undo\" viewBox=\"0 0 512 512\" xmlns=\"http:\/\/www.w3.org\/2000\/svg\"><path d=\"M212.333 224.333H12c-6.627 0-12-5.373-12-12V12C0 5.373 5.373 0 12 0h48c6.627 0 12 5.373 12 12v78.112C117.773 39.279 184.26 7.47 258.175 8.007c136.906.994 246.448 111.623 246.157 248.532C504.041 393.258 393.12 504 256.333 504c-64.089 0-122.496-24.313-166.51-64.215-5.099-4.622-5.334-12.554-.467-17.42l33.967-33.967c4.474-4.474 11.662-4.717 16.401-.525C170.76 415.336 211.58 432 256.333 432c97.268 0 176-78.716 176-176 0-97.267-78.716-176-176-176-58.496 0-110.28 28.476-142.274 72.333h98.274c6.627 0 12 5.373 12 12v48c0 6.627-5.373 12-12 12z\"><\/path><\/svg>\t\t\t<\/a>\n\t\t<\/div>\n\t\t\t\t\t\t<\/div>\n\t\t\t\t\t<\/div>\n\t\t\t\t<\/div>\n\t\t<div class=\"elementor-element elementor-element-d5516f0 e-flex e-con-boxed e-con e-parent\" data-id=\"d5516f0\" data-element_type=\"container\" data-e-type=\"container\">\n\t\t\t\t\t<div class=\"e-con-inner\">\n\t\t\t\t\t<\/div>\n\t\t\t\t<\/div>\n\t\t<div class=\"elementor-element elementor-element-89893eb e-flex e-con-boxed e-con e-parent\" data-id=\"89893eb\" data-element_type=\"container\" data-e-type=\"container\">\n\t\t\t\t\t<div class=\"e-con-inner\">\n\t\t\t\t\t<\/div>\n\t\t\t\t<\/div>\n\t\t\t\t<\/div>\n\t\t","protected":false},"excerpt":{"rendered":"<p>Os presentes documentos apresentam as Diretrizes Curriculares da Educa\u00e7\u00e3o de Jovens e Adultos da Rede P\u00fablica Estadual do Estado do Esp\u00edrito Santo (DCEJA\/ES). Re\u00fane princ\u00edpios, fun\u00e7\u00f5es e concep\u00e7\u00f5es da modalidade com base no que pensam estudantes, equipes pedag\u00f3gicas e gestoras de nossas escolas, bem como t\u00e9cnicos educacionais das Superintend\u00eancias Regionais de Educa\u00e7\u00e3o (SREs) e da Ger\u00eancia de Educa\u00e7\u00e3o de Jovens e Adultos (GEEJA), da Subsecret\u00e1ria de Educa\u00e7\u00e3o B\u00e1sica e Profissional (SEEB) da Secretaria de Estado da Educa\u00e7\u00e3o (SEDU), al\u00e9m de pesquisadores e estudiosos da \u00e1rea da Educa\u00e7\u00e3o.<\/p>\n<p>Estas diretrizes curriculares foram atualizadas conforme as orienta\u00e7\u00f5es do Conselho Estadual de Educa\u00e7\u00e3o (CEE), por meio da Resolu\u00e7\u00e3o 3.724, de 31 de mar\u00e7o de 2014. Est\u00e3o alinhadas \u00e0s legisla\u00e7\u00f5es nacionais e estaduais, como a Constitui\u00e7\u00e3o Federal, a Lei de Diretrizes e Bases da Educa\u00e7\u00e3o Nacional (LDB), o Plano Estadual de Educa\u00e7\u00e3o do Esp\u00edrito Santo (PEE\/ES), entre outros documentos legais pertinentes.<\/p>\n","protected":false},"author":1,"featured_media":23424,"parent":0,"menu_order":0,"comment_status":"open","ping_status":"closed","template":"elementor_header_footer","meta":{"footnotes":""},"class_list":["post-22079","page","type-page","status-publish","has-post-thumbnail","hentry"],"_links":{"self":[{"href":"https:\/\/curriculo.sedu.es.gov.br\/curriculo\/wp-json\/wp\/v2\/pages\/22079","targetHints":{"allow":["GET"]}}],"collection":[{"href":"https:\/\/curriculo.sedu.es.gov.br\/curriculo\/wp-json\/wp\/v2\/pages"}],"about":[{"href":"https:\/\/curriculo.sedu.es.gov.br\/curriculo\/wp-json\/wp\/v2\/types\/page"}],"author":[{"embeddable":true,"href":"https:\/\/curriculo.sedu.es.gov.br\/curriculo\/wp-json\/wp\/v2\/users\/1"}],"replies":[{"embeddable":true,"href":"https:\/\/curriculo.sedu.es.gov.br\/curriculo\/wp-json\/wp\/v2\/comments?post=22079"}],"version-history":[{"count":24,"href":"https:\/\/curriculo.sedu.es.gov.br\/curriculo\/wp-json\/wp\/v2\/pages\/22079\/revisions"}],"predecessor-version":[{"id":34974,"href":"https:\/\/curriculo.sedu.es.gov.br\/curriculo\/wp-json\/wp\/v2\/pages\/22079\/revisions\/34974"}],"wp:featuredmedia":[{"embeddable":true,"href":"https:\/\/curriculo.sedu.es.gov.br\/curriculo\/wp-json\/wp\/v2\/media\/23424"}],"wp:attachment":[{"href":"https:\/\/curriculo.sedu.es.gov.br\/curriculo\/wp-json\/wp\/v2\/media?parent=22079"}],"curies":[{"name":"wp","href":"https:\/\/api.w.org\/{rel}","templated":true}]}}