{"id":26206,"date":"2024-10-08T13:32:07","date_gmt":"2024-10-08T16:32:07","guid":{"rendered":"https:\/\/curriculo.sedu.es.gov.br\/curriculo\/?page_id=26206"},"modified":"2026-02-26T15:51:23","modified_gmt":"2026-02-26T18:51:23","slug":"projetodevidaef","status":"publish","type":"page","link":"https:\/\/curriculo.sedu.es.gov.br\/curriculo\/projetodevidaef\/","title":{"rendered":"Projeto de vida para o ensino fundamental"},"content":{"rendered":"\t\t<div data-elementor-type=\"wp-page\" data-elementor-id=\"26206\" class=\"elementor elementor-26206\" data-elementor-post-type=\"page\">\n\t\t\t\t<div class=\"elementor-element elementor-element-28563c5f e-flex e-con-boxed e-con e-parent\" data-id=\"28563c5f\" data-element_type=\"container\" data-e-type=\"container\" data-settings=\"{&quot;background_background&quot;:&quot;classic&quot;}\">\n\t\t\t\t\t<div class=\"e-con-inner\">\n\t\t\t\t<div class=\"elementor-element elementor-element-bf0d73f elementor-widget elementor-widget-image\" data-id=\"bf0d73f\" data-element_type=\"widget\" data-e-type=\"widget\" data-widget_type=\"image.default\">\n\t\t\t\t\t\t\t\t\t\t\t\t\t\t\t<img fetchpriority=\"high\" decoding=\"async\" width=\"1600\" height=\"93\" src=\"https:\/\/curriculo.sedu.es.gov.br\/curriculo\/wp-content\/uploads\/2024\/10\/Projeto-de-vida-para-o-ensino-fundamental-cabecalho.jpeg\" class=\"attachment-full size-full wp-image-26208\" alt=\"\" srcset=\"https:\/\/curriculo.sedu.es.gov.br\/curriculo\/wp-content\/uploads\/2024\/10\/Projeto-de-vida-para-o-ensino-fundamental-cabecalho.jpeg 1600w, https:\/\/curriculo.sedu.es.gov.br\/curriculo\/wp-content\/uploads\/2024\/10\/Projeto-de-vida-para-o-ensino-fundamental-cabecalho-300x17.jpeg 300w, https:\/\/curriculo.sedu.es.gov.br\/curriculo\/wp-content\/uploads\/2024\/10\/Projeto-de-vida-para-o-ensino-fundamental-cabecalho-1024x60.jpeg 1024w, https:\/\/curriculo.sedu.es.gov.br\/curriculo\/wp-content\/uploads\/2024\/10\/Projeto-de-vida-para-o-ensino-fundamental-cabecalho-768x45.jpeg 768w, https:\/\/curriculo.sedu.es.gov.br\/curriculo\/wp-content\/uploads\/2024\/10\/Projeto-de-vida-para-o-ensino-fundamental-cabecalho-1536x89.jpeg 1536w, https:\/\/curriculo.sedu.es.gov.br\/curriculo\/wp-content\/uploads\/2024\/10\/Projeto-de-vida-para-o-ensino-fundamental-cabecalho-500x29.jpeg 500w, https:\/\/curriculo.sedu.es.gov.br\/curriculo\/wp-content\/uploads\/2024\/10\/Projeto-de-vida-para-o-ensino-fundamental-cabecalho-800x47.jpeg 800w, https:\/\/curriculo.sedu.es.gov.br\/curriculo\/wp-content\/uploads\/2024\/10\/Projeto-de-vida-para-o-ensino-fundamental-cabecalho-1280x74.jpeg 1280w\" sizes=\"(max-width: 1600px) 100vw, 1600px\" \/>\t\t\t\t\t\t\t\t\t\t\t\t\t\t\t<\/div>\n\t\t\t\t<div class=\"elementor-element elementor-element-3461082d elementor-widget elementor-widget-text-editor\" data-id=\"3461082d\" data-element_type=\"widget\" data-e-type=\"widget\" data-widget_type=\"text-editor.default\">\n\t\t\t\t\t\t\t\t\t<p><em><span style=\"color: #3b4381;\">Caro(a)<\/span><span style=\"color: #3b4381;\"> P<\/span>rof<span style=\"color: #3b4381;\">essor(a)!<\/span><\/em><\/p><p>As frequentes transforma\u00e7\u00f5es que emergem da sociedade contempor\u00e2nea imp\u00f5em \u00e0 educa\u00e7\u00e3o desafios diversos. Dentre eles, ganha relevo, neste momento s\u00f3cio-hist\u00f3rico, o da forma\u00e7\u00e3o humana integral, a qual estabelece o compromisso \u00e9tico de formar o sujeito em sua integralidade, considerando a diversidade humana e as mudan\u00e7as sociais, pol\u00edticas, econ\u00f4micas e culturais.<\/p><p>\u00c0 vista disso, o Projeto de Vida existe para que o indiv\u00edduo fortale\u00e7a o seu processo de autoconhecimento, e, instrumentalizado pela compreens\u00e3o de seus sonhos e de suas potencialidades, seja capaz de projetar um presente e um futuro pautados em seus interesses.<\/p><p>Nesse sentido, a Ger\u00eancia de Educa\u00e7\u00e3o Infantil e Ensino Fundamental da Sedu apresenta este Caderno orientador de Projeto de Vida para o ensino fundamental anos finais, cujo objetivo principal \u00e9 subsidiar a pr\u00e1xis pedag\u00f3gica dos(as) professores(as) de Projeto de Vida da rede p\u00fablica estadual de ensino do Esp\u00edrito Santo.<\/p>\t\t\t\t\t\t\t\t<\/div>\n\t\t<div class=\"elementor-element elementor-element-f1100e5 e-con-full e-flex e-con e-child\" data-id=\"f1100e5\" data-element_type=\"container\" data-e-type=\"container\">\n\t\t<div class=\"elementor-element elementor-element-4b6e7ad e-grid e-con-boxed e-con e-child\" data-id=\"4b6e7ad\" data-element_type=\"container\" data-e-type=\"container\">\n\t\t\t\t\t<div class=\"e-con-inner\">\n\t\t\t\t<div class=\"elementor-element elementor-element-6ee3099 elementor-widget elementor-widget-image\" data-id=\"6ee3099\" data-element_type=\"widget\" data-e-type=\"widget\" data-widget_type=\"image.default\">\n\t\t\t\t\t\t\t\t\t\t\t\t<figure class=\"wp-caption\">\n\t\t\t\t\t\t\t\t\t\t\t<a href=\"https:\/\/drive.google.com\/file\/d\/16BSV8f1SAEbgzlwiH-c9taPfU_IGxIPn\/view?usp=sharing\" target=\"_blank\">\n\t\t\t\t\t\t\t<img decoding=\"async\" width=\"597\" height=\"803\" src=\"https:\/\/curriculo.sedu.es.gov.br\/curriculo\/wp-content\/uploads\/2024\/10\/6o-ANO.png\" class=\"attachment-full size-full wp-image-26211\" alt=\"\" srcset=\"https:\/\/curriculo.sedu.es.gov.br\/curriculo\/wp-content\/uploads\/2024\/10\/6o-ANO.png 597w, https:\/\/curriculo.sedu.es.gov.br\/curriculo\/wp-content\/uploads\/2024\/10\/6o-ANO-223x300.png 223w, https:\/\/curriculo.sedu.es.gov.br\/curriculo\/wp-content\/uploads\/2024\/10\/6o-ANO-500x673.png 500w\" sizes=\"(max-width: 597px) 100vw, 597px\" \/>\t\t\t\t\t\t\t\t<\/a>\n\t\t\t\t\t\t\t\t\t\t\t<figcaption class=\"widget-image-caption wp-caption-text\">6\u00ba ANO<\/figcaption>\n\t\t\t\t\t\t\t\t\t\t<\/figure>\n\t\t\t\t\t\t\t\t\t<\/div>\n\t\t\t\t<div class=\"elementor-element elementor-element-9bc5ee3 elementor-widget elementor-widget-image\" data-id=\"9bc5ee3\" data-element_type=\"widget\" data-e-type=\"widget\" data-widget_type=\"image.default\">\n\t\t\t\t\t\t\t\t\t\t\t\t<figure class=\"wp-caption\">\n\t\t\t\t\t\t\t\t\t\t\t<a href=\"https:\/\/drive.google.com\/file\/d\/1waZp6U6UbsU7aR1LVUIJD9MLLgkkRulj\/view?usp=sharing\" target=\"_blank\">\n\t\t\t\t\t\t\t<img decoding=\"async\" width=\"595\" height=\"801\" src=\"https:\/\/curriculo.sedu.es.gov.br\/curriculo\/wp-content\/uploads\/2024\/10\/7o-ANO.png\" class=\"attachment-full size-full wp-image-26212\" alt=\"\" srcset=\"https:\/\/curriculo.sedu.es.gov.br\/curriculo\/wp-content\/uploads\/2024\/10\/7o-ANO.png 595w, https:\/\/curriculo.sedu.es.gov.br\/curriculo\/wp-content\/uploads\/2024\/10\/7o-ANO-223x300.png 223w, https:\/\/curriculo.sedu.es.gov.br\/curriculo\/wp-content\/uploads\/2024\/10\/7o-ANO-500x673.png 500w\" sizes=\"(max-width: 595px) 100vw, 595px\" \/>\t\t\t\t\t\t\t\t<\/a>\n\t\t\t\t\t\t\t\t\t\t\t<figcaption class=\"widget-image-caption wp-caption-text\">7\u00ba ANO<\/figcaption>\n\t\t\t\t\t\t\t\t\t\t<\/figure>\n\t\t\t\t\t\t\t\t\t<\/div>\n\t\t\t\t<div class=\"elementor-element elementor-element-420ede8 elementor-widget elementor-widget-image\" data-id=\"420ede8\" data-element_type=\"widget\" data-e-type=\"widget\" data-widget_type=\"image.default\">\n\t\t\t\t\t\t\t\t\t\t\t\t<figure class=\"wp-caption\">\n\t\t\t\t\t\t\t\t\t\t\t<a href=\"https:\/\/drive.google.com\/file\/d\/1FZbkD_ppdN-urf8oqFQH2VT1zbUCrBXf\/view?usp=sharing\" target=\"_blank\">\n\t\t\t\t\t\t\t<img loading=\"lazy\" decoding=\"async\" width=\"599\" height=\"803\" src=\"https:\/\/curriculo.sedu.es.gov.br\/curriculo\/wp-content\/uploads\/2024\/10\/8o-ANO.png\" class=\"attachment-full size-full wp-image-26213\" alt=\"\" srcset=\"https:\/\/curriculo.sedu.es.gov.br\/curriculo\/wp-content\/uploads\/2024\/10\/8o-ANO.png 599w, https:\/\/curriculo.sedu.es.gov.br\/curriculo\/wp-content\/uploads\/2024\/10\/8o-ANO-224x300.png 224w, https:\/\/curriculo.sedu.es.gov.br\/curriculo\/wp-content\/uploads\/2024\/10\/8o-ANO-500x670.png 500w\" sizes=\"(max-width: 599px) 100vw, 599px\" \/>\t\t\t\t\t\t\t\t<\/a>\n\t\t\t\t\t\t\t\t\t\t\t<figcaption class=\"widget-image-caption wp-caption-text\">8\u00ba ANO<\/figcaption>\n\t\t\t\t\t\t\t\t\t\t<\/figure>\n\t\t\t\t\t\t\t\t\t<\/div>\n\t\t\t\t<div class=\"elementor-element elementor-element-1307b4c elementor-widget elementor-widget-image\" data-id=\"1307b4c\" data-element_type=\"widget\" data-e-type=\"widget\" data-widget_type=\"image.default\">\n\t\t\t\t\t\t\t\t\t\t\t\t<figure class=\"wp-caption\">\n\t\t\t\t\t\t\t\t\t\t\t<a href=\"https:\/\/drive.google.com\/file\/d\/1ojcaLAOEQNcPB_8mWu9-S9KSFwk3Ay0N\/view?usp=sharing\" target=\"_blank\">\n\t\t\t\t\t\t\t<img loading=\"lazy\" decoding=\"async\" width=\"592\" height=\"792\" src=\"https:\/\/curriculo.sedu.es.gov.br\/curriculo\/wp-content\/uploads\/2024\/10\/9o-ANO-e1728406004816.png\" class=\"attachment-full size-full wp-image-26214\" alt=\"\" srcset=\"https:\/\/curriculo.sedu.es.gov.br\/curriculo\/wp-content\/uploads\/2024\/10\/9o-ANO-e1728406004816.png 592w, https:\/\/curriculo.sedu.es.gov.br\/curriculo\/wp-content\/uploads\/2024\/10\/9o-ANO-e1728406004816-224x300.png 224w, https:\/\/curriculo.sedu.es.gov.br\/curriculo\/wp-content\/uploads\/2024\/10\/9o-ANO-e1728406004816-500x669.png 500w\" sizes=\"(max-width: 592px) 100vw, 592px\" \/>\t\t\t\t\t\t\t\t<\/a>\n\t\t\t\t\t\t\t\t\t\t\t<figcaption class=\"widget-image-caption wp-caption-text\">9\u00ba ANO<\/figcaption>\n\t\t\t\t\t\t\t\t\t\t<\/figure>\n\t\t\t\t\t\t\t\t\t<\/div>\n\t\t\t\t\t<\/div>\n\t\t\t\t<\/div>\n\t\t\t\t<\/div>\n\t\t\t\t\t<\/div>\n\t\t\t\t<\/div>\n\t\t<div class=\"elementor-element elementor-element-321ace6 e-flex e-con-boxed e-con e-parent\" data-id=\"321ace6\" data-element_type=\"container\" data-e-type=\"container\">\n\t\t\t\t\t<div class=\"e-con-inner\">\n\t\t<div class=\"elementor-element elementor-element-557f7f3 e-con-full e-flex e-con e-child\" data-id=\"557f7f3\" data-element_type=\"container\" data-e-type=\"container\">\n\t\t\t\t<\/div>\n\t\t\t\t<div class=\"elementor-element elementor-element-7b97aedd elementor-view-stacked elementor-shape-circle elementor-widget elementor-widget-icon\" data-id=\"7b97aedd\" data-element_type=\"widget\" data-e-type=\"widget\" data-widget_type=\"icon.default\">\n\t\t\t\t\t\t\t<div class=\"elementor-icon-wrapper\">\n\t\t\t<a class=\"elementor-icon\" href=\"https:\/\/curriculo.sedu.es.gov.br\/curriculo\/\">\n\t\t\t<svg aria-hidden=\"true\" class=\"e-font-icon-svg e-fas-undo\" viewBox=\"0 0 512 512\" xmlns=\"http:\/\/www.w3.org\/2000\/svg\"><path d=\"M212.333 224.333H12c-6.627 0-12-5.373-12-12V12C0 5.373 5.373 0 12 0h48c6.627 0 12 5.373 12 12v78.112C117.773 39.279 184.26 7.47 258.175 8.007c136.906.994 246.448 111.623 246.157 248.532C504.041 393.258 393.12 504 256.333 504c-64.089 0-122.496-24.313-166.51-64.215-5.099-4.622-5.334-12.554-.467-17.42l33.967-33.967c4.474-4.474 11.662-4.717 16.401-.525C170.76 415.336 211.58 432 256.333 432c97.268 0 176-78.716 176-176 0-97.267-78.716-176-176-176-58.496 0-110.28 28.476-142.274 72.333h98.274c6.627 0 12 5.373 12 12v48c0 6.627-5.373 12-12 12z\"><\/path><\/svg>\t\t\t<\/a>\n\t\t<\/div>\n\t\t\t\t\t\t<\/div>\n\t\t\t\t<div class=\"elementor-element elementor-element-e1e851b elementor-widget elementor-widget-spacer\" data-id=\"e1e851b\" data-element_type=\"widget\" data-e-type=\"widget\" data-widget_type=\"spacer.default\">\n\t\t\t\t\t\t\t<div class=\"elementor-spacer\">\n\t\t\t<div class=\"elementor-spacer-inner\"><\/div>\n\t\t<\/div>\n\t\t\t\t\t\t<\/div>\n\t\t\t\t\t<\/div>\n\t\t\t\t<\/div>\n\t\t<div class=\"elementor-element elementor-element-2fc0f2c e-flex e-con-boxed e-con e-parent\" data-id=\"2fc0f2c\" data-element_type=\"container\" data-e-type=\"container\">\n\t\t\t\t\t<div class=\"e-con-inner\">\n\t\t\t\t\t<\/div>\n\t\t\t\t<\/div>\n\t\t\t\t<\/div>\n\t\t","protected":false},"excerpt":{"rendered":"<p>A Ger\u00eancia de Educa\u00e7\u00e3o Infantil e Ensino Fundamental da Sedu apresenta este Caderno orientador de Projeto de Vida para o ensino fundamental anos finais, cujo objetivo principal \u00e9 subsidiar a pr\u00e1xis pedag\u00f3gica dos(as) professores(as) de Projeto de Vida da rede p\u00fablica estadual de ensino do Esp\u00edrito Santo.<\/p>\n","protected":false},"author":1,"featured_media":23426,"parent":0,"menu_order":0,"comment_status":"open","ping_status":"closed","template":"elementor_header_footer","meta":{"footnotes":""},"class_list":["post-26206","page","type-page","status-publish","has-post-thumbnail","hentry"],"_links":{"self":[{"href":"https:\/\/curriculo.sedu.es.gov.br\/curriculo\/wp-json\/wp\/v2\/pages\/26206","targetHints":{"allow":["GET"]}}],"collection":[{"href":"https:\/\/curriculo.sedu.es.gov.br\/curriculo\/wp-json\/wp\/v2\/pages"}],"about":[{"href":"https:\/\/curriculo.sedu.es.gov.br\/curriculo\/wp-json\/wp\/v2\/types\/page"}],"author":[{"embeddable":true,"href":"https:\/\/curriculo.sedu.es.gov.br\/curriculo\/wp-json\/wp\/v2\/users\/1"}],"replies":[{"embeddable":true,"href":"https:\/\/curriculo.sedu.es.gov.br\/curriculo\/wp-json\/wp\/v2\/comments?post=26206"}],"version-history":[{"count":3,"href":"https:\/\/curriculo.sedu.es.gov.br\/curriculo\/wp-json\/wp\/v2\/pages\/26206\/revisions"}],"predecessor-version":[{"id":34382,"href":"https:\/\/curriculo.sedu.es.gov.br\/curriculo\/wp-json\/wp\/v2\/pages\/26206\/revisions\/34382"}],"wp:featuredmedia":[{"embeddable":true,"href":"https:\/\/curriculo.sedu.es.gov.br\/curriculo\/wp-json\/wp\/v2\/media\/23426"}],"wp:attachment":[{"href":"https:\/\/curriculo.sedu.es.gov.br\/curriculo\/wp-json\/wp\/v2\/media?parent=26206"}],"curies":[{"name":"wp","href":"https:\/\/api.w.org\/{rel}","templated":true}]}}