{"id":26248,"date":"2024-10-09T16:45:08","date_gmt":"2024-10-09T19:45:08","guid":{"rendered":"https:\/\/curriculo.sedu.es.gov.br\/curriculo\/?page_id=26248"},"modified":"2024-11-06T18:06:54","modified_gmt":"2024-11-06T21:06:54","slug":"edital-rotinas-2025","status":"publish","type":"page","link":"https:\/\/curriculo.sedu.es.gov.br\/curriculo\/edital-rotinas-2025\/","title":{"rendered":"edital-rotinas-2025"},"content":{"rendered":"\t\t<div data-elementor-type=\"wp-page\" data-elementor-id=\"26248\" class=\"elementor elementor-26248\" data-elementor-post-type=\"page\">\n\t\t\t\t<div class=\"elementor-element elementor-element-a1b6d5e e-flex e-con-boxed e-con e-parent\" data-id=\"a1b6d5e\" data-element_type=\"container\" data-e-type=\"container\" data-settings=\"{&quot;background_background&quot;:&quot;classic&quot;}\">\n\t\t\t\t\t<div class=\"e-con-inner\">\n\t\t\t\t<div class=\"elementor-element elementor-element-76ee8574 elementor-widget elementor-widget-spacer\" data-id=\"76ee8574\" data-element_type=\"widget\" data-e-type=\"widget\" data-widget_type=\"spacer.default\">\n\t\t\t\t\t\t\t<div class=\"elementor-spacer\">\n\t\t\t<div class=\"elementor-spacer-inner\"><\/div>\n\t\t<\/div>\n\t\t\t\t\t\t<\/div>\n\t\t\t\t<div class=\"elementor-element elementor-element-376888dd elementor-widget elementor-widget-spacer\" data-id=\"376888dd\" data-element_type=\"widget\" data-e-type=\"widget\" data-widget_type=\"spacer.default\">\n\t\t\t\t\t\t\t<div class=\"elementor-spacer\">\n\t\t\t<div class=\"elementor-spacer-inner\"><\/div>\n\t\t<\/div>\n\t\t\t\t\t\t<\/div>\n\t\t\t\t<div class=\"elementor-element elementor-element-742a8205 elementor-widget elementor-widget-spacer\" data-id=\"742a8205\" data-element_type=\"widget\" data-e-type=\"widget\" data-widget_type=\"spacer.default\">\n\t\t\t\t\t\t\t<div class=\"elementor-spacer\">\n\t\t\t<div class=\"elementor-spacer-inner\"><\/div>\n\t\t<\/div>\n\t\t\t\t\t\t<\/div>\n\t\t\t\t\t<\/div>\n\t\t\t\t<\/div>\n\t\t<div class=\"elementor-element elementor-element-e46dfca e-flex e-con-boxed e-con e-parent\" data-id=\"e46dfca\" data-element_type=\"container\" data-e-type=\"container\">\n\t\t\t\t\t<div class=\"e-con-inner\">\n\t\t\t\t<div class=\"elementor-element elementor-element-be0866e elementor-widget elementor-widget-text-editor\" data-id=\"be0866e\" data-element_type=\"widget\" data-e-type=\"widget\" data-widget_type=\"text-editor.default\">\n\t\t\t\t\t\t\t\t\t<p><strong>EDITAL SEDU N\u00ba 44\/2024<\/strong><br \/>Estabelece normas para o Processo Seletivo de professores de L\u00edngua Portuguesa e Matem\u00e1tica, para atuarem como Redatores de Materiais Estruturados ou Elaboradores de Quest\u00f5es, no \u00e2mbito da A\u00e7\u00e3o das Rotinas Pedag\u00f3gicas Escolares para o Programa da Recomposi\u00e7\u00e3o das Aprendizagens.<\/p>\t\t\t\t\t\t\t\t<\/div>\n\t\t\t\t\t<\/div>\n\t\t\t\t<\/div>\n\t\t<div class=\"elementor-element elementor-element-26d5adba e-flex e-con-boxed e-con e-parent\" data-id=\"26d5adba\" data-element_type=\"container\" data-e-type=\"container\" data-settings=\"{&quot;background_background&quot;:&quot;classic&quot;}\">\n\t\t\t\t\t<div class=\"e-con-inner\">\n\t\t\t\t<div class=\"elementor-element elementor-element-3ada27d elementor-widget elementor-widget-spacer\" data-id=\"3ada27d\" data-element_type=\"widget\" data-e-type=\"widget\" data-widget_type=\"spacer.default\">\n\t\t\t\t\t\t\t<div class=\"elementor-spacer\">\n\t\t\t<div class=\"elementor-spacer-inner\"><\/div>\n\t\t<\/div>\n\t\t\t\t\t\t<\/div>\n\t\t\t\t<div class=\"elementor-element elementor-element-c38383d elementor-widget elementor-widget-spacer\" data-id=\"c38383d\" data-element_type=\"widget\" data-e-type=\"widget\" data-widget_type=\"spacer.default\">\n\t\t\t\t\t\t\t<div class=\"elementor-spacer\">\n\t\t\t<div class=\"elementor-spacer-inner\"><\/div>\n\t\t<\/div>\n\t\t\t\t\t\t<\/div>\n\t\t\t\t<div class=\"elementor-element elementor-element-58965df elementor-widget elementor-widget-spacer\" data-id=\"58965df\" data-element_type=\"widget\" data-e-type=\"widget\" data-widget_type=\"spacer.default\">\n\t\t\t\t\t\t\t<div class=\"elementor-spacer\">\n\t\t\t<div class=\"elementor-spacer-inner\"><\/div>\n\t\t<\/div>\n\t\t\t\t\t\t<\/div>\n\t\t\t\t<div class=\"elementor-element elementor-element-1831074 elementor-widget elementor-widget-spacer\" data-id=\"1831074\" data-element_type=\"widget\" data-e-type=\"widget\" data-widget_type=\"spacer.default\">\n\t\t\t\t\t\t\t<div class=\"elementor-spacer\">\n\t\t\t<div class=\"elementor-spacer-inner\"><\/div>\n\t\t<\/div>\n\t\t\t\t\t\t<\/div>\n\t\t<div class=\"elementor-element elementor-element-62d1e05 e-con-full e-flex e-con e-child\" data-id=\"62d1e05\" data-element_type=\"container\" data-e-type=\"container\">\n\t\t\t\t<div class=\"elementor-element elementor-element-cd6c8d1 elementor-widget elementor-widget-spacer\" data-id=\"cd6c8d1\" data-element_type=\"widget\" data-e-type=\"widget\" data-widget_type=\"spacer.default\">\n\t\t\t\t\t\t\t<div class=\"elementor-spacer\">\n\t\t\t<div class=\"elementor-spacer-inner\"><\/div>\n\t\t<\/div>\n\t\t\t\t\t\t<\/div>\n\t\t\t\t<\/div>\n\t\t\t\t\t<\/div>\n\t\t\t\t<\/div>\n\t\t<div class=\"elementor-element elementor-element-519a5d21 e-flex e-con-boxed e-con e-parent\" data-id=\"519a5d21\" data-element_type=\"container\" data-e-type=\"container\">\n\t\t\t\t\t<div class=\"e-con-inner\">\n\t\t\t\t<div class=\"elementor-element elementor-element-836320d elementor-view-stacked elementor-shape-circle elementor-widget elementor-widget-icon\" data-id=\"836320d\" data-element_type=\"widget\" data-e-type=\"widget\" data-widget_type=\"icon.default\">\n\t\t\t\t\t\t\t<div class=\"elementor-icon-wrapper\">\n\t\t\t<a class=\"elementor-icon\" href=\"https:\/\/curriculo.sedu.es.gov.br\/curriculo\">\n\t\t\t<svg aria-hidden=\"true\" class=\"e-font-icon-svg e-fas-undo\" viewBox=\"0 0 512 512\" xmlns=\"http:\/\/www.w3.org\/2000\/svg\"><path d=\"M212.333 224.333H12c-6.627 0-12-5.373-12-12V12C0 5.373 5.373 0 12 0h48c6.627 0 12 5.373 12 12v78.112C117.773 39.279 184.26 7.47 258.175 8.007c136.906.994 246.448 111.623 246.157 248.532C504.041 393.258 393.12 504 256.333 504c-64.089 0-122.496-24.313-166.51-64.215-5.099-4.622-5.334-12.554-.467-17.42l33.967-33.967c4.474-4.474 11.662-4.717 16.401-.525C170.76 415.336 211.58 432 256.333 432c97.268 0 176-78.716 176-176 0-97.267-78.716-176-176-176-58.496 0-110.28 28.476-142.274 72.333h98.274c6.627 0 12 5.373 12 12v48c0 6.627-5.373 12-12 12z\"><\/path><\/svg>\t\t\t<\/a>\n\t\t<\/div>\n\t\t\t\t\t\t<\/div>\n\t\t\t\t\t<\/div>\n\t\t\t\t<\/div>\n\t\t<div class=\"elementor-element elementor-element-b0d5aa0 e-flex e-con-boxed e-con e-parent\" data-id=\"b0d5aa0\" data-element_type=\"container\" data-e-type=\"container\">\n\t\t\t\t\t<div class=\"e-con-inner\">\n\t\t\t\t\t<\/div>\n\t\t\t\t<\/div>\n\t\t\t\t<\/div>\n\t\t","protected":false},"excerpt":{"rendered":"<p>EDITAL SEDU N\u00ba 44\/2024Estabelece normas para o Processo Seletivo de professores de L\u00edngua Portuguesa e Matem\u00e1tica, para atuarem como Redatores de Materiais Estruturados ou Elaboradores de Quest\u00f5es, no \u00e2mbito da A\u00e7\u00e3o das Rotinas Pedag\u00f3gicas Escolares para o Programa da Recomposi\u00e7\u00e3o das Aprendizagens. RESULTADO DO PROCESSO SELETIVO ATUALIZADO Sele\u00e7\u00e3o de Professores para Rotinas Pedag\u00f3gicas &#8211; documento [&hellip;]<\/p>\n","protected":false},"author":1,"featured_media":0,"parent":0,"menu_order":0,"comment_status":"open","ping_status":"closed","template":"elementor_canvas","meta":{"footnotes":""},"class_list":["post-26248","page","type-page","status-publish","hentry"],"_links":{"self":[{"href":"https:\/\/curriculo.sedu.es.gov.br\/curriculo\/wp-json\/wp\/v2\/pages\/26248","targetHints":{"allow":["GET"]}}],"collection":[{"href":"https:\/\/curriculo.sedu.es.gov.br\/curriculo\/wp-json\/wp\/v2\/pages"}],"about":[{"href":"https:\/\/curriculo.sedu.es.gov.br\/curriculo\/wp-json\/wp\/v2\/types\/page"}],"author":[{"embeddable":true,"href":"https:\/\/curriculo.sedu.es.gov.br\/curriculo\/wp-json\/wp\/v2\/users\/1"}],"replies":[{"embeddable":true,"href":"https:\/\/curriculo.sedu.es.gov.br\/curriculo\/wp-json\/wp\/v2\/comments?post=26248"}],"version-history":[{"count":0,"href":"https:\/\/curriculo.sedu.es.gov.br\/curriculo\/wp-json\/wp\/v2\/pages\/26248\/revisions"}],"wp:attachment":[{"href":"https:\/\/curriculo.sedu.es.gov.br\/curriculo\/wp-json\/wp\/v2\/media?parent=26248"}],"curies":[{"name":"wp","href":"https:\/\/api.w.org\/{rel}","templated":true}]}}