{"id":26888,"date":"2024-12-19T11:31:41","date_gmt":"2024-12-19T14:31:41","guid":{"rendered":"https:\/\/curriculo.sedu.es.gov.br\/curriculo\/?page_id=26888"},"modified":"2026-02-03T14:25:09","modified_gmt":"2026-02-03T17:25:09","slug":"socioeducacao","status":"publish","type":"page","link":"https:\/\/curriculo.sedu.es.gov.br\/curriculo\/socioeducacao\/","title":{"rendered":"Educa\u00e7\u00e3o Escolar na Socioeduca\u00e7\u00e3o"},"content":{"rendered":"\t\t<div data-elementor-type=\"wp-page\" data-elementor-id=\"26888\" class=\"elementor elementor-26888\" data-elementor-post-type=\"page\">\n\t\t\t\t<div class=\"elementor-element elementor-element-1d7964d6 e-flex e-con-boxed e-con e-parent\" data-id=\"1d7964d6\" data-element_type=\"container\" data-e-type=\"container\" data-settings=\"{&quot;background_background&quot;:&quot;classic&quot;}\">\n\t\t\t\t\t<div class=\"e-con-inner\">\n\t\t<div class=\"elementor-element elementor-element-73bc26db e-con-full e-flex e-con e-child\" data-id=\"73bc26db\" data-element_type=\"container\" data-e-type=\"container\">\n\t\t\t\t<div class=\"elementor-element elementor-element-18329d69 elementor-widget elementor-widget-image\" data-id=\"18329d69\" data-element_type=\"widget\" data-e-type=\"widget\" data-widget_type=\"image.default\">\n\t\t\t\t\t\t\t\t\t\t\t\t\t\t\t<img fetchpriority=\"high\" decoding=\"async\" width=\"3083\" height=\"158\" src=\"https:\/\/curriculo.sedu.es.gov.br\/curriculo\/wp-content\/uploads\/2024\/12\/socioeducacao2-png.png\" class=\"attachment-full size-full wp-image-26890\" alt=\"\" srcset=\"https:\/\/curriculo.sedu.es.gov.br\/curriculo\/wp-content\/uploads\/2024\/12\/socioeducacao2-png.png 3083w, https:\/\/curriculo.sedu.es.gov.br\/curriculo\/wp-content\/uploads\/2024\/12\/socioeducacao2-png-300x15.png 300w, https:\/\/curriculo.sedu.es.gov.br\/curriculo\/wp-content\/uploads\/2024\/12\/socioeducacao2-png-1024x52.png 1024w, https:\/\/curriculo.sedu.es.gov.br\/curriculo\/wp-content\/uploads\/2024\/12\/socioeducacao2-png-768x39.png 768w, https:\/\/curriculo.sedu.es.gov.br\/curriculo\/wp-content\/uploads\/2024\/12\/socioeducacao2-png-1536x79.png 1536w, https:\/\/curriculo.sedu.es.gov.br\/curriculo\/wp-content\/uploads\/2024\/12\/socioeducacao2-png-2048x105.png 2048w, https:\/\/curriculo.sedu.es.gov.br\/curriculo\/wp-content\/uploads\/2024\/12\/socioeducacao2-png-500x26.png 500w, https:\/\/curriculo.sedu.es.gov.br\/curriculo\/wp-content\/uploads\/2024\/12\/socioeducacao2-png-800x41.png 800w, https:\/\/curriculo.sedu.es.gov.br\/curriculo\/wp-content\/uploads\/2024\/12\/socioeducacao2-png-1280x66.png 1280w, https:\/\/curriculo.sedu.es.gov.br\/curriculo\/wp-content\/uploads\/2024\/12\/socioeducacao2-png-1920x98.png 1920w\" sizes=\"(max-width: 3083px) 100vw, 3083px\" \/>\t\t\t\t\t\t\t\t\t\t\t\t\t\t\t<\/div>\n\t\t<div class=\"elementor-element elementor-element-3dd35407 e-con-full e-flex e-con e-child\" data-id=\"3dd35407\" data-element_type=\"container\" data-e-type=\"container\">\n\t\t\t\t<div class=\"elementor-element elementor-element-669739e3 elementor-widget elementor-widget-text-editor\" data-id=\"669739e3\" data-element_type=\"widget\" data-e-type=\"widget\" data-widget_type=\"text-editor.default\">\n\t\t\t\t\t\t\t\t\t<p class=\"texto-justificado has-medium-font-size\">A Ger\u00eancia de Educa\u00e7\u00e3o de Jovens e Adultos (Geeja) foi criada em setembro de 2019, por meio do Decreto n\u00ba 4.502-R de 19 de setembro de 2019. Nesse contexto, de elabora\u00e7\u00e3o das principais a\u00e7\u00f5es, a 3\u00aa Vara da Inf\u00e2ncia e Juventude de Vit\u00f3ria, a partir das inspe\u00e7\u00f5es tem\u00e1ticas nas unidades socioeducativas, realizou em 18 de outubro de 2019 o Semin\u00e1rio \u201cA escola na Socioeduca\u00e7\u00e3o: alinhamentos necess\u00e1rios e horizontes poss\u00edveis\u201d, e apresentou \u00e0 Secretaria de Estado da Educa\u00e7\u00e3o (Sedu) e ao Instituto de Atendimento Socioeducativo do Esp\u00edrito Santo (Iases) os desafios da oferta da Educa\u00e7\u00e3o Escolar na Socioeduca\u00e7\u00e3o no Esp\u00edrito Santo. No referido Semin\u00e1rio, a Sedu e o Iases assumiram o compromisso de apresentar estrat\u00e9gias com vistas a qualificar o atendimento na Socioeduca\u00e7\u00e3o.<\/p><p class=\"texto-justificado has-medium-font-size\">Reconhecendo a Educa\u00e7\u00e3o como direito e como condi\u00e7\u00e3o para a Socioeduca\u00e7\u00e3o e partindo sempre dos princ\u00edpios da Educa\u00e7\u00e3o em Direitos Humanos passamos a elaborar o Documento Orientador para a Pol\u00edtica de Educa\u00e7\u00e3o Escolar na Socioeduca\u00e7\u00e3o no Estado do Esp\u00edrito Santo.<\/p><p class=\"texto-justificado has-medium-font-size\">Esse processo foi coordenado pelo Grupo de Trabalho composto por representantes da Sedu\/Seeb\/Geeja e Escolas Refer\u00eancia, bem como pelo Iases\/GMSE\/Suesp e representantes das unidades socioeducativas, sustentando-se nos estudos e no di\u00e1logo com os principais sujeitos envolvidos na escolariza\u00e7\u00e3o na Socioeduca\u00e7\u00e3o.<\/p><p class=\"texto-justificado has-medium-font-size\">A forma\u00e7\u00e3o continuada desenvolvida em parceria com a Ufes e Iases, assim como, com pesquisadores de diferentes universidades brasileiras, atores do Sistema de Garantia de Direitos da Crian\u00e7a e do Adolescente (SGD) e do Programa Fazendo Justi\u00e7a do Conselho Nacional de Justi\u00e7a (CNJ), foi realizada em 2020, 2021 e 2024 envolvendo todos os profissionais da educa\u00e7\u00e3o que atuam nas unidades socioeducativas e servidores do Iases. A base dessa forma\u00e7\u00e3o foi a dialogicidade e a escuta sens\u00edvel dos(as) estudantes, dos(as) professores(as) e dos(as) agentes socioeducativos(as) que<br \/>nos apresentaram elementos fundamentais para pensar este documento.<\/p><p class=\"texto-justificado has-medium-font-size\">\u00c9 oportuno ressaltar que, em 2020, fomos atravessados pela pandemia da Covid-19 que nos exigiu mudan\u00e7as de rotas e outras reflex\u00f5es para garantir a escolariza\u00e7\u00e3o no per\u00edodo de suspens\u00e3o das aulas presenciais. Reconhecemos que foi um processo marcado por dores, desafios, luto, mas, sobretudo, por di\u00e1logo, capacidade criadora e for\u00e7a dos coletivos que desejam e trabalham para que a Educa\u00e7\u00e3o Escolar na Socioeduca\u00e7\u00e3o seja de qualidade e pautada na defesa de uma sociedade democr\u00e1tica, mais justa, equ\u00e2nime e solid\u00e1ria.<\/p><p class=\"texto-justificado has-medium-font-size\">O Documento Orientador para a Pol\u00edtica de Educa\u00e7\u00e3o Escolar na Socioeduca\u00e7\u00e3o no Estado do Esp\u00edrito Santo, como vers\u00e3o preliminar, foi apresentado \u00e0 sociedade capixaba por meio de consulta p\u00fablica, no per\u00edodo de 10 de julho a 07 de agosto de 2023. Com as contribui\u00e7\u00f5es dos \u00f3rg\u00e3os do Sistema de Garantia de Direitos &#8211; SGD e da popula\u00e7\u00e3o capixaba, o documento foi revisto. Atrav\u00e9s do OF\/SEDU\/GS\/N\u00ba 2834, de 15 de dezembro de 2023, o referido Documento Orientador foi encaminhado Conselho Estadual de Educa\u00e7\u00e3o para aprecia\u00e7\u00e3o e normatiza\u00e7\u00e3o no \u00e2mbito do Sistema Estadual de Ensino do Esp\u00edrito Santo, tendo a an\u00e1lise de aprova\u00e7\u00e3o manifesta no Parecer CEE-ES n.\u00ba 8.359\/2024 e a normatiza\u00e7\u00e3o pela Resolu\u00e7\u00e3o CEE-ES n.\u00ba 7.861\/2024. Assim, entregamos ao Esp\u00edrito Santo a Pol\u00edtica de Educa\u00e7\u00e3o Escolar na Socioeduca\u00e7\u00e3o no Estado do Esp\u00edrito Santo.<\/p>\t\t\t\t\t\t\t\t<\/div>\n\t\t<div class=\"elementor-element elementor-element-e811547 e-con-full e-flex e-con e-child\" data-id=\"e811547\" data-element_type=\"container\" data-e-type=\"container\">\n\t\t<div class=\"elementor-element elementor-element-63e4d816 e-grid e-con-full e-con e-child\" data-id=\"63e4d816\" data-element_type=\"container\" data-e-type=\"container\">\n\t\t\t\t<div class=\"elementor-element elementor-element-6d5ece9c elementor-widget elementor-widget-image\" data-id=\"6d5ece9c\" data-element_type=\"widget\" data-e-type=\"widget\" data-widget_type=\"image.default\">\n\t\t\t\t\t\t\t\t\t\t\t\t\t\t\t\t<a href=\"https:\/\/curriculo.sedu.es.gov.br\/curriculo\/wp-content\/uploads\/2024\/12\/Politica-de-Educacao-Escolar-na-Socioeducacao.pdf\" target=\"_blank\">\n\t\t\t\t\t\t\t<img decoding=\"async\" width=\"454\" height=\"643\" src=\"https:\/\/curriculo.sedu.es.gov.br\/curriculo\/wp-content\/uploads\/2024\/12\/Socioeducacao2.png\" class=\"attachment-full size-full wp-image-26891\" alt=\"\" srcset=\"https:\/\/curriculo.sedu.es.gov.br\/curriculo\/wp-content\/uploads\/2024\/12\/Socioeducacao2.png 454w, https:\/\/curriculo.sedu.es.gov.br\/curriculo\/wp-content\/uploads\/2024\/12\/Socioeducacao2-212x300.png 212w\" sizes=\"(max-width: 454px) 100vw, 454px\" \/>\t\t\t\t\t\t\t\t<\/a>\n\t\t\t\t\t\t\t\t\t\t\t\t\t\t\t<\/div>\n\t\t\t\t<\/div>\n\t\t\t\t<\/div>\n\t\t\t\t<\/div>\n\t\t\t\t<\/div>\n\t\t\t\t\t<\/div>\n\t\t\t\t<\/div>\n\t\t<div class=\"elementor-element elementor-element-28799143 e-flex e-con-boxed e-con e-parent\" data-id=\"28799143\" data-element_type=\"container\" data-e-type=\"container\">\n\t\t\t\t\t<div class=\"e-con-inner\">\n\t\t\t\t<div class=\"elementor-element elementor-element-5c3f58ae elementor-view-stacked elementor-shape-circle elementor-widget elementor-widget-icon\" data-id=\"5c3f58ae\" data-element_type=\"widget\" data-e-type=\"widget\" data-widget_type=\"icon.default\">\n\t\t\t\t\t\t\t<div class=\"elementor-icon-wrapper\">\n\t\t\t<a class=\"elementor-icon\" href=\"https:\/\/curriculo.sedu.es.gov.br\/curriculo\">\n\t\t\t<svg aria-hidden=\"true\" class=\"e-font-icon-svg e-fas-undo\" viewBox=\"0 0 512 512\" xmlns=\"http:\/\/www.w3.org\/2000\/svg\"><path d=\"M212.333 224.333H12c-6.627 0-12-5.373-12-12V12C0 5.373 5.373 0 12 0h48c6.627 0 12 5.373 12 12v78.112C117.773 39.279 184.26 7.47 258.175 8.007c136.906.994 246.448 111.623 246.157 248.532C504.041 393.258 393.12 504 256.333 504c-64.089 0-122.496-24.313-166.51-64.215-5.099-4.622-5.334-12.554-.467-17.42l33.967-33.967c4.474-4.474 11.662-4.717 16.401-.525C170.76 415.336 211.58 432 256.333 432c97.268 0 176-78.716 176-176 0-97.267-78.716-176-176-176-58.496 0-110.28 28.476-142.274 72.333h98.274c6.627 0 12 5.373 12 12v48c0 6.627-5.373 12-12 12z\"><\/path><\/svg>\t\t\t<\/a>\n\t\t<\/div>\n\t\t\t\t\t\t<\/div>\n\t\t\t\t\t<\/div>\n\t\t\t\t<\/div>\n\t\t<div class=\"elementor-element elementor-element-31efeb6 e-flex e-con-boxed e-con e-parent\" data-id=\"31efeb6\" data-element_type=\"container\" data-e-type=\"container\">\n\t\t\t\t\t<div class=\"e-con-inner\">\n\t\t\t\t\t<\/div>\n\t\t\t\t<\/div>\n\t\t\t\t<\/div>\n\t\t","protected":false},"excerpt":{"rendered":"<p>A Ger\u00eancia de Educa\u00e7\u00e3o de Jovens e Adultos (Geeja) foi criada em setembro de 2019, por meio do Decreto n\u00ba 4.502-R de 19 de setembro de 2019. Nesse contexto, de elabora\u00e7\u00e3o das principais a\u00e7\u00f5es, a 3\u00aa Vara da Inf\u00e2ncia e Juventude de Vit\u00f3ria, a partir das inspe\u00e7\u00f5es tem\u00e1ticas nas unidades socioeducativas, realizou em 18 de [&hellip;]<\/p>\n","protected":false},"author":1,"featured_media":0,"parent":0,"menu_order":0,"comment_status":"open","ping_status":"closed","template":"elementor_header_footer","meta":{"footnotes":""},"class_list":["post-26888","page","type-page","status-publish","hentry"],"_links":{"self":[{"href":"https:\/\/curriculo.sedu.es.gov.br\/curriculo\/wp-json\/wp\/v2\/pages\/26888","targetHints":{"allow":["GET"]}}],"collection":[{"href":"https:\/\/curriculo.sedu.es.gov.br\/curriculo\/wp-json\/wp\/v2\/pages"}],"about":[{"href":"https:\/\/curriculo.sedu.es.gov.br\/curriculo\/wp-json\/wp\/v2\/types\/page"}],"author":[{"embeddable":true,"href":"https:\/\/curriculo.sedu.es.gov.br\/curriculo\/wp-json\/wp\/v2\/users\/1"}],"replies":[{"embeddable":true,"href":"https:\/\/curriculo.sedu.es.gov.br\/curriculo\/wp-json\/wp\/v2\/comments?post=26888"}],"version-history":[{"count":6,"href":"https:\/\/curriculo.sedu.es.gov.br\/curriculo\/wp-json\/wp\/v2\/pages\/26888\/revisions"}],"predecessor-version":[{"id":33707,"href":"https:\/\/curriculo.sedu.es.gov.br\/curriculo\/wp-json\/wp\/v2\/pages\/26888\/revisions\/33707"}],"wp:attachment":[{"href":"https:\/\/curriculo.sedu.es.gov.br\/curriculo\/wp-json\/wp\/v2\/media?parent=26888"}],"curies":[{"name":"wp","href":"https:\/\/api.w.org\/{rel}","templated":true}]}}