{"id":27335,"date":"2025-01-03T16:22:37","date_gmt":"2025-01-03T19:22:37","guid":{"rendered":"https:\/\/curriculo.sedu.es.gov.br\/curriculo\/?page_id=27335"},"modified":"2026-02-26T16:45:30","modified_gmt":"2026-02-26T19:45:30","slug":"cadernospraticaseja","status":"publish","type":"page","link":"https:\/\/curriculo.sedu.es.gov.br\/curriculo\/cadernospraticaseja\/","title":{"rendered":"Cadernos de Pr\u00e1ticas e Viv\u00eancias Integradoras EJA"},"content":{"rendered":"\t\t<div data-elementor-type=\"wp-page\" data-elementor-id=\"27335\" class=\"elementor elementor-27335\" data-elementor-post-type=\"page\">\n\t\t\t\t<div class=\"elementor-element elementor-element-354dfbca e-flex e-con-boxed e-con e-parent\" data-id=\"354dfbca\" data-element_type=\"container\" data-e-type=\"container\" data-settings=\"{&quot;background_background&quot;:&quot;classic&quot;}\">\n\t\t\t\t\t<div class=\"e-con-inner\">\n\t\t\t\t<div class=\"elementor-element elementor-element-1f5be8d1 elementor-widget elementor-widget-image\" data-id=\"1f5be8d1\" data-element_type=\"widget\" data-e-type=\"widget\" data-widget_type=\"image.default\">\n\t\t\t\t\t\t\t\t\t\t\t\t\t\t\t<img fetchpriority=\"high\" decoding=\"async\" width=\"1600\" height=\"82\" src=\"https:\/\/curriculo.sedu.es.gov.br\/curriculo\/wp-content\/uploads\/2026\/02\/INTEGRADORAS.png\" class=\"attachment-full size-full wp-image-34420\" alt=\"\" srcset=\"https:\/\/curriculo.sedu.es.gov.br\/curriculo\/wp-content\/uploads\/2026\/02\/INTEGRADORAS.png 1600w, https:\/\/curriculo.sedu.es.gov.br\/curriculo\/wp-content\/uploads\/2026\/02\/INTEGRADORAS-300x15.png 300w, https:\/\/curriculo.sedu.es.gov.br\/curriculo\/wp-content\/uploads\/2026\/02\/INTEGRADORAS-1024x52.png 1024w, https:\/\/curriculo.sedu.es.gov.br\/curriculo\/wp-content\/uploads\/2026\/02\/INTEGRADORAS-768x39.png 768w, https:\/\/curriculo.sedu.es.gov.br\/curriculo\/wp-content\/uploads\/2026\/02\/INTEGRADORAS-1536x79.png 1536w\" sizes=\"(max-width: 1600px) 100vw, 1600px\" \/>\t\t\t\t\t\t\t\t\t\t\t\t\t\t\t<\/div>\n\t\t\t\t<div class=\"elementor-element elementor-element-25ec929d elementor-widget elementor-widget-text-editor\" data-id=\"25ec929d\" data-element_type=\"widget\" data-e-type=\"widget\" data-widget_type=\"text-editor.default\">\n\t\t\t\t\t\t\t\t\t<p><em><span style=\"color: #333399;\">Caro(a)<\/span><span style=\"color: #3b4381;\"> Professor(a)!<\/span><\/em><\/p><p><span style=\"color: #333399;\">A Educa\u00e7\u00e3o de Jovens e Adultos (EJA) \u00e9 desenvolvida como uma oferta priorit\u00e1ria para a Secretaria de Estado da Educa\u00e7\u00e3o do Esp\u00edrito Santo, o que se evidencia, desde o ano de 2019, com a cria\u00e7\u00e3o da Ger\u00eancia de Educa\u00e7\u00e3o de Jovens e Adultos \u2013 Geeja.<\/span><\/p><p><span style=\"color: #333399;\">No ano de 2021, foi implantada a EJA Diurna Seja +<i> <\/i>com o objetivo de ampliar as oportunidades educacionais de nossos jovens, adultos e idosos, por meio de uma organiza\u00e7\u00e3o curricular diferenciada. Desde sua implanta\u00e7\u00e3o, essa oferta tem sido aprimorada a partir de assessoramentos pedag\u00f3gicos, forma\u00e7\u00f5es e escuta de estudantes e professores.<\/span><\/p><p><span style=\"color: #333399;\">Desses movimentos sistematizados surge a proposta de elabora\u00e7\u00e3o de um material estruturado para apoiar a pr\u00e1tica docente, sobretudo em rela\u00e7\u00e3o aos componentes curriculares integradores Pr\u00e1ticas e Viv\u00eancias Integradoras 1 e Pr\u00e1ticas e Viv\u00eancias Integradoras 2. <\/span><\/p><p><span style=\"color: #333399;\">Assim, com muita satisfa\u00e7\u00e3o, apresentamos a Colet\u00e2nea de Cadernos de Pr\u00e1ticas e Viv\u00eancias Integradoras da EJA Diurna, relacionados \u00e0 integra\u00e7\u00e3o curricular das \u00c1reas de Conhecimento de Linguagens e Ci\u00eancias Humanas. A primeira colet\u00e2nea \u00e9 composta por quatro Cadernos, elaborados a partir das categorias Trabalho, Territ\u00f3rio, Juventudes <\/span><span style=\"color: #333399;\">e Desigualdades.<\/span><\/p><p><span style=\"color: #333399;\">Almejamos que esses materiais possam enriquecer ainda mais o trabalho docente e reverberar na forma\u00e7\u00e3o dos nossos estudantes, por meio da apropria\u00e7\u00e3o de conhecimentos que possibilitem \u201cintervir na ordem estabelecida\u201d, como sempre nos ensinou Paulo Freire.<\/span><\/p><p><span style=\"color: #333399;\">Desejamos um bom trabalho!<\/span><\/p>\t\t\t\t\t\t\t\t<\/div>\n\t\t<div class=\"elementor-element elementor-element-124968f5 e-con-full e-flex e-con e-child\" data-id=\"124968f5\" data-element_type=\"container\" data-e-type=\"container\">\n\t\t<div class=\"elementor-element elementor-element-165442 e-grid e-con-full e-con e-child\" data-id=\"165442\" data-element_type=\"container\" data-e-type=\"container\">\n\t\t\t\t<div class=\"elementor-element elementor-element-1a26f676 elementor-widget elementor-widget-image\" data-id=\"1a26f676\" data-element_type=\"widget\" data-e-type=\"widget\" data-widget_type=\"image.default\">\n\t\t\t\t\t\t\t\t\t\t\t\t\t\t\t\t<a href=\"https:\/\/curriculo.sedu.es.gov.br\/curriculo\/wp-content\/uploads\/2025\/01\/CADERNO-PRATICAS-E-VIVENCIAS-EJA-TRABALHO.pdf\" target=\"_blank\">\n\t\t\t\t\t\t\t<img decoding=\"async\" width=\"595\" height=\"839\" src=\"https:\/\/curriculo.sedu.es.gov.br\/curriculo\/wp-content\/uploads\/2025\/01\/TRABALHO.png\" class=\"attachment-full size-full wp-image-27341\" alt=\"\" srcset=\"https:\/\/curriculo.sedu.es.gov.br\/curriculo\/wp-content\/uploads\/2025\/01\/TRABALHO.png 595w, https:\/\/curriculo.sedu.es.gov.br\/curriculo\/wp-content\/uploads\/2025\/01\/TRABALHO-213x300.png 213w\" sizes=\"(max-width: 595px) 100vw, 595px\" \/>\t\t\t\t\t\t\t\t<\/a>\n\t\t\t\t\t\t\t\t\t\t\t\t\t\t\t<\/div>\n\t\t\t\t<div class=\"elementor-element elementor-element-73f3f910 elementor-widget elementor-widget-image\" data-id=\"73f3f910\" data-element_type=\"widget\" data-e-type=\"widget\" data-widget_type=\"image.default\">\n\t\t\t\t\t\t\t\t\t\t\t\t\t\t\t\t<a href=\"https:\/\/curriculo.sedu.es.gov.br\/curriculo\/wp-content\/uploads\/2025\/01\/CADERNO-PRATICAS-E-VIVENCIAS-EJA-TERRITORIO.pdf\" target=\"_blank\">\n\t\t\t\t\t\t\t<img decoding=\"async\" width=\"593\" height=\"839\" src=\"https:\/\/curriculo.sedu.es.gov.br\/curriculo\/wp-content\/uploads\/2025\/01\/TERRITORIO.png\" class=\"attachment-full size-full wp-image-27340\" alt=\"\" srcset=\"https:\/\/curriculo.sedu.es.gov.br\/curriculo\/wp-content\/uploads\/2025\/01\/TERRITORIO.png 593w, https:\/\/curriculo.sedu.es.gov.br\/curriculo\/wp-content\/uploads\/2025\/01\/TERRITORIO-212x300.png 212w\" sizes=\"(max-width: 593px) 100vw, 593px\" \/>\t\t\t\t\t\t\t\t<\/a>\n\t\t\t\t\t\t\t\t\t\t\t\t\t\t\t<\/div>\n\t\t\t\t<div class=\"elementor-element elementor-element-623b8619 elementor-widget elementor-widget-image\" data-id=\"623b8619\" data-element_type=\"widget\" data-e-type=\"widget\" data-widget_type=\"image.default\">\n\t\t\t\t\t\t\t\t\t\t\t\t\t\t\t\t<a href=\"https:\/\/curriculo.sedu.es.gov.br\/curriculo\/wp-content\/uploads\/2025\/01\/CADERNO-PRATICAS-E-VIVENCIAS-EJA-DESIGUALDADES.pdf\" target=\"_blank\">\n\t\t\t\t\t\t\t<img loading=\"lazy\" decoding=\"async\" width=\"597\" height=\"843\" src=\"https:\/\/curriculo.sedu.es.gov.br\/curriculo\/wp-content\/uploads\/2025\/01\/DESIGUALDADES.png\" class=\"attachment-full size-full wp-image-27339\" alt=\"\" srcset=\"https:\/\/curriculo.sedu.es.gov.br\/curriculo\/wp-content\/uploads\/2025\/01\/DESIGUALDADES.png 597w, https:\/\/curriculo.sedu.es.gov.br\/curriculo\/wp-content\/uploads\/2025\/01\/DESIGUALDADES-212x300.png 212w\" sizes=\"(max-width: 597px) 100vw, 597px\" \/>\t\t\t\t\t\t\t\t<\/a>\n\t\t\t\t\t\t\t\t\t\t\t\t\t\t\t<\/div>\n\t\t\t\t<div class=\"elementor-element elementor-element-73640ef7 elementor-widget elementor-widget-image\" data-id=\"73640ef7\" data-element_type=\"widget\" data-e-type=\"widget\" data-widget_type=\"image.default\">\n\t\t\t\t\t\t\t\t\t\t\t\t\t\t\t\t<a href=\"https:\/\/curriculo.sedu.es.gov.br\/curriculo\/wp-content\/uploads\/2025\/01\/CADERNO-PRATICAS-E-VIVENCIAS-EJA-JUVENTUDES.pdf\">\n\t\t\t\t\t\t\t<img loading=\"lazy\" decoding=\"async\" width=\"593\" height=\"841\" src=\"https:\/\/curriculo.sedu.es.gov.br\/curriculo\/wp-content\/uploads\/2025\/01\/JUVENTUDES.png\" class=\"attachment-full size-full wp-image-27338\" alt=\"\" srcset=\"https:\/\/curriculo.sedu.es.gov.br\/curriculo\/wp-content\/uploads\/2025\/01\/JUVENTUDES.png 593w, https:\/\/curriculo.sedu.es.gov.br\/curriculo\/wp-content\/uploads\/2025\/01\/JUVENTUDES-212x300.png 212w\" sizes=\"(max-width: 593px) 100vw, 593px\" \/>\t\t\t\t\t\t\t\t<\/a>\n\t\t\t\t\t\t\t\t\t\t\t\t\t\t\t<\/div>\n\t\t\t\t<\/div>\n\t\t\t\t<\/div>\n\t\t<div class=\"elementor-element elementor-element-5de0b82d e-con-full e-flex e-con e-child\" data-id=\"5de0b82d\" data-element_type=\"container\" data-e-type=\"container\">\n\t\t\t\t<\/div>\n\t\t\t\t<div class=\"elementor-element elementor-element-e996df1 elementor-widget elementor-widget-spacer\" data-id=\"e996df1\" data-element_type=\"widget\" data-e-type=\"widget\" data-widget_type=\"spacer.default\">\n\t\t\t\t\t\t\t<div class=\"elementor-spacer\">\n\t\t\t<div class=\"elementor-spacer-inner\"><\/div>\n\t\t<\/div>\n\t\t\t\t\t\t<\/div>\n\t\t<div class=\"elementor-element elementor-element-50e75166 e-con-full e-flex e-con e-child\" data-id=\"50e75166\" data-element_type=\"container\" data-e-type=\"container\">\n\t\t\t\t<div class=\"elementor-element elementor-element-18137339 elementor-widget elementor-widget-spacer\" data-id=\"18137339\" data-element_type=\"widget\" data-e-type=\"widget\" data-widget_type=\"spacer.default\">\n\t\t\t\t\t\t\t<div class=\"elementor-spacer\">\n\t\t\t<div class=\"elementor-spacer-inner\"><\/div>\n\t\t<\/div>\n\t\t\t\t\t\t<\/div>\n\t\t\t\t<\/div>\n\t\t\t\t\t<\/div>\n\t\t\t\t<\/div>\n\t\t<div class=\"elementor-element elementor-element-5056f32 e-flex e-con-boxed e-con e-parent\" data-id=\"5056f32\" data-element_type=\"container\" data-e-type=\"container\">\n\t\t\t\t\t<div class=\"e-con-inner\">\n\t\t<div class=\"elementor-element elementor-element-d1e9c8b e-con-full e-grid e-con e-child\" data-id=\"d1e9c8b\" data-element_type=\"container\" data-e-type=\"container\">\n\t\t\t\t<div class=\"elementor-element elementor-element-ccc32f8 elementor-view-stacked elementor-shape-circle elementor-widget elementor-widget-icon\" data-id=\"ccc32f8\" data-element_type=\"widget\" data-e-type=\"widget\" data-widget_type=\"icon.default\">\n\t\t\t\t\t\t\t<div class=\"elementor-icon-wrapper\">\n\t\t\t<a class=\"elementor-icon\" href=\"https:\/\/curriculo.sedu.es.gov.br\/curriculo\">\n\t\t\t<svg aria-hidden=\"true\" class=\"e-font-icon-svg e-fas-undo\" viewBox=\"0 0 512 512\" xmlns=\"http:\/\/www.w3.org\/2000\/svg\"><path d=\"M212.333 224.333H12c-6.627 0-12-5.373-12-12V12C0 5.373 5.373 0 12 0h48c6.627 0 12 5.373 12 12v78.112C117.773 39.279 184.26 7.47 258.175 8.007c136.906.994 246.448 111.623 246.157 248.532C504.041 393.258 393.12 504 256.333 504c-64.089 0-122.496-24.313-166.51-64.215-5.099-4.622-5.334-12.554-.467-17.42l33.967-33.967c4.474-4.474 11.662-4.717 16.401-.525C170.76 415.336 211.58 432 256.333 432c97.268 0 176-78.716 176-176 0-97.267-78.716-176-176-176-58.496 0-110.28 28.476-142.274 72.333h98.274c6.627 0 12 5.373 12 12v48c0 6.627-5.373 12-12 12z\"><\/path><\/svg>\t\t\t<\/a>\n\t\t<\/div>\n\t\t\t\t\t\t<\/div>\n\t\t\t\t<\/div>\n\t\t\t\t\t<\/div>\n\t\t\t\t<\/div>\n\t\t<div class=\"elementor-element elementor-element-67fbadf e-flex e-con-boxed e-con e-parent\" data-id=\"67fbadf\" data-element_type=\"container\" data-e-type=\"container\">\n\t\t\t\t\t<div class=\"e-con-inner\">\n\t\t\t\t\t<\/div>\n\t\t\t\t<\/div>\n\t\t\t\t<\/div>\n\t\t","protected":false},"excerpt":{"rendered":"<p>Caro(a) Professor(a)! A Educa\u00e7\u00e3o de Jovens e Adultos (EJA) \u00e9 desenvolvida como uma oferta priorit\u00e1ria para a Secretaria de Estado da Educa\u00e7\u00e3o do Esp\u00edrito Santo, o que se evidencia, desde o ano de 2019, com a cria\u00e7\u00e3o da Ger\u00eancia de Educa\u00e7\u00e3o de Jovens e Adultos \u2013 Geeja. No ano de 2021, foi implantada a EJA [&hellip;]<\/p>\n","protected":false},"author":1,"featured_media":27341,"parent":0,"menu_order":0,"comment_status":"open","ping_status":"closed","template":"elementor_header_footer","meta":{"footnotes":""},"class_list":["post-27335","page","type-page","status-publish","has-post-thumbnail","hentry"],"_links":{"self":[{"href":"https:\/\/curriculo.sedu.es.gov.br\/curriculo\/wp-json\/wp\/v2\/pages\/27335","targetHints":{"allow":["GET"]}}],"collection":[{"href":"https:\/\/curriculo.sedu.es.gov.br\/curriculo\/wp-json\/wp\/v2\/pages"}],"about":[{"href":"https:\/\/curriculo.sedu.es.gov.br\/curriculo\/wp-json\/wp\/v2\/types\/page"}],"author":[{"embeddable":true,"href":"https:\/\/curriculo.sedu.es.gov.br\/curriculo\/wp-json\/wp\/v2\/users\/1"}],"replies":[{"embeddable":true,"href":"https:\/\/curriculo.sedu.es.gov.br\/curriculo\/wp-json\/wp\/v2\/comments?post=27335"}],"version-history":[{"count":6,"href":"https:\/\/curriculo.sedu.es.gov.br\/curriculo\/wp-json\/wp\/v2\/pages\/27335\/revisions"}],"predecessor-version":[{"id":34423,"href":"https:\/\/curriculo.sedu.es.gov.br\/curriculo\/wp-json\/wp\/v2\/pages\/27335\/revisions\/34423"}],"wp:featuredmedia":[{"embeddable":true,"href":"https:\/\/curriculo.sedu.es.gov.br\/curriculo\/wp-json\/wp\/v2\/media\/27341"}],"wp:attachment":[{"href":"https:\/\/curriculo.sedu.es.gov.br\/curriculo\/wp-json\/wp\/v2\/media?parent=27335"}],"curies":[{"name":"wp","href":"https:\/\/api.w.org\/{rel}","templated":true}]}}