{"id":29665,"date":"2025-04-01T15:04:09","date_gmt":"2025-04-01T18:04:09","guid":{"rendered":"https:\/\/curriculo.sedu.es.gov.br\/curriculo\/?page_id=29665"},"modified":"2026-04-09T15:13:13","modified_gmt":"2026-04-09T18:13:13","slug":"curriculocomputacao","status":"publish","type":"page","link":"https:\/\/curriculo.sedu.es.gov.br\/curriculo\/curriculocomputacao\/","title":{"rendered":"CURR\u00cdCULO DA COMPUTA\u00c7\u00c3O"},"content":{"rendered":"\t\t<div data-elementor-type=\"wp-page\" data-elementor-id=\"29665\" class=\"elementor elementor-29665\" data-elementor-post-type=\"page\">\n\t\t\t\t<div class=\"elementor-element elementor-element-439a4f2b e-flex e-con-boxed e-con e-parent\" data-id=\"439a4f2b\" data-element_type=\"container\" data-e-type=\"container\" data-settings=\"{&quot;background_background&quot;:&quot;classic&quot;}\">\n\t\t\t\t\t<div class=\"e-con-inner\">\n\t\t<div class=\"elementor-element elementor-element-617d8e14 e-con-full e-flex e-con e-child\" data-id=\"617d8e14\" data-element_type=\"container\" data-e-type=\"container\">\n\t\t<div class=\"elementor-element elementor-element-a4b4a76 e-con-full e-flex e-con e-child\" data-id=\"a4b4a76\" data-element_type=\"container\" data-e-type=\"container\">\n\t\t\t\t<div class=\"elementor-element elementor-element-9663b11 elementor-widget elementor-widget-image\" data-id=\"9663b11\" data-element_type=\"widget\" data-e-type=\"widget\" data-widget_type=\"image.default\">\n\t\t\t\t\t\t\t\t\t\t\t\t\t\t\t<img fetchpriority=\"high\" decoding=\"async\" width=\"2560\" height=\"131\" src=\"https:\/\/curriculo.sedu.es.gov.br\/curriculo\/wp-content\/uploads\/2025\/06\/BOTAO-CURRICULO-COMPUTACAO-GRANDE-scaled.png\" class=\"attachment-full size-full wp-image-30797\" alt=\"\" srcset=\"https:\/\/curriculo.sedu.es.gov.br\/curriculo\/wp-content\/uploads\/2025\/06\/BOTAO-CURRICULO-COMPUTACAO-GRANDE-scaled.png 2560w, https:\/\/curriculo.sedu.es.gov.br\/curriculo\/wp-content\/uploads\/2025\/06\/BOTAO-CURRICULO-COMPUTACAO-GRANDE-300x15.png 300w, https:\/\/curriculo.sedu.es.gov.br\/curriculo\/wp-content\/uploads\/2025\/06\/BOTAO-CURRICULO-COMPUTACAO-GRANDE-1024x52.png 1024w, https:\/\/curriculo.sedu.es.gov.br\/curriculo\/wp-content\/uploads\/2025\/06\/BOTAO-CURRICULO-COMPUTACAO-GRANDE-768x39.png 768w, https:\/\/curriculo.sedu.es.gov.br\/curriculo\/wp-content\/uploads\/2025\/06\/BOTAO-CURRICULO-COMPUTACAO-GRANDE-1536x79.png 1536w, https:\/\/curriculo.sedu.es.gov.br\/curriculo\/wp-content\/uploads\/2025\/06\/BOTAO-CURRICULO-COMPUTACAO-GRANDE-2048x105.png 2048w\" sizes=\"(max-width: 2560px) 100vw, 2560px\" \/>\t\t\t\t\t\t\t\t\t\t\t\t\t\t\t<\/div>\n\t\t\t\t<\/div>\n\t\t\t\t<\/div>\n\t\t\t\t<div class=\"elementor-element elementor-element-b6b80ef elementor-widget elementor-widget-text-editor\" data-id=\"b6b80ef\" data-element_type=\"widget\" data-e-type=\"widget\" data-widget_type=\"text-editor.default\">\n\t\t\t\t\t\t\t\t\t<h3><i>Seja bem-vindo(a) ao Curr\u00edculo da Computa\u00e7\u00e3o do Esp\u00edrito Santo!<\/i><\/h3><h3><i style=\"color: inherit; font-family: inherit; font-size: 1.5rem;\">Este espa\u00e7o re\u00fane as diretrizes, habilidades e orienta\u00e7\u00f5es pedag\u00f3gicas que integram o Curr\u00edculo da Computa\u00e7\u00e3o como direito de aprendizagem de todos os estudantes da rede estadual do Esp\u00edrito Santo. Alinhado \u00e0 BNCC e estruturado nos eixos Pensamento Computacional, Cultura Digital e Mundo Digital, os curr\u00edculos foram constru\u00eddos de forma colaborativa para apoiar professores e gestores na implementa\u00e7\u00e3o de pr\u00e1ticas significativas e atualizadas, preparando os estudantes para os desafios do mundo digital com \u00e9tica, criatividade e responsabilidade.<\/i><\/h3>\t\t\t\t\t\t\t\t<\/div>\n\t\t<div class=\"elementor-element elementor-element-c7cde41 e-con-full e-grid e-con e-child\" data-id=\"c7cde41\" data-element_type=\"container\" data-e-type=\"container\">\n\t\t\t\t<div class=\"elementor-element elementor-element-1301171 elementor-align-center elementor-widget elementor-widget-button\" data-id=\"1301171\" data-element_type=\"widget\" data-e-type=\"widget\" data-widget_type=\"button.default\">\n\t\t\t\t\t\t\t\t\t\t<a class=\"elementor-button elementor-button-link elementor-size-sm\" href=\"https:\/\/curriculo.sedu.es.gov.br\/curriculo\/wp-content\/uploads\/2025\/06\/res8703_-_SEDU_-_Curriculo_de_Computacao_da_Rede_Estadual_do_ES-3.pdf\" target=\"_blank\">\n\t\t\t\t\t\t<span class=\"elementor-button-content-wrapper\">\n\t\t\t\t\t\t<span class=\"elementor-button-icon\">\n\t\t\t\t<svg aria-hidden=\"true\" class=\"e-font-icon-svg e-fas-external-link-alt\" viewBox=\"0 0 512 512\" xmlns=\"http:\/\/www.w3.org\/2000\/svg\"><path d=\"M432,320H400a16,16,0,0,0-16,16V448H64V128H208a16,16,0,0,0,16-16V80a16,16,0,0,0-16-16H48A48,48,0,0,0,0,112V464a48,48,0,0,0,48,48H400a48,48,0,0,0,48-48V336A16,16,0,0,0,432,320ZM488,0h-128c-21.37,0-32.05,25.91-17,41l35.73,35.73L135,320.37a24,24,0,0,0,0,34L157.67,377a24,24,0,0,0,34,0L435.28,133.32,471,169c15,15,41,4.5,41-17V24A24,24,0,0,0,488,0Z\"><\/path><\/svg>\t\t\t<\/span>\n\t\t\t\t\t\t\t\t\t<span class=\"elementor-button-text\">RESOLU\u00c7\u00c3O CEE-ES N\u00ba 8.703\/2025<\/span>\n\t\t\t\t\t<\/span>\n\t\t\t\t\t<\/a>\n\t\t\t\t\t\t\t\t<\/div>\n\t\t\t\t<div class=\"elementor-element elementor-element-d6fb959 elementor-align-center elementor-widget elementor-widget-button\" data-id=\"d6fb959\" data-element_type=\"widget\" data-e-type=\"widget\" data-widget_type=\"button.default\">\n\t\t\t\t\t\t\t\t\t\t<a class=\"elementor-button elementor-button-link elementor-size-sm\" href=\"https:\/\/curriculo.sedu.es.gov.br\/curriculo\/wp-content\/uploads\/2025\/10\/ERRATA_-_SEDU_-_Curriculo_de_Computacao_do_ES_-_CEB_e_CEEB.pdf\" target=\"_blank\">\n\t\t\t\t\t\t<span class=\"elementor-button-content-wrapper\">\n\t\t\t\t\t\t<span class=\"elementor-button-icon\">\n\t\t\t\t<svg aria-hidden=\"true\" class=\"e-font-icon-svg e-fas-external-link-alt\" viewBox=\"0 0 512 512\" xmlns=\"http:\/\/www.w3.org\/2000\/svg\"><path d=\"M432,320H400a16,16,0,0,0-16,16V448H64V128H208a16,16,0,0,0,16-16V80a16,16,0,0,0-16-16H48A48,48,0,0,0,0,112V464a48,48,0,0,0,48,48H400a48,48,0,0,0,48-48V336A16,16,0,0,0,432,320ZM488,0h-128c-21.37,0-32.05,25.91-17,41l35.73,35.73L135,320.37a24,24,0,0,0,0,34L157.67,377a24,24,0,0,0,34,0L435.28,133.32,471,169c15,15,41,4.5,41-17V24A24,24,0,0,0,488,0Z\"><\/path><\/svg>\t\t\t<\/span>\n\t\t\t\t\t\t\t\t\t<span class=\"elementor-button-text\">ERRATA - CURR\u00cdCULO DA COMPUTA\u00c7\u00c3O<\/span>\n\t\t\t\t\t<\/span>\n\t\t\t\t\t<\/a>\n\t\t\t\t\t\t\t\t<\/div>\n\t\t\t\t<div class=\"elementor-element elementor-element-e9958e2 elementor-widget elementor-widget-spacer\" data-id=\"e9958e2\" data-element_type=\"widget\" data-e-type=\"widget\" data-widget_type=\"spacer.default\">\n\t\t\t\t\t\t\t<div class=\"elementor-spacer\">\n\t\t\t<div class=\"elementor-spacer-inner\"><\/div>\n\t\t<\/div>\n\t\t\t\t\t\t<\/div>\n\t\t\t\t<\/div>\n\t\t<div class=\"elementor-element elementor-element-4b4c5c61 e-con-full e-flex e-con e-child\" data-id=\"4b4c5c61\" data-element_type=\"container\" data-e-type=\"container\">\n\t\t<div class=\"elementor-element elementor-element-ed6b831 e-grid e-con-full e-con e-child\" data-id=\"ed6b831\" data-element_type=\"container\" data-e-type=\"container\">\n\t\t\t\t<div class=\"elementor-element elementor-element-9ab1ddc elementor-widget elementor-widget-image\" data-id=\"9ab1ddc\" data-element_type=\"widget\" data-e-type=\"widget\" data-widget_type=\"image.default\">\n\t\t\t\t\t\t\t\t\t\t\t\t<figure class=\"wp-caption\">\n\t\t\t\t\t\t\t\t\t\t\t<a href=\"https:\/\/curriculo.sedu.es.gov.br\/curriculo\/wp-content\/uploads\/2025\/07\/CURRICULO-COMPUTACAO-ES-EDUCACAO-INFANTIL_040725.pdf\" target=\"_blank\">\n\t\t\t\t\t\t\t<img decoding=\"async\" width=\"1805\" height=\"2560\" src=\"https:\/\/curriculo.sedu.es.gov.br\/curriculo\/wp-content\/uploads\/2025\/06\/CAPA-EDUCACAO-INFANTIL-scaled.jpg\" class=\"attachment-full size-full wp-image-30798\" alt=\"\" srcset=\"https:\/\/curriculo.sedu.es.gov.br\/curriculo\/wp-content\/uploads\/2025\/06\/CAPA-EDUCACAO-INFANTIL-scaled.jpg 1805w, https:\/\/curriculo.sedu.es.gov.br\/curriculo\/wp-content\/uploads\/2025\/06\/CAPA-EDUCACAO-INFANTIL-212x300.jpg 212w, https:\/\/curriculo.sedu.es.gov.br\/curriculo\/wp-content\/uploads\/2025\/06\/CAPA-EDUCACAO-INFANTIL-722x1024.jpg 722w, https:\/\/curriculo.sedu.es.gov.br\/curriculo\/wp-content\/uploads\/2025\/06\/CAPA-EDUCACAO-INFANTIL-768x1089.jpg 768w, https:\/\/curriculo.sedu.es.gov.br\/curriculo\/wp-content\/uploads\/2025\/06\/CAPA-EDUCACAO-INFANTIL-1083x1536.jpg 1083w, https:\/\/curriculo.sedu.es.gov.br\/curriculo\/wp-content\/uploads\/2025\/06\/CAPA-EDUCACAO-INFANTIL-1444x2048.jpg 1444w\" sizes=\"(max-width: 1805px) 100vw, 1805px\" \/>\t\t\t\t\t\t\t\t<\/a>\n\t\t\t\t\t\t\t\t\t\t\t<figcaption class=\"widget-image-caption wp-caption-text\">EDUCA\u00c7\u00c3O INFANTIL<\/figcaption>\n\t\t\t\t\t\t\t\t\t\t<\/figure>\n\t\t\t\t\t\t\t\t\t<\/div>\n\t\t\t\t<div class=\"elementor-element elementor-element-da5eae1 elementor-widget elementor-widget-image\" data-id=\"da5eae1\" data-element_type=\"widget\" data-e-type=\"widget\" data-widget_type=\"image.default\">\n\t\t\t\t\t\t\t\t\t\t\t\t<figure class=\"wp-caption\">\n\t\t\t\t\t\t\t\t\t\t\t<a href=\"https:\/\/curriculo.sedu.es.gov.br\/curriculo\/wp-content\/uploads\/2025\/07\/CURRICULO-COMPUTACAO-ES-ENSINO-FUNDAMENTAL-1_040725.pdf\" target=\"_blank\">\n\t\t\t\t\t\t\t<img decoding=\"async\" width=\"1805\" height=\"2560\" src=\"https:\/\/curriculo.sedu.es.gov.br\/curriculo\/wp-content\/uploads\/2025\/06\/CAPA-ANOS-INICIAIS-scaled.jpg\" class=\"attachment-full size-full wp-image-30799\" alt=\"\" srcset=\"https:\/\/curriculo.sedu.es.gov.br\/curriculo\/wp-content\/uploads\/2025\/06\/CAPA-ANOS-INICIAIS-scaled.jpg 1805w, https:\/\/curriculo.sedu.es.gov.br\/curriculo\/wp-content\/uploads\/2025\/06\/CAPA-ANOS-INICIAIS-212x300.jpg 212w, https:\/\/curriculo.sedu.es.gov.br\/curriculo\/wp-content\/uploads\/2025\/06\/CAPA-ANOS-INICIAIS-722x1024.jpg 722w, https:\/\/curriculo.sedu.es.gov.br\/curriculo\/wp-content\/uploads\/2025\/06\/CAPA-ANOS-INICIAIS-768x1089.jpg 768w, https:\/\/curriculo.sedu.es.gov.br\/curriculo\/wp-content\/uploads\/2025\/06\/CAPA-ANOS-INICIAIS-1083x1536.jpg 1083w, https:\/\/curriculo.sedu.es.gov.br\/curriculo\/wp-content\/uploads\/2025\/06\/CAPA-ANOS-INICIAIS-1444x2048.jpg 1444w\" sizes=\"(max-width: 1805px) 100vw, 1805px\" \/>\t\t\t\t\t\t\t\t<\/a>\n\t\t\t\t\t\t\t\t\t\t\t<figcaption class=\"widget-image-caption wp-caption-text\">ENSINO FUNDAMENTAL ANOS INICIAIS<\/figcaption>\n\t\t\t\t\t\t\t\t\t\t<\/figure>\n\t\t\t\t\t\t\t\t\t<\/div>\n\t\t\t\t<div class=\"elementor-element elementor-element-f5a3fe5 elementor-widget elementor-widget-image\" data-id=\"f5a3fe5\" data-element_type=\"widget\" data-e-type=\"widget\" data-widget_type=\"image.default\">\n\t\t\t\t\t\t\t\t\t\t\t\t<figure class=\"wp-caption\">\n\t\t\t\t\t\t\t\t\t\t\t<a href=\"https:\/\/curriculo.sedu.es.gov.br\/curriculo\/wp-content\/uploads\/2025\/07\/CURRICULO-COMPUTACAO-ES-ENSINO-FUNDAMENTAL-2_040725.pdf\" target=\"_blank\">\n\t\t\t\t\t\t\t<img loading=\"lazy\" decoding=\"async\" width=\"1805\" height=\"2560\" src=\"https:\/\/curriculo.sedu.es.gov.br\/curriculo\/wp-content\/uploads\/2025\/06\/CAPA-ANOS-FINAIS-scaled.jpg\" class=\"attachment-full size-full wp-image-30800\" alt=\"\" srcset=\"https:\/\/curriculo.sedu.es.gov.br\/curriculo\/wp-content\/uploads\/2025\/06\/CAPA-ANOS-FINAIS-scaled.jpg 1805w, https:\/\/curriculo.sedu.es.gov.br\/curriculo\/wp-content\/uploads\/2025\/06\/CAPA-ANOS-FINAIS-212x300.jpg 212w, https:\/\/curriculo.sedu.es.gov.br\/curriculo\/wp-content\/uploads\/2025\/06\/CAPA-ANOS-FINAIS-722x1024.jpg 722w, https:\/\/curriculo.sedu.es.gov.br\/curriculo\/wp-content\/uploads\/2025\/06\/CAPA-ANOS-FINAIS-768x1089.jpg 768w, https:\/\/curriculo.sedu.es.gov.br\/curriculo\/wp-content\/uploads\/2025\/06\/CAPA-ANOS-FINAIS-1083x1536.jpg 1083w, https:\/\/curriculo.sedu.es.gov.br\/curriculo\/wp-content\/uploads\/2025\/06\/CAPA-ANOS-FINAIS-1444x2048.jpg 1444w\" sizes=\"(max-width: 1805px) 100vw, 1805px\" \/>\t\t\t\t\t\t\t\t<\/a>\n\t\t\t\t\t\t\t\t\t\t\t<figcaption class=\"widget-image-caption wp-caption-text\">ENSINO FUNDAMENTAL ANOS FINAIS<\/figcaption>\n\t\t\t\t\t\t\t\t\t\t<\/figure>\n\t\t\t\t\t\t\t\t\t<\/div>\n\t\t\t\t<div class=\"elementor-element elementor-element-1ea614f elementor-widget elementor-widget-image\" data-id=\"1ea614f\" data-element_type=\"widget\" data-e-type=\"widget\" data-widget_type=\"image.default\">\n\t\t\t\t\t\t\t\t\t\t\t\t<figure class=\"wp-caption\">\n\t\t\t\t\t\t\t\t\t\t\t<a href=\"https:\/\/curriculo.sedu.es.gov.br\/curriculo\/wp-content\/uploads\/2025\/10\/CURRICULO-COMPUTACAO-ES-ENSINO-MEDIO151025.pdf\" target=\"_blank\">\n\t\t\t\t\t\t\t<img loading=\"lazy\" decoding=\"async\" width=\"768\" height=\"1089\" src=\"https:\/\/curriculo.sedu.es.gov.br\/curriculo\/wp-content\/uploads\/2025\/06\/CAPA-ENSINO-MEDIO-768x1089.jpg\" class=\"attachment-medium_large size-medium_large wp-image-30801\" alt=\"\" srcset=\"https:\/\/curriculo.sedu.es.gov.br\/curriculo\/wp-content\/uploads\/2025\/06\/CAPA-ENSINO-MEDIO-768x1089.jpg 768w, https:\/\/curriculo.sedu.es.gov.br\/curriculo\/wp-content\/uploads\/2025\/06\/CAPA-ENSINO-MEDIO-212x300.jpg 212w, https:\/\/curriculo.sedu.es.gov.br\/curriculo\/wp-content\/uploads\/2025\/06\/CAPA-ENSINO-MEDIO-722x1024.jpg 722w, https:\/\/curriculo.sedu.es.gov.br\/curriculo\/wp-content\/uploads\/2025\/06\/CAPA-ENSINO-MEDIO-1083x1536.jpg 1083w, https:\/\/curriculo.sedu.es.gov.br\/curriculo\/wp-content\/uploads\/2025\/06\/CAPA-ENSINO-MEDIO-1444x2048.jpg 1444w, https:\/\/curriculo.sedu.es.gov.br\/curriculo\/wp-content\/uploads\/2025\/06\/CAPA-ENSINO-MEDIO-scaled.jpg 1805w\" sizes=\"(max-width: 768px) 100vw, 768px\" \/>\t\t\t\t\t\t\t\t<\/a>\n\t\t\t\t\t\t\t\t\t\t\t<figcaption class=\"widget-image-caption wp-caption-text\">ENSINO M\u00c9DIO<\/figcaption>\n\t\t\t\t\t\t\t\t\t\t<\/figure>\n\t\t\t\t\t\t\t\t\t<\/div>\n\t\t\t\t<\/div>\n\t\t<div class=\"elementor-element elementor-element-a6a483f e-grid e-con-full e-con e-child\" data-id=\"a6a483f\" data-element_type=\"container\" data-e-type=\"container\">\n\t\t\t\t<div class=\"elementor-element elementor-element-8ec11f9 elementor-widget elementor-widget-image\" data-id=\"8ec11f9\" data-element_type=\"widget\" data-e-type=\"widget\" data-widget_type=\"image.default\">\n\t\t\t\t\t\t\t\t\t\t\t\t\t\t\t\t<a href=\"https:\/\/curriculo.sedu.es.gov.br\/curriculo\/wp-content\/uploads\/2025\/06\/MANDALA-EDUCACAO-INFANTIL.pdf\" target=\"_blank\">\n\t\t\t\t\t\t\t<img loading=\"lazy\" decoding=\"async\" width=\"2558\" height=\"2560\" src=\"https:\/\/curriculo.sedu.es.gov.br\/curriculo\/wp-content\/uploads\/2025\/06\/MANDALA_EDUCACAO_INFANTIL_ICONE-scaled.png\" class=\"attachment-full size-full wp-image-30802\" alt=\"\" srcset=\"https:\/\/curriculo.sedu.es.gov.br\/curriculo\/wp-content\/uploads\/2025\/06\/MANDALA_EDUCACAO_INFANTIL_ICONE-scaled.png 2558w, https:\/\/curriculo.sedu.es.gov.br\/curriculo\/wp-content\/uploads\/2025\/06\/MANDALA_EDUCACAO_INFANTIL_ICONE-300x300.png 300w, https:\/\/curriculo.sedu.es.gov.br\/curriculo\/wp-content\/uploads\/2025\/06\/MANDALA_EDUCACAO_INFANTIL_ICONE-1024x1024.png 1024w, https:\/\/curriculo.sedu.es.gov.br\/curriculo\/wp-content\/uploads\/2025\/06\/MANDALA_EDUCACAO_INFANTIL_ICONE-150x150.png 150w, https:\/\/curriculo.sedu.es.gov.br\/curriculo\/wp-content\/uploads\/2025\/06\/MANDALA_EDUCACAO_INFANTIL_ICONE-768x769.png 768w, https:\/\/curriculo.sedu.es.gov.br\/curriculo\/wp-content\/uploads\/2025\/06\/MANDALA_EDUCACAO_INFANTIL_ICONE-1536x1536.png 1536w\" sizes=\"(max-width: 2558px) 100vw, 2558px\" \/>\t\t\t\t\t\t\t\t<\/a>\n\t\t\t\t\t\t\t\t\t\t\t\t\t\t\t<\/div>\n\t\t\t\t<div class=\"elementor-element elementor-element-ada2c70 elementor-widget elementor-widget-image\" data-id=\"ada2c70\" data-element_type=\"widget\" data-e-type=\"widget\" data-widget_type=\"image.default\">\n\t\t\t\t\t\t\t\t\t\t\t\t\t\t\t\t<a href=\"https:\/\/curriculo.sedu.es.gov.br\/curriculo\/wp-content\/uploads\/2025\/06\/MANDALA-ENSINO-FUNDAMENTAL-ANOS-INICIAIS.pdf\" target=\"_blank\">\n\t\t\t\t\t\t\t<img loading=\"lazy\" decoding=\"async\" width=\"2560\" height=\"2560\" src=\"https:\/\/curriculo.sedu.es.gov.br\/curriculo\/wp-content\/uploads\/2025\/06\/MANDALA_ENSINO_FUNDAMENTAL_ANOS_INICIAIS_ICONE-scaled.png\" class=\"attachment-full size-full wp-image-30803\" alt=\"\" srcset=\"https:\/\/curriculo.sedu.es.gov.br\/curriculo\/wp-content\/uploads\/2025\/06\/MANDALA_ENSINO_FUNDAMENTAL_ANOS_INICIAIS_ICONE-scaled.png 2560w, https:\/\/curriculo.sedu.es.gov.br\/curriculo\/wp-content\/uploads\/2025\/06\/MANDALA_ENSINO_FUNDAMENTAL_ANOS_INICIAIS_ICONE-300x300.png 300w, https:\/\/curriculo.sedu.es.gov.br\/curriculo\/wp-content\/uploads\/2025\/06\/MANDALA_ENSINO_FUNDAMENTAL_ANOS_INICIAIS_ICONE-1024x1024.png 1024w, https:\/\/curriculo.sedu.es.gov.br\/curriculo\/wp-content\/uploads\/2025\/06\/MANDALA_ENSINO_FUNDAMENTAL_ANOS_INICIAIS_ICONE-150x150.png 150w, https:\/\/curriculo.sedu.es.gov.br\/curriculo\/wp-content\/uploads\/2025\/06\/MANDALA_ENSINO_FUNDAMENTAL_ANOS_INICIAIS_ICONE-768x768.png 768w, https:\/\/curriculo.sedu.es.gov.br\/curriculo\/wp-content\/uploads\/2025\/06\/MANDALA_ENSINO_FUNDAMENTAL_ANOS_INICIAIS_ICONE-1536x1536.png 1536w, https:\/\/curriculo.sedu.es.gov.br\/curriculo\/wp-content\/uploads\/2025\/06\/MANDALA_ENSINO_FUNDAMENTAL_ANOS_INICIAIS_ICONE-2048x2048.png 2048w\" sizes=\"(max-width: 2560px) 100vw, 2560px\" \/>\t\t\t\t\t\t\t\t<\/a>\n\t\t\t\t\t\t\t\t\t\t\t\t\t\t\t<\/div>\n\t\t\t\t<div class=\"elementor-element elementor-element-9031e16 elementor-widget elementor-widget-image\" data-id=\"9031e16\" data-element_type=\"widget\" data-e-type=\"widget\" data-widget_type=\"image.default\">\n\t\t\t\t\t\t\t\t\t\t\t\t\t\t\t\t<a href=\"https:\/\/curriculo.sedu.es.gov.br\/curriculo\/wp-content\/uploads\/2025\/06\/MANDALA-ENSINO-FUNDAMENTAL-ANOS-FINAIS.pdf\" target=\"_blank\">\n\t\t\t\t\t\t\t<img loading=\"lazy\" decoding=\"async\" width=\"2560\" height=\"2560\" src=\"https:\/\/curriculo.sedu.es.gov.br\/curriculo\/wp-content\/uploads\/2025\/06\/MANDALA_ENSINO_FUNDAMENTAL_ANOS_FINAIS_ICONE-scaled.png\" class=\"attachment-full size-full wp-image-30804\" alt=\"\" srcset=\"https:\/\/curriculo.sedu.es.gov.br\/curriculo\/wp-content\/uploads\/2025\/06\/MANDALA_ENSINO_FUNDAMENTAL_ANOS_FINAIS_ICONE-scaled.png 2560w, https:\/\/curriculo.sedu.es.gov.br\/curriculo\/wp-content\/uploads\/2025\/06\/MANDALA_ENSINO_FUNDAMENTAL_ANOS_FINAIS_ICONE-300x300.png 300w, https:\/\/curriculo.sedu.es.gov.br\/curriculo\/wp-content\/uploads\/2025\/06\/MANDALA_ENSINO_FUNDAMENTAL_ANOS_FINAIS_ICONE-1024x1024.png 1024w, https:\/\/curriculo.sedu.es.gov.br\/curriculo\/wp-content\/uploads\/2025\/06\/MANDALA_ENSINO_FUNDAMENTAL_ANOS_FINAIS_ICONE-150x150.png 150w, https:\/\/curriculo.sedu.es.gov.br\/curriculo\/wp-content\/uploads\/2025\/06\/MANDALA_ENSINO_FUNDAMENTAL_ANOS_FINAIS_ICONE-768x768.png 768w, https:\/\/curriculo.sedu.es.gov.br\/curriculo\/wp-content\/uploads\/2025\/06\/MANDALA_ENSINO_FUNDAMENTAL_ANOS_FINAIS_ICONE-1536x1536.png 1536w, https:\/\/curriculo.sedu.es.gov.br\/curriculo\/wp-content\/uploads\/2025\/06\/MANDALA_ENSINO_FUNDAMENTAL_ANOS_FINAIS_ICONE-2048x2048.png 2048w\" sizes=\"(max-width: 2560px) 100vw, 2560px\" \/>\t\t\t\t\t\t\t\t<\/a>\n\t\t\t\t\t\t\t\t\t\t\t\t\t\t\t<\/div>\n\t\t\t\t<div class=\"elementor-element elementor-element-f4c6839 elementor-widget elementor-widget-image\" data-id=\"f4c6839\" data-element_type=\"widget\" data-e-type=\"widget\" data-widget_type=\"image.default\">\n\t\t\t\t\t\t\t\t\t\t\t\t\t\t\t\t<a href=\"https:\/\/curriculo.sedu.es.gov.br\/curriculo\/wp-content\/uploads\/2025\/06\/MANDALA-ENSINO-MEDIO.pdf\" target=\"_blank\">\n\t\t\t\t\t\t\t<img loading=\"lazy\" decoding=\"async\" width=\"2558\" height=\"2560\" src=\"https:\/\/curriculo.sedu.es.gov.br\/curriculo\/wp-content\/uploads\/2025\/06\/MANDALA_ENSINO_MEDIO_ICONE-scaled.png\" class=\"attachment-full size-full wp-image-30805\" alt=\"\" srcset=\"https:\/\/curriculo.sedu.es.gov.br\/curriculo\/wp-content\/uploads\/2025\/06\/MANDALA_ENSINO_MEDIO_ICONE-scaled.png 2558w, https:\/\/curriculo.sedu.es.gov.br\/curriculo\/wp-content\/uploads\/2025\/06\/MANDALA_ENSINO_MEDIO_ICONE-300x300.png 300w, https:\/\/curriculo.sedu.es.gov.br\/curriculo\/wp-content\/uploads\/2025\/06\/MANDALA_ENSINO_MEDIO_ICONE-1024x1024.png 1024w, https:\/\/curriculo.sedu.es.gov.br\/curriculo\/wp-content\/uploads\/2025\/06\/MANDALA_ENSINO_MEDIO_ICONE-150x150.png 150w, https:\/\/curriculo.sedu.es.gov.br\/curriculo\/wp-content\/uploads\/2025\/06\/MANDALA_ENSINO_MEDIO_ICONE-768x769.png 768w, https:\/\/curriculo.sedu.es.gov.br\/curriculo\/wp-content\/uploads\/2025\/06\/MANDALA_ENSINO_MEDIO_ICONE-1536x1536.png 1536w\" sizes=\"(max-width: 2558px) 100vw, 2558px\" \/>\t\t\t\t\t\t\t\t<\/a>\n\t\t\t\t\t\t\t\t\t\t\t\t\t\t\t<\/div>\n\t\t\t\t<\/div>\n\t\t<div class=\"elementor-element elementor-element-a1bfb96 e-con-full e-flex e-con e-child\" data-id=\"a1bfb96\" data-element_type=\"container\" data-e-type=\"container\">\n\t\t\t\t<div class=\"elementor-element elementor-element-4a4ffe8 elementor-widget elementor-widget-text-editor\" data-id=\"4a4ffe8\" data-element_type=\"widget\" data-e-type=\"widget\" data-widget_type=\"text-editor.default\">\n\t\t\t\t\t\t\t\t\t<p style=\"text-align: center;\">CLIQUE NAS IMAGENS PARA AMPLIAR<\/p>\t\t\t\t\t\t\t\t<\/div>\n\t\t\t\t<\/div>\n\t\t\t\t<\/div>\n\t\t<div class=\"elementor-element elementor-element-f160ab9 e-con-full e-flex e-con e-child\" data-id=\"f160ab9\" data-element_type=\"container\" data-e-type=\"container\">\n\t\t\t\t<div class=\"elementor-element elementor-element-eaff743 elementor-widget elementor-widget-spacer\" data-id=\"eaff743\" data-element_type=\"widget\" data-e-type=\"widget\" data-widget_type=\"spacer.default\">\n\t\t\t\t\t\t\t<div class=\"elementor-spacer\">\n\t\t\t<div class=\"elementor-spacer-inner\"><\/div>\n\t\t<\/div>\n\t\t\t\t\t\t<\/div>\n\t\t\t\t<\/div>\n\t\t<div class=\"elementor-element elementor-element-60b48cf3 e-con-full e-flex e-con e-child\" data-id=\"60b48cf3\" data-element_type=\"container\" data-e-type=\"container\">\n\t\t\t\t<div class=\"elementor-element elementor-element-42e8794b elementor-view-stacked elementor-shape-circle elementor-widget elementor-widget-icon\" data-id=\"42e8794b\" data-element_type=\"widget\" data-e-type=\"widget\" data-widget_type=\"icon.default\">\n\t\t\t\t\t\t\t<div class=\"elementor-icon-wrapper\">\n\t\t\t<a class=\"elementor-icon\" href=\"https:\/\/curriculo.sedu.es.gov.br\/curriculo\/\">\n\t\t\t<svg aria-hidden=\"true\" class=\"e-font-icon-svg e-fas-undo\" viewBox=\"0 0 512 512\" xmlns=\"http:\/\/www.w3.org\/2000\/svg\"><path d=\"M212.333 224.333H12c-6.627 0-12-5.373-12-12V12C0 5.373 5.373 0 12 0h48c6.627 0 12 5.373 12 12v78.112C117.773 39.279 184.26 7.47 258.175 8.007c136.906.994 246.448 111.623 246.157 248.532C504.041 393.258 393.12 504 256.333 504c-64.089 0-122.496-24.313-166.51-64.215-5.099-4.622-5.334-12.554-.467-17.42l33.967-33.967c4.474-4.474 11.662-4.717 16.401-.525C170.76 415.336 211.58 432 256.333 432c97.268 0 176-78.716 176-176 0-97.267-78.716-176-176-176-58.496 0-110.28 28.476-142.274 72.333h98.274c6.627 0 12 5.373 12 12v48c0 6.627-5.373 12-12 12z\"><\/path><\/svg>\t\t\t<\/a>\n\t\t<\/div>\n\t\t\t\t\t\t<\/div>\n\t\t\t\t<\/div>\n\t\t\t\t\t<\/div>\n\t\t\t\t<\/div>\n\t\t<div class=\"elementor-element elementor-element-69498b1 e-flex e-con-boxed e-con e-parent\" data-id=\"69498b1\" data-element_type=\"container\" data-e-type=\"container\">\n\t\t\t\t\t<div class=\"e-con-inner\">\n\t\t\t\t\t<\/div>\n\t\t\t\t<\/div>\n\t\t\t\t<\/div>\n\t\t","protected":false},"excerpt":{"rendered":"<p>Seja bem-vindo(a) ao Curr\u00edculo da Computa\u00e7\u00e3o do Esp\u00edrito Santo! Este espa\u00e7o re\u00fane as diretrizes, habilidades e orienta\u00e7\u00f5es pedag\u00f3gicas que integram o Curr\u00edculo da Computa\u00e7\u00e3o como direito de aprendizagem de todos os estudantes da rede estadual do Esp\u00edrito Santo. Alinhado \u00e0 BNCC e estruturado nos eixos Pensamento Computacional, Cultura Digital e Mundo Digital, os curr\u00edculos foram [&hellip;]<\/p>\n","protected":false},"author":1,"featured_media":0,"parent":0,"menu_order":0,"comment_status":"open","ping_status":"closed","template":"elementor_header_footer","meta":{"footnotes":""},"class_list":["post-29665","page","type-page","status-publish","hentry"],"_links":{"self":[{"href":"https:\/\/curriculo.sedu.es.gov.br\/curriculo\/wp-json\/wp\/v2\/pages\/29665","targetHints":{"allow":["GET"]}}],"collection":[{"href":"https:\/\/curriculo.sedu.es.gov.br\/curriculo\/wp-json\/wp\/v2\/pages"}],"about":[{"href":"https:\/\/curriculo.sedu.es.gov.br\/curriculo\/wp-json\/wp\/v2\/types\/page"}],"author":[{"embeddable":true,"href":"https:\/\/curriculo.sedu.es.gov.br\/curriculo\/wp-json\/wp\/v2\/users\/1"}],"replies":[{"embeddable":true,"href":"https:\/\/curriculo.sedu.es.gov.br\/curriculo\/wp-json\/wp\/v2\/comments?post=29665"}],"version-history":[{"count":15,"href":"https:\/\/curriculo.sedu.es.gov.br\/curriculo\/wp-json\/wp\/v2\/pages\/29665\/revisions"}],"predecessor-version":[{"id":35174,"href":"https:\/\/curriculo.sedu.es.gov.br\/curriculo\/wp-json\/wp\/v2\/pages\/29665\/revisions\/35174"}],"wp:attachment":[{"href":"https:\/\/curriculo.sedu.es.gov.br\/curriculo\/wp-json\/wp\/v2\/media?parent=29665"}],"curies":[{"name":"wp","href":"https:\/\/api.w.org\/{rel}","templated":true}]}}