{"id":32695,"date":"2025-11-24T16:21:39","date_gmt":"2025-11-24T19:21:39","guid":{"rendered":"https:\/\/curriculo.sedu.es.gov.br\/curriculo\/?page_id=32695"},"modified":"2026-02-26T16:23:31","modified_gmt":"2026-02-26T19:23:31","slug":"aprofundamento-em-leitura-e-escrita","status":"publish","type":"page","link":"https:\/\/curriculo.sedu.es.gov.br\/curriculo\/aprofundamento-em-leitura-e-escrita\/","title":{"rendered":"O Aprofundamento em Leitura e Escrita \u2013 ALE"},"content":{"rendered":"\t\t<div data-elementor-type=\"wp-page\" data-elementor-id=\"32695\" class=\"elementor elementor-32695\" data-elementor-post-type=\"page\">\n\t\t\t\t<div class=\"elementor-element elementor-element-60b126b9 e-flex e-con-boxed e-con e-parent\" data-id=\"60b126b9\" data-element_type=\"container\" data-e-type=\"container\" data-settings=\"{&quot;background_background&quot;:&quot;classic&quot;}\">\n\t\t\t\t\t<div class=\"e-con-inner\">\n\t\t\t\t<div class=\"elementor-element elementor-element-3842b5eb elementor-widget elementor-widget-image\" data-id=\"3842b5eb\" data-element_type=\"widget\" data-e-type=\"widget\" data-widget_type=\"image.default\">\n\t\t\t\t\t\t\t\t\t\t\t\t\t\t\t<img fetchpriority=\"high\" decoding=\"async\" width=\"1600\" height=\"82\" src=\"https:\/\/curriculo.sedu.es.gov.br\/curriculo\/wp-content\/uploads\/2025\/11\/Aprofundamento-em-Leitura-e-Escrita-4.png\" class=\"attachment-full size-full wp-image-32700\" alt=\"\" srcset=\"https:\/\/curriculo.sedu.es.gov.br\/curriculo\/wp-content\/uploads\/2025\/11\/Aprofundamento-em-Leitura-e-Escrita-4.png 1600w, https:\/\/curriculo.sedu.es.gov.br\/curriculo\/wp-content\/uploads\/2025\/11\/Aprofundamento-em-Leitura-e-Escrita-4-300x15.png 300w, https:\/\/curriculo.sedu.es.gov.br\/curriculo\/wp-content\/uploads\/2025\/11\/Aprofundamento-em-Leitura-e-Escrita-4-1024x52.png 1024w, https:\/\/curriculo.sedu.es.gov.br\/curriculo\/wp-content\/uploads\/2025\/11\/Aprofundamento-em-Leitura-e-Escrita-4-768x39.png 768w, https:\/\/curriculo.sedu.es.gov.br\/curriculo\/wp-content\/uploads\/2025\/11\/Aprofundamento-em-Leitura-e-Escrita-4-1536x79.png 1536w\" sizes=\"(max-width: 1600px) 100vw, 1600px\" \/>\t\t\t\t\t\t\t\t\t\t\t\t\t\t\t<\/div>\n\t\t<div class=\"elementor-element elementor-element-32ca6a59 e-flex e-con-boxed e-con e-child\" data-id=\"32ca6a59\" data-element_type=\"container\" data-e-type=\"container\">\n\t\t\t\t\t<div class=\"e-con-inner\">\n\t\t<div class=\"elementor-element elementor-element-60055b0 e-flex e-con-boxed e-con e-child\" data-id=\"60055b0\" data-element_type=\"container\" data-e-type=\"container\">\n\t\t\t\t\t<div class=\"e-con-inner\">\n\t\t\t\t<div class=\"elementor-element elementor-element-2ff1a08c elementor-widget elementor-widget-text-editor\" data-id=\"2ff1a08c\" data-element_type=\"widget\" data-e-type=\"widget\" data-widget_type=\"text-editor.default\">\n\t\t\t\t\t\t\t\t\t<p><strong>Caro(a) professor(a),<\/strong><\/p><p>O Aprofundamento em Leitura e Escrita \u2013 ALE objetiva promover pr\u00e1ticas liter\u00e1rias que contribuam para:<\/p><ul><li><p><span style=\"background-color: transparent;\">desenvolver a cultura leitora;<\/span><\/p><\/li><li><p>propiciar situa\u00e7\u00f5es de leitura pr\u00f3prias de atividades vivenciadas cotidianamente, pelos estudantes, fazendo o uso de suas informa\u00e7\u00f5es;<\/p><\/li><\/ul><ul><li><p>ampliar os conhecimentos em leitura, a frui\u00e7\u00e3o e a produ\u00e7\u00e3o de textos diversos, representativos da diversidade cultural e lingu\u00edstica, que favore\u00e7am experi\u00eancias est\u00e9ticas.<\/p><\/li><\/ul><p>Como subs\u00eddio, apresentamos, a seguir:<\/p><ul><li><p><em>Diretrizes curriculares e operacionais para Aprofundamento em Leitura e Escrita &#8211; ALE no ensino fundamental anos iniciais<\/em><\/p><\/li><li><p><em>Orienta\u00e7\u00e3o Curricular para o Aprofundamento em Leitura e Escrita (ALE): 1\u00ba ao 5\u00ba ano<\/em>.<\/p><\/li><\/ul><p><strong>Bom trabalho!<\/strong><\/p>\t\t\t\t\t\t\t\t<\/div>\n\t\t\t\t\t<\/div>\n\t\t\t\t<\/div>\n\t\t\t\t\t<\/div>\n\t\t\t\t<\/div>\n\t\t<div class=\"elementor-element elementor-element-5d8b6ff e-flex e-con-boxed e-con e-child\" data-id=\"5d8b6ff\" data-element_type=\"container\" data-e-type=\"container\">\n\t\t\t\t\t<div class=\"e-con-inner\">\n\t\t\t\t<div class=\"elementor-element elementor-element-7b8c125 elementor-align-center elementor-widget elementor-widget-button\" data-id=\"7b8c125\" data-element_type=\"widget\" data-e-type=\"widget\" data-widget_type=\"button.default\">\n\t\t\t\t\t\t\t\t\t\t<a class=\"elementor-button elementor-button-link elementor-size-sm\" href=\"https:\/\/drive.google.com\/file\/d\/1DJ3Y-kodmsUdSTbeVZdILSSStRyldv51\/view?usp=sharing\">\n\t\t\t\t\t\t<span class=\"elementor-button-content-wrapper\">\n\t\t\t\t\t\t\t\t\t<span class=\"elementor-button-text\">Diretrizes curriculares e operacionais para Aprofundamento em Leitura e Escrita - ALE no ensino fundamental anos iniciais<\/span>\n\t\t\t\t\t<\/span>\n\t\t\t\t\t<\/a>\n\t\t\t\t\t\t\t\t<\/div>\n\t\t\t\t<div class=\"elementor-element elementor-element-c8c1a98 elementor-widget elementor-widget-spacer\" data-id=\"c8c1a98\" data-element_type=\"widget\" data-e-type=\"widget\" data-widget_type=\"spacer.default\">\n\t\t\t\t\t\t\t<div class=\"elementor-spacer\">\n\t\t\t<div class=\"elementor-spacer-inner\"><\/div>\n\t\t<\/div>\n\t\t\t\t\t\t<\/div>\n\t\t\t\t<div class=\"elementor-element elementor-element-b9a21b4 elementor-align-center elementor-widget elementor-widget-button\" data-id=\"b9a21b4\" data-element_type=\"widget\" data-e-type=\"widget\" data-widget_type=\"button.default\">\n\t\t\t\t\t\t\t\t\t\t<a class=\"elementor-button elementor-button-link elementor-size-sm\" href=\"https:\/\/curriculo.sedu.es.gov.br\/curriculo\/wp-content\/uploads\/2026\/02\/ALE-ORIENTACOES-CURRICULARES-1o-AO-5o-ANO.pdf\">\n\t\t\t\t\t\t<span class=\"elementor-button-content-wrapper\">\n\t\t\t\t\t\t\t\t\t<span class=\"elementor-button-text\">Orienta\u00e7\u00f5es Curriculares para o Aprofundamento em Leitura e Escrita (ALE): 1\u00ba ao 5\u00ba ano<\/span>\n\t\t\t\t\t<\/span>\n\t\t\t\t\t<\/a>\n\t\t\t\t\t\t\t\t<\/div>\n\t\t\t\t<div class=\"elementor-element elementor-element-5dc53b4 elementor-widget elementor-widget-spacer\" data-id=\"5dc53b4\" data-element_type=\"widget\" data-e-type=\"widget\" data-widget_type=\"spacer.default\">\n\t\t\t\t\t\t\t<div class=\"elementor-spacer\">\n\t\t\t<div class=\"elementor-spacer-inner\"><\/div>\n\t\t<\/div>\n\t\t\t\t\t\t<\/div>\n\t\t\t\t\t<\/div>\n\t\t\t\t<\/div>\n\t\t<div class=\"elementor-element elementor-element-20f1a690 e-con-full e-flex e-con e-child\" data-id=\"20f1a690\" data-element_type=\"container\" data-e-type=\"container\">\n\t\t\t\t<div class=\"elementor-element elementor-element-51fb0f45 elementor-view-stacked elementor-shape-circle elementor-widget elementor-widget-icon\" data-id=\"51fb0f45\" data-element_type=\"widget\" data-e-type=\"widget\" data-widget_type=\"icon.default\">\n\t\t\t\t\t\t\t<div class=\"elementor-icon-wrapper\">\n\t\t\t<a class=\"elementor-icon\" href=\"https:\/\/curriculo.sedu.es.gov.br\/curriculo\/inicial\">\n\t\t\t<svg aria-hidden=\"true\" class=\"e-font-icon-svg e-fas-undo\" viewBox=\"0 0 512 512\" xmlns=\"http:\/\/www.w3.org\/2000\/svg\"><path d=\"M212.333 224.333H12c-6.627 0-12-5.373-12-12V12C0 5.373 5.373 0 12 0h48c6.627 0 12 5.373 12 12v78.112C117.773 39.279 184.26 7.47 258.175 8.007c136.906.994 246.448 111.623 246.157 248.532C504.041 393.258 393.12 504 256.333 504c-64.089 0-122.496-24.313-166.51-64.215-5.099-4.622-5.334-12.554-.467-17.42l33.967-33.967c4.474-4.474 11.662-4.717 16.401-.525C170.76 415.336 211.58 432 256.333 432c97.268 0 176-78.716 176-176 0-97.267-78.716-176-176-176-58.496 0-110.28 28.476-142.274 72.333h98.274c6.627 0 12 5.373 12 12v48c0 6.627-5.373 12-12 12z\"><\/path><\/svg>\t\t\t<\/a>\n\t\t<\/div>\n\t\t\t\t\t\t<\/div>\n\t\t\t\t<\/div>\n\t\t<div class=\"elementor-element elementor-element-ef4d38c e-con-full e-flex e-con e-child\" data-id=\"ef4d38c\" data-element_type=\"container\" data-e-type=\"container\">\n\t\t\t\t<\/div>\n\t\t\t\t\t<\/div>\n\t\t\t\t<\/div>\n\t\t<div class=\"elementor-element elementor-element-17308d21 e-flex e-con-boxed e-con e-parent\" data-id=\"17308d21\" data-element_type=\"container\" data-e-type=\"container\">\n\t\t\t\t\t<div class=\"e-con-inner\">\n\t\t\t\t\t<\/div>\n\t\t\t\t<\/div>\n\t\t<div class=\"elementor-element elementor-element-92264bc e-flex e-con-boxed e-con e-parent\" data-id=\"92264bc\" data-element_type=\"container\" data-e-type=\"container\">\n\t\t\t\t\t<div class=\"e-con-inner\">\n\t\t\t\t\t<\/div>\n\t\t\t\t<\/div>\n\t\t\t\t<\/div>\n\t\t","protected":false},"excerpt":{"rendered":"<p>Caro(a) professor(a), O Aprofundamento em Leitura e Escrita \u2013 ALE objetiva promover pr\u00e1ticas liter\u00e1rias que contribuam para: desenvolver a cultura leitora; propiciar situa\u00e7\u00f5es de leitura pr\u00f3prias de atividades vivenciadas cotidianamente, pelos estudantes, fazendo o uso de suas informa\u00e7\u00f5es; ampliar os conhecimentos em leitura, a frui\u00e7\u00e3o e a produ\u00e7\u00e3o de textos diversos, representativos da diversidade cultural [&hellip;]<\/p>\n","protected":false},"author":1,"featured_media":0,"parent":0,"menu_order":0,"comment_status":"open","ping_status":"closed","template":"elementor_header_footer","meta":{"footnotes":""},"class_list":["post-32695","page","type-page","status-publish","hentry"],"_links":{"self":[{"href":"https:\/\/curriculo.sedu.es.gov.br\/curriculo\/wp-json\/wp\/v2\/pages\/32695","targetHints":{"allow":["GET"]}}],"collection":[{"href":"https:\/\/curriculo.sedu.es.gov.br\/curriculo\/wp-json\/wp\/v2\/pages"}],"about":[{"href":"https:\/\/curriculo.sedu.es.gov.br\/curriculo\/wp-json\/wp\/v2\/types\/page"}],"author":[{"embeddable":true,"href":"https:\/\/curriculo.sedu.es.gov.br\/curriculo\/wp-json\/wp\/v2\/users\/1"}],"replies":[{"embeddable":true,"href":"https:\/\/curriculo.sedu.es.gov.br\/curriculo\/wp-json\/wp\/v2\/comments?post=32695"}],"version-history":[{"count":20,"href":"https:\/\/curriculo.sedu.es.gov.br\/curriculo\/wp-json\/wp\/v2\/pages\/32695\/revisions"}],"predecessor-version":[{"id":34401,"href":"https:\/\/curriculo.sedu.es.gov.br\/curriculo\/wp-json\/wp\/v2\/pages\/32695\/revisions\/34401"}],"wp:attachment":[{"href":"https:\/\/curriculo.sedu.es.gov.br\/curriculo\/wp-json\/wp\/v2\/media?parent=32695"}],"curies":[{"name":"wp","href":"https:\/\/api.w.org\/{rel}","templated":true}]}}