{"id":34699,"date":"2026-03-16T14:41:55","date_gmt":"2026-03-16T17:41:55","guid":{"rendered":"https:\/\/curriculo.sedu.es.gov.br\/curriculo\/?page_id=34699"},"modified":"2026-03-19T13:31:43","modified_gmt":"2026-03-19T16:31:43","slug":"dialogos-2","status":"publish","type":"page","link":"https:\/\/curriculo.sedu.es.gov.br\/curriculo\/dialogos-2\/","title":{"rendered":"Revista Di\u00e1logos 2 Edi\u00e7\u00e3o"},"content":{"rendered":"\t\t<div data-elementor-type=\"wp-page\" data-elementor-id=\"34699\" class=\"elementor elementor-34699\" data-elementor-post-type=\"page\">\n\t\t\t\t<div class=\"elementor-element elementor-element-38d32bc e-flex e-con-boxed e-con e-parent\" data-id=\"38d32bc\" data-element_type=\"container\" data-e-type=\"container\">\n\t\t\t\t\t<div class=\"e-con-inner\">\n\t\t\t\t<div class=\"elementor-element elementor-element-6b09aca elementor-widget elementor-widget-html\" data-id=\"6b09aca\" data-element_type=\"widget\" data-e-type=\"widget\" data-widget_type=\"html.default\">\n\t\t\t\t\t<div class=\"_df_book df-lite\" id=\"df_34685\"  _slug=\"dialogos-2\" data-title=\"dialogos-2\" wpoptions=\"true\" thumb=\"https:\/\/curriculo.sedu.es.gov.br\/curriculo\/wp-content\/uploads\/2026\/03\/Revista-dialogos-2.png\" thumbtype=\"\" ><\/div><script class=\"df-shortcode-script\" nowprocket type=\"application\/javascript\">window.option_df_34685 = {\"outline\":[],\"backgroundColor\":\"#FFFFFF\",\"height\":\"2000\",\"viewerType\":\"flipbook\",\"autoEnableOutline\":\"false\",\"autoEnableThumbnail\":\"false\",\"overwritePDFOutline\":\"false\",\"enableDownload\":\"true\",\"backgroundImage\":\"https:\\\/\\\/curriculo.sedu.es.gov.br\\\/curriculo\\\/wp-content\\\/uploads\\\/2024\\\/09\\\/LOGO.png\",\"direction\":\"1\",\"pageSize\":\"0\",\"controlsPosition\":\"top\",\"source\":\"https:\\\/\\\/curriculo.sedu.es.gov.br\\\/curriculo\\\/wp-content\\\/uploads\\\/2026\\\/03\\\/REVISTA-DIALOGOS-ED-2.pdf\",\"wpOptions\":\"true\"}; if(window.DFLIP && window.DFLIP.parseBooks){window.DFLIP.parseBooks();}<\/script>\t\t\t\t<\/div>\n\t\t\t\t\t<\/div>\n\t\t\t\t<\/div>\n\t\t\t\t<\/div>\n\t\t","protected":false},"excerpt":{"rendered":"","protected":false},"author":1,"featured_media":0,"parent":0,"menu_order":0,"comment_status":"closed","ping_status":"closed","template":"","meta":{"footnotes":""},"class_list":["post-34699","page","type-page","status-publish","hentry"],"_links":{"self":[{"href":"https:\/\/curriculo.sedu.es.gov.br\/curriculo\/wp-json\/wp\/v2\/pages\/34699","targetHints":{"allow":["GET"]}}],"collection":[{"href":"https:\/\/curriculo.sedu.es.gov.br\/curriculo\/wp-json\/wp\/v2\/pages"}],"about":[{"href":"https:\/\/curriculo.sedu.es.gov.br\/curriculo\/wp-json\/wp\/v2\/types\/page"}],"author":[{"embeddable":true,"href":"https:\/\/curriculo.sedu.es.gov.br\/curriculo\/wp-json\/wp\/v2\/users\/1"}],"replies":[{"embeddable":true,"href":"https:\/\/curriculo.sedu.es.gov.br\/curriculo\/wp-json\/wp\/v2\/comments?post=34699"}],"version-history":[{"count":9,"href":"https:\/\/curriculo.sedu.es.gov.br\/curriculo\/wp-json\/wp\/v2\/pages\/34699\/revisions"}],"predecessor-version":[{"id":34812,"href":"https:\/\/curriculo.sedu.es.gov.br\/curriculo\/wp-json\/wp\/v2\/pages\/34699\/revisions\/34812"}],"wp:attachment":[{"href":"https:\/\/curriculo.sedu.es.gov.br\/curriculo\/wp-json\/wp\/v2\/media?parent=34699"}],"curies":[{"name":"wp","href":"https:\/\/api.w.org\/{rel}","templated":true}]}}